{"id":2867,"date":"2021-02-17T14:26:22","date_gmt":"2021-02-17T14:26:22","guid":{"rendered":"https:\/\/becreative.ee\/?post_type=product&#038;p=2867"},"modified":"2022-06-15T18:44:52","modified_gmt":"2022-06-15T18:44:52","slug":"long-papyrus","status":"publish","type":"product","link":"https:\/\/becreative.ee\/en\/product\/long-papyrus\/","title":{"rendered":"L\u00f5ng Papyrus"},"content":{"rendered":"<p>L\u00f5ng: 100% paber<\/p>\n<p>V\u00e4rv: erinevad v\u00e4rvid<\/p>\n<p>Varda suurus: 3,5 \u2013 5 mm<\/p>\n<p>Heegeln\u00f5ela suurus: 3,5 \u2013 5 mm<\/p>\n<p>Kaal: 100 g<\/p>\n<p>L\u00f5nga pikkus: 153 m<\/p>\n<p>&nbsp;<\/p>\n<p>Pesujuhised:<\/p>\n<p><img decoding=\"async\" class=\"alignnone size-full wp-image-298\" src=\"https:\/\/becreative.ee\/wp-content\/uploads\/2020\/03\/trummelkuivatus_keelatud.png\" alt=\"\" width=\"50\" height=\"50\" \/> <img decoding=\"async\" class=\"alignnone size-full wp-image-299\" src=\"https:\/\/becreative.ee\/wp-content\/uploads\/2020\/03\/valgendamine-keelatud.png\" alt=\"\" width=\"50\" height=\"50\" \/> <img decoding=\"async\" class=\"alignnone size-full wp-image-300\" src=\"https:\/\/becreative.ee\/wp-content\/uploads\/2020\/03\/pesumajale-antav-teave-pesuvahendi-kohta.png\" alt=\"\" width=\"50\" height=\"50\" \/> <img loading=\"lazy\" decoding=\"async\" class=\"alignnone size-full wp-image-1407\" src=\"https:\/\/becreative.ee\/wp-content\/uploads\/2020\/05\/triikimine_keelatud.png\" alt=\"\" width=\"50\" height=\"50\" \/> <img loading=\"lazy\" decoding=\"async\" class=\"alignnone size-full wp-image-2890\" src=\"https:\/\/becreative.ee\/wp-content\/uploads\/2021\/02\/pesemine_keelatud.png\" alt=\"\" width=\"50\" height=\"50\" srcset=\"https:\/\/becreative.ee\/wp-content\/uploads\/2021\/02\/pesemine_keelatud.png 50w, https:\/\/becreative.ee\/wp-content\/uploads\/2021\/02\/pesemine_keelatud-12x12.png 12w\" sizes=\"(max-width: 50px) 100vw, 50px\" \/><\/p>\n<p>&nbsp;<\/p>\n<p>Papyrus on imeline looduslik paberl\u00f5ng, mis t\u00e4nu uudsele tootmismeetodile on veekindel. L\u00f5ngast saab heegeldada v\u00f5i kududa m\u00fctse, k\u00fcbaraid, lauamatte, kotte, korve jne. Valminud eseme puhastamisel v\u00f5ib kasutada niisket lappi.<\/p>","protected":false},"excerpt":{"rendered":"<p>L\u00f5ng: 100% paber<\/p>\n<p>V\u00e4rv: erinevad v\u00e4rvid<\/p>\n<p>Varda suurus: 3,5 \u2013 5 mm<\/p>\n<p>Heegeln\u00f5ela suurus: 3,5 \u2013 5 mm<\/p>\n<p>Kaal: 100 g<\/p>\n<p>L\u00f5nga pikkus: 153 m<\/p>","protected":false},"featured_media":2880,"template":"","meta":[],"product_brand":[],"product_cat":[263,603,23,604],"product_tag":[],"class_list":{"0":"post-2867","1":"product","2":"type-product","3":"status-publish","4":"has-post-thumbnail","6":"product_cat-brandid","7":"product_cat-kremke","8":"product_cat-longad","9":"product_cat-paber","11":"first","12":"instock","13":"taxable","14":"shipping-taxable","15":"purchasable","16":"product-type-variable"},"jetpack_sharing_enabled":true,"_links":{"self":[{"href":"https:\/\/becreative.ee\/en\/wp-json\/wp\/v2\/product\/2867","targetHints":{"allow":["GET"]}}],"collection":[{"href":"https:\/\/becreative.ee\/en\/wp-json\/wp\/v2\/product"}],"about":[{"href":"https:\/\/becreative.ee\/en\/wp-json\/wp\/v2\/types\/product"}],"version-history":[{"count":2,"href":"https:\/\/becreative.ee\/en\/wp-json\/wp\/v2\/product\/2867\/revisions"}],"predecessor-version":[{"id":2905,"href":"https:\/\/becreative.ee\/en\/wp-json\/wp\/v2\/product\/2867\/revisions\/2905"}],"wp:featuredmedia":[{"embeddable":true,"href":"https:\/\/becreative.ee\/en\/wp-json\/wp\/v2\/media\/2880"}],"wp:attachment":[{"href":"https:\/\/becreative.ee\/en\/wp-json\/wp\/v2\/media?parent=2867"}],"wp:term":[{"taxonomy":"product_brand","embeddable":true,"href":"https:\/\/becreative.ee\/en\/wp-json\/wp\/v2\/product_brand?post=2867"},{"taxonomy":"product_cat","embeddable":true,"href":"https:\/\/becreative.ee\/en\/wp-json\/wp\/v2\/product_cat?post=2867"},{"taxonomy":"product_tag","embeddable":true,"href":"https:\/\/becreative.ee\/en\/wp-json\/wp\/v2\/product_tag?post=2867"}],"curies":[{"name":"wp","href":"https:\/\/api.w.org\/{rel}","templated":true}]}}