{"id":2870,"date":"2021-02-18T09:31:30","date_gmt":"2021-02-18T09:31:30","guid":{"rendered":"https:\/\/becreative.ee\/?post_type=product&#038;p=2870"},"modified":"2022-11-23T20:12:41","modified_gmt":"2022-11-23T20:12:41","slug":"long-babyalpaca","status":"publish","type":"product","link":"https:\/\/becreative.ee\/en\/product\/long-babyalpaca\/","title":{"rendered":"L\u00f5ng Babyalpaca"},"content":{"rendered":"<p>L\u00f5ng: 100% alpaka<\/p>\n<p>V\u00e4rv: erinevad v\u00e4rvid<\/p>\n<p>Varda suurus: 4 \u2013 5 mm<\/p>\n<p>Heegeln\u00f5ela suurus: 4 \u2013 5 mm<\/p>\n<p>Kaal: 50 g<\/p>\n<p>L\u00f5nga pikkus: 100 m<\/p>\n<p>\u00dche M suuruses naiste kampsuni kudumiseks kulub ligikaudu 450 g l\u00f5nga.<\/p>\n<p>&nbsp;<\/p>\n<p>Pesujuhised:<\/p>\n<p><img decoding=\"async\" class=\"alignnone size-full wp-image-879\" src=\"https:\/\/becreative.ee\/wp-content\/uploads\/2020\/04\/k\u00e4sitsipesu.png\" alt=\"\" width=\"50\" height=\"50\" \/> <img decoding=\"async\" class=\"alignnone size-full wp-image-299\" src=\"https:\/\/becreative.ee\/wp-content\/uploads\/2020\/03\/valgendamine-keelatud.png\" alt=\"\" width=\"50\" height=\"50\" \/> <img decoding=\"async\" class=\"alignnone size-full wp-image-298\" src=\"https:\/\/becreative.ee\/wp-content\/uploads\/2020\/03\/trummelkuivatus_keelatud.png\" alt=\"\" width=\"50\" height=\"50\" \/> <img loading=\"lazy\" decoding=\"async\" class=\"alignnone size-full wp-image-1014\" src=\"https:\/\/becreative.ee\/wp-content\/uploads\/2020\/04\/pesumajale_antav_teave_pesuvahendi_tekstiili_kohta.png\" alt=\"\" width=\"50\" height=\"50\" \/> <img loading=\"lazy\" decoding=\"async\" class=\"alignnone size-full wp-image-1015\" src=\"https:\/\/becreative.ee\/wp-content\/uploads\/2020\/04\/triikimine__tapp.png\" alt=\"\" width=\"50\" height=\"50\" \/><\/p>\n<p>&nbsp;<\/p>\n<p>See 100% alpakavillast l\u00f5ng on imeliselt pehme ja luksuslik. L\u00f5nga nimes ei t\u00e4henda Baby Alpaca mitte seda, et vill l\u00f5nga saamiseks on saadud pisikestelt alpakadelt, vaid on kategooria t\u00e4his, mis liigitab alpaka l\u00f5nga kiudude peensust. Antud l\u00f5ngal on n\u00e4itaja vaid 22 mikronit, mis muudab l\u00f5nga peaaegu sama pehmeks kui ka\u0161miir.<\/p>","protected":false},"excerpt":{"rendered":"<p>L\u00f5ng: 100% alpaka<\/p>\n<p>V\u00e4rv: erinevad v\u00e4rvid<\/p>\n<p>Varda suurus: 4 \u2013 5 mm<\/p>\n<p>Heegeln\u00f5ela suurus: 4 \u2013 5 mm<\/p>\n<p>Kaal: 50 g<\/p>\n<p>L\u00f5nga pikkus: 100 m<\/p>\n<p>\u00dche M suuruses naiste kampsuni kudumiseks kulub ligikaudu 450 g l\u00f5nga.<\/p>","protected":false},"featured_media":2914,"template":"","meta":[],"product_brand":[],"product_cat":[108,263,603,23],"product_tag":[],"class_list":{"0":"post-2870","1":"product","2":"type-product","3":"status-publish","4":"has-post-thumbnail","6":"product_cat-alpaka-long","7":"product_cat-brandid","8":"product_cat-kremke","9":"product_cat-longad","11":"first","12":"instock","13":"taxable","14":"shipping-taxable","15":"purchasable","16":"product-type-variable"},"jetpack_sharing_enabled":true,"_links":{"self":[{"href":"https:\/\/becreative.ee\/en\/wp-json\/wp\/v2\/product\/2870","targetHints":{"allow":["GET"]}}],"collection":[{"href":"https:\/\/becreative.ee\/en\/wp-json\/wp\/v2\/product"}],"about":[{"href":"https:\/\/becreative.ee\/en\/wp-json\/wp\/v2\/types\/product"}],"version-history":[{"count":3,"href":"https:\/\/becreative.ee\/en\/wp-json\/wp\/v2\/product\/2870\/revisions"}],"predecessor-version":[{"id":2909,"href":"https:\/\/becreative.ee\/en\/wp-json\/wp\/v2\/product\/2870\/revisions\/2909"}],"wp:featuredmedia":[{"embeddable":true,"href":"https:\/\/becreative.ee\/en\/wp-json\/wp\/v2\/media\/2914"}],"wp:attachment":[{"href":"https:\/\/becreative.ee\/en\/wp-json\/wp\/v2\/media?parent=2870"}],"wp:term":[{"taxonomy":"product_brand","embeddable":true,"href":"https:\/\/becreative.ee\/en\/wp-json\/wp\/v2\/product_brand?post=2870"},{"taxonomy":"product_cat","embeddable":true,"href":"https:\/\/becreative.ee\/en\/wp-json\/wp\/v2\/product_cat?post=2870"},{"taxonomy":"product_tag","embeddable":true,"href":"https:\/\/becreative.ee\/en\/wp-json\/wp\/v2\/product_tag?post=2870"}],"curies":[{"name":"wp","href":"https:\/\/api.w.org\/{rel}","templated":true}]}}