{"id":2920,"date":"2021-02-23T14:27:47","date_gmt":"2021-02-23T14:27:47","guid":{"rendered":"https:\/\/becreative.ee\/?post_type=product&#038;p=2920"},"modified":"2026-01-12T17:56:59","modified_gmt":"2026-01-12T17:56:59","slug":"long-drops-baby-merino","status":"publish","type":"product","link":"https:\/\/becreative.ee\/en\/product\/long-drops-baby-merino\/","title":{"rendered":"L\u00f5ng Drops Baby Merino"},"content":{"rendered":"<p>L\u00f5ng: 100% meriinovill<\/p>\n<p>V\u00e4rv: erinevad v\u00e4rvid<\/p>\n<p>Varda suurus: 3 mm<\/p>\n<p>Heegeln\u00f5ela suurus: 3 mm<\/p>\n<p>Kaal: 50 g<\/p>\n<p>L\u00f5nga pikkus: 175 m<\/p>\n<p>&nbsp;<\/p>\n<p>Pesujuhised:<\/p>\n<p><img decoding=\"async\" class=\"alignnone size-full wp-image-298\" src=\"https:\/\/becreative.ee\/wp-content\/uploads\/2020\/03\/trummelkuivatus_keelatud.png\" alt=\"\" width=\"50\" height=\"50\" \/> <img decoding=\"async\" class=\"alignnone size-full wp-image-299\" src=\"https:\/\/becreative.ee\/wp-content\/uploads\/2020\/03\/valgendamine-keelatud.png\" alt=\"\" width=\"50\" height=\"50\" \/> <img decoding=\"async\" class=\"alignnone size-full wp-image-302\" src=\"https:\/\/becreative.ee\/wp-content\/uploads\/2020\/03\/kuivatada_laotatult.png\" alt=\"\" width=\"50\" height=\"50\" \/> <img loading=\"lazy\" decoding=\"async\" class=\"alignnone size-full wp-image-301\" src=\"https:\/\/becreative.ee\/wp-content\/uploads\/2020\/03\/pesemine-40-kraadi-orn-pesu.png\" alt=\"\" width=\"50\" height=\"50\" \/> <img loading=\"lazy\" decoding=\"async\" class=\"alignnone size-full wp-image-1014\" src=\"https:\/\/becreative.ee\/wp-content\/uploads\/2020\/04\/pesumajale_antav_teave_pesuvahendi_tekstiili_kohta.png\" alt=\"\" width=\"50\" height=\"50\" \/> <img loading=\"lazy\" decoding=\"async\" class=\"alignnone size-full wp-image-1015\" src=\"https:\/\/becreative.ee\/wp-content\/uploads\/2020\/04\/triikimine__tapp.png\" alt=\"\" width=\"50\" height=\"50\" \/><\/p>\n<p>&nbsp;<\/p>\n<p>Selle l\u00f5nga tarvis on vill saadud L\u00f5una-Ameerikas vabapidamises olevatelt lammastelt. Soe, v\u00e4ga pehme ja mittetorkiv l\u00f5ng leiab kasutust v\u00e4ga paljudes erinevates kudumites ja t\u00e4nu neile omadustele sobib l\u00f5ng ka suurep\u00e4raselt beebide \u00f5rna nahaga. Lisaks on l\u00f5ngal Oeko-Tex sertifikaat (nr: 25.3.0110) Standard 100, Klass I, mis t\u00e4hendab, et l\u00f5nga v\u00f5ib kasutada beebir\u00f5ivaste valmistamisel. Valmistatud Euroopas.<\/p>","protected":false},"excerpt":{"rendered":"<p>L\u00f5ng: 100% meriinovill<\/p>\n<p>V\u00e4rv: erinevad v\u00e4rvid<\/p>\n<p>Varda suurus: 3 mm<\/p>\n<p>Heegeln\u00f5ela suurus: 3 mm<\/p>\n<p>Kaal: 50 g<\/p>\n<p>L\u00f5nga pikkus: 175 m<\/p>","protected":false},"featured_media":2940,"template":"","meta":[],"product_brand":[],"product_cat":[263,619,23,360],"product_tag":[],"class_list":{"0":"post-2920","1":"product","2":"type-product","3":"status-publish","4":"has-post-thumbnail","6":"product_cat-brandid","7":"product_cat-drops-design","8":"product_cat-longad","9":"product_cat-meriinovillast-long","11":"first","12":"instock","13":"taxable","14":"shipping-taxable","15":"purchasable","16":"product-type-variable"},"jetpack_sharing_enabled":true,"_links":{"self":[{"href":"https:\/\/becreative.ee\/en\/wp-json\/wp\/v2\/product\/2920","targetHints":{"allow":["GET"]}}],"collection":[{"href":"https:\/\/becreative.ee\/en\/wp-json\/wp\/v2\/product"}],"about":[{"href":"https:\/\/becreative.ee\/en\/wp-json\/wp\/v2\/types\/product"}],"version-history":[{"count":4,"href":"https:\/\/becreative.ee\/en\/wp-json\/wp\/v2\/product\/2920\/revisions"}],"predecessor-version":[{"id":7295,"href":"https:\/\/becreative.ee\/en\/wp-json\/wp\/v2\/product\/2920\/revisions\/7295"}],"wp:featuredmedia":[{"embeddable":true,"href":"https:\/\/becreative.ee\/en\/wp-json\/wp\/v2\/media\/2940"}],"wp:attachment":[{"href":"https:\/\/becreative.ee\/en\/wp-json\/wp\/v2\/media?parent=2920"}],"wp:term":[{"taxonomy":"product_brand","embeddable":true,"href":"https:\/\/becreative.ee\/en\/wp-json\/wp\/v2\/product_brand?post=2920"},{"taxonomy":"product_cat","embeddable":true,"href":"https:\/\/becreative.ee\/en\/wp-json\/wp\/v2\/product_cat?post=2920"},{"taxonomy":"product_tag","embeddable":true,"href":"https:\/\/becreative.ee\/en\/wp-json\/wp\/v2\/product_tag?post=2920"}],"curies":[{"name":"wp","href":"https:\/\/api.w.org\/{rel}","templated":true}]}}