{"id":2924,"date":"2021-02-24T17:13:50","date_gmt":"2021-02-24T17:13:50","guid":{"rendered":"https:\/\/becreative.ee\/?post_type=product&#038;p=2924"},"modified":"2024-11-19T11:37:45","modified_gmt":"2024-11-19T11:37:45","slug":"long-drops-lima","status":"publish","type":"product","link":"https:\/\/becreative.ee\/en\/product\/long-drops-lima\/","title":{"rendered":"L\u00f5ng Drops Lima"},"content":{"rendered":"<p>L\u00f5ng: 65% vill ja 35% alpaka<\/p>\n<p>V\u00e4rv: erinevad v\u00e4rvid<\/p>\n<p>Varda suurus: 4 mm<\/p>\n<p>Heegeln\u00f5ela suurus: 4 mm<\/p>\n<p>Kaal: 50 g<\/p>\n<p>L\u00f5nga pikkus: 100 m<\/p>\n<p>&nbsp;<\/p>\n<p>Pesujuhised:<\/p>\n<p><img decoding=\"async\" class=\"alignnone size-full wp-image-879\" src=\"https:\/\/becreative.ee\/wp-content\/uploads\/2020\/04\/k\u00e4sitsipesu.png\" alt=\"\" width=\"50\" height=\"50\" \/> <img decoding=\"async\" class=\"alignnone size-full wp-image-299\" src=\"https:\/\/becreative.ee\/wp-content\/uploads\/2020\/03\/valgendamine-keelatud.png\" alt=\"\" width=\"50\" height=\"50\" \/> <img decoding=\"async\" class=\"alignnone size-full wp-image-298\" src=\"https:\/\/becreative.ee\/wp-content\/uploads\/2020\/03\/trummelkuivatus_keelatud.png\" alt=\"\" width=\"50\" height=\"50\" \/> <img loading=\"lazy\" decoding=\"async\" class=\"alignnone size-full wp-image-302\" src=\"https:\/\/becreative.ee\/wp-content\/uploads\/2020\/03\/kuivatada_laotatult.png\" alt=\"\" width=\"50\" height=\"50\" \/> <img loading=\"lazy\" decoding=\"async\" class=\"alignnone size-full wp-image-1014\" src=\"https:\/\/becreative.ee\/wp-content\/uploads\/2020\/04\/pesumajale_antav_teave_pesuvahendi_tekstiili_kohta.png\" alt=\"\" width=\"50\" height=\"50\" \/> <img loading=\"lazy\" decoding=\"async\" class=\"alignnone size-full wp-image-1015\" src=\"https:\/\/becreative.ee\/wp-content\/uploads\/2020\/04\/triikimine__tapp.png\" alt=\"\" width=\"50\" height=\"50\" \/><\/p>\n<p>&nbsp;<\/p>\n<p>Lima l\u00f5ng on m\u00f5eldud v\u00e4lisr\u00f5ivaste valmistamiseks nagu n\u00e4iteks klassikalised Norra kampsunid. Samuti sobib l\u00f5ng suurep\u00e4raselt sokkide ja kinnaste kudumiseks. 4 kordseks kedratud l\u00f5ng sisaldab 65% Peruu m\u00e4gismaade loomadelt saadud villa ja 35% peenikest alpakavilla. L\u00f5ngas kasutatud villakiudusid ei ole keemiliselt t\u00f6\u00f6deldud. Valmistatud Peruus.<\/p>","protected":false},"excerpt":{"rendered":"<p>L\u00f5ng: 65% vill ja 35% alpaka<\/p>\n<p>V\u00e4rv: erinevad v\u00e4rvid<\/p>\n<p>Varda suurus: 4 mm<\/p>\n<p>Heegeln\u00f5ela suurus: 4 mm<\/p>\n<p>Kaal: 50 g<\/p>\n<p>L\u00f5nga pikkus: 100 m<\/p>","protected":false},"featured_media":2972,"template":"","meta":[],"product_brand":[],"product_cat":[108,263,619,23,60],"product_tag":[],"class_list":{"0":"post-2924","1":"product","2":"type-product","3":"status-publish","4":"has-post-thumbnail","6":"product_cat-alpaka-long","7":"product_cat-brandid","8":"product_cat-drops-design","9":"product_cat-longad","10":"product_cat-villane-long","12":"first","13":"instock","14":"taxable","15":"shipping-taxable","16":"purchasable","17":"product-type-variable"},"jetpack_sharing_enabled":true,"_links":{"self":[{"href":"https:\/\/becreative.ee\/en\/wp-json\/wp\/v2\/product\/2924","targetHints":{"allow":["GET"]}}],"collection":[{"href":"https:\/\/becreative.ee\/en\/wp-json\/wp\/v2\/product"}],"about":[{"href":"https:\/\/becreative.ee\/en\/wp-json\/wp\/v2\/types\/product"}],"version-history":[{"count":2,"href":"https:\/\/becreative.ee\/en\/wp-json\/wp\/v2\/product\/2924\/revisions"}],"predecessor-version":[{"id":2963,"href":"https:\/\/becreative.ee\/en\/wp-json\/wp\/v2\/product\/2924\/revisions\/2963"}],"wp:featuredmedia":[{"embeddable":true,"href":"https:\/\/becreative.ee\/en\/wp-json\/wp\/v2\/media\/2972"}],"wp:attachment":[{"href":"https:\/\/becreative.ee\/en\/wp-json\/wp\/v2\/media?parent=2924"}],"wp:term":[{"taxonomy":"product_brand","embeddable":true,"href":"https:\/\/becreative.ee\/en\/wp-json\/wp\/v2\/product_brand?post=2924"},{"taxonomy":"product_cat","embeddable":true,"href":"https:\/\/becreative.ee\/en\/wp-json\/wp\/v2\/product_cat?post=2924"},{"taxonomy":"product_tag","embeddable":true,"href":"https:\/\/becreative.ee\/en\/wp-json\/wp\/v2\/product_tag?post=2924"}],"curies":[{"name":"wp","href":"https:\/\/api.w.org\/{rel}","templated":true}]}}