{"id":2926,"date":"2021-02-25T11:35:33","date_gmt":"2021-02-25T11:35:33","guid":{"rendered":"https:\/\/becreative.ee\/?post_type=product&#038;p=2926"},"modified":"2025-10-09T17:15:04","modified_gmt":"2025-10-09T17:15:04","slug":"long-drops-merino-extra-fine","status":"publish","type":"product","link":"https:\/\/becreative.ee\/en\/product\/long-drops-merino-extra-fine\/","title":{"rendered":"L\u00f5ng Drops Merino Extra Fine"},"content":{"rendered":"<p>L\u00f5ng: 100% meriinovill<\/p>\n<p>V\u00e4rv: erinevad v\u00e4rvid<\/p>\n<p>Varda suurus: 4 mm<\/p>\n<p>Heegeln\u00f5ela suurus: 4 mm<\/p>\n<p>Kaal: 50 g<\/p>\n<p>L\u00f5nga pikkus: 105 m<\/p>\n<p>&nbsp;<\/p>\n<p>Pesujuhised:<\/p>\n<p><img decoding=\"async\" class=\"alignnone size-full wp-image-299\" src=\"https:\/\/becreative.ee\/wp-content\/uploads\/2020\/03\/valgendamine-keelatud.png\" alt=\"\" width=\"50\" height=\"50\" \/> <img decoding=\"async\" class=\"alignnone size-full wp-image-298\" src=\"https:\/\/becreative.ee\/wp-content\/uploads\/2020\/03\/trummelkuivatus_keelatud.png\" alt=\"\" width=\"50\" height=\"50\" \/> <img decoding=\"async\" class=\"alignnone size-full wp-image-302\" src=\"https:\/\/becreative.ee\/wp-content\/uploads\/2020\/03\/kuivatada_laotatult.png\" alt=\"\" width=\"50\" height=\"50\" \/> <img loading=\"lazy\" decoding=\"async\" class=\"alignnone size-full wp-image-301\" src=\"https:\/\/becreative.ee\/wp-content\/uploads\/2020\/03\/pesemine-40-kraadi-orn-pesu.png\" alt=\"\" width=\"50\" height=\"50\" \/> <img loading=\"lazy\" decoding=\"async\" class=\"alignnone size-full wp-image-1014\" src=\"https:\/\/becreative.ee\/wp-content\/uploads\/2020\/04\/pesumajale_antav_teave_pesuvahendi_tekstiili_kohta.png\" alt=\"\" width=\"50\" height=\"50\" \/> <img loading=\"lazy\" decoding=\"async\" class=\"alignnone size-full wp-image-1015\" src=\"https:\/\/becreative.ee\/wp-content\/uploads\/2020\/04\/triikimine__tapp.png\" alt=\"\" width=\"50\" height=\"50\" \/><\/p>\n<p>&nbsp;<\/p>\n<p>L\u00f5ng on kedratud peenest k\u00f5rgekvaliteediga meriinovillast, mis on saadud L\u00f5una-Ameerika vabapidamisel olevatelt lammastelt. Eriti sobib l\u00f5ng palmikute ja struktuursete mustrite tegemiseks. T\u00e4nu sellele, et l\u00f5ngast valmistatud esemed on masinpestavad, sobivad need igap\u00e4evaseks kasutamiseks. L\u00f5nga v\u00f5ib julgelt kasutada beebir\u00f5ivaste ja tekkide valmistamisel kuna l\u00f5ngal on Oeko-Tex\u00ae sertifikaat (number 25.3.0110), Standard 100, Klass I. Valmistatud Euroopas.<\/p>","protected":false},"excerpt":{"rendered":"<p>L\u00f5ng: 100% meriinovill<\/p>\n<p>V\u00e4rv: erinevad v\u00e4rvid<\/p>\n<p>Varda suurus: 4 mm<\/p>\n<p>Heegeln\u00f5ela suurus: 4 mm<\/p>\n<p>Kaal: 50 g<\/p>\n<p>L\u00f5nga pikkus: 105 m<\/p>","protected":false},"featured_media":3012,"template":"","meta":[],"product_brand":[],"product_cat":[263,619,23,360],"product_tag":[],"class_list":{"0":"post-2926","1":"product","2":"type-product","3":"status-publish","4":"has-post-thumbnail","6":"product_cat-brandid","7":"product_cat-drops-design","8":"product_cat-longad","9":"product_cat-meriinovillast-long","11":"first","12":"instock","13":"taxable","14":"shipping-taxable","15":"purchasable","16":"product-type-variable"},"jetpack_sharing_enabled":true,"_links":{"self":[{"href":"https:\/\/becreative.ee\/en\/wp-json\/wp\/v2\/product\/2926","targetHints":{"allow":["GET"]}}],"collection":[{"href":"https:\/\/becreative.ee\/en\/wp-json\/wp\/v2\/product"}],"about":[{"href":"https:\/\/becreative.ee\/en\/wp-json\/wp\/v2\/types\/product"}],"version-history":[{"count":3,"href":"https:\/\/becreative.ee\/en\/wp-json\/wp\/v2\/product\/2926\/revisions"}],"predecessor-version":[{"id":2929,"href":"https:\/\/becreative.ee\/en\/wp-json\/wp\/v2\/product\/2926\/revisions\/2929"}],"wp:featuredmedia":[{"embeddable":true,"href":"https:\/\/becreative.ee\/en\/wp-json\/wp\/v2\/media\/3012"}],"wp:attachment":[{"href":"https:\/\/becreative.ee\/en\/wp-json\/wp\/v2\/media?parent=2926"}],"wp:term":[{"taxonomy":"product_brand","embeddable":true,"href":"https:\/\/becreative.ee\/en\/wp-json\/wp\/v2\/product_brand?post=2926"},{"taxonomy":"product_cat","embeddable":true,"href":"https:\/\/becreative.ee\/en\/wp-json\/wp\/v2\/product_cat?post=2926"},{"taxonomy":"product_tag","embeddable":true,"href":"https:\/\/becreative.ee\/en\/wp-json\/wp\/v2\/product_tag?post=2926"}],"curies":[{"name":"wp","href":"https:\/\/api.w.org\/{rel}","templated":true}]}}