{"id":293,"date":"2020-03-30T20:00:01","date_gmt":"2020-03-30T20:00:01","guid":{"rendered":"https:\/\/becreative.ee\/?post_type=product&#038;p=293"},"modified":"2025-09-08T04:28:51","modified_gmt":"2025-09-08T04:28:51","slug":"long-catona-50g","status":"publish","type":"product","link":"https:\/\/becreative.ee\/en\/product\/long-catona-50g\/","title":{"rendered":"L\u00f5ng Catona 50g kollane ja pruun"},"content":{"rendered":"<p>L\u00f5ng: 100 % puuvill (merseriseeritud)<\/p>\n<p>V\u00e4rv: kollane ja pruun<\/p>\n<p>Varda suurus: 2,5 &#8211; 3,5 mm<\/p>\n<p>Heegeln\u00f5ela suurus: 2,5 &#8211; 3,5 mm<\/p>\n<p>Kaal: 50 g<\/p>\n<p>L\u00f5nga pikkus: 125 m<\/p>\n<p>&nbsp;<\/p>\n<p>Pesujuhised:<\/p>\n<p><img decoding=\"async\" class=\"alignnone size-full wp-image-297\" src=\"https:\/\/becreative.ee\/wp-content\/uploads\/2020\/03\/triikimine_2_tappi.png\" alt=\"\" width=\"50\" height=\"50\" \/> <img decoding=\"async\" class=\"alignnone size-full wp-image-298\" src=\"https:\/\/becreative.ee\/wp-content\/uploads\/2020\/03\/trummelkuivatus_keelatud.png\" alt=\"\" width=\"50\" height=\"50\" \/> <img decoding=\"async\" class=\"alignnone size-full wp-image-299\" src=\"https:\/\/becreative.ee\/wp-content\/uploads\/2020\/03\/valgendamine-keelatud.png\" alt=\"\" width=\"50\" height=\"50\" \/> <img loading=\"lazy\" decoding=\"async\" class=\"alignnone size-full wp-image-300\" src=\"https:\/\/becreative.ee\/wp-content\/uploads\/2020\/03\/pesumajale-antav-teave-pesuvahendi-kohta.png\" alt=\"\" width=\"50\" height=\"50\" \/> <img loading=\"lazy\" decoding=\"async\" class=\"alignnone size-full wp-image-301\" src=\"https:\/\/becreative.ee\/wp-content\/uploads\/2020\/03\/pesemine-40-kraadi-orn-pesu.png\" alt=\"\" width=\"50\" height=\"50\" \/> <img loading=\"lazy\" decoding=\"async\" class=\"alignnone size-full wp-image-302\" src=\"https:\/\/becreative.ee\/wp-content\/uploads\/2020\/03\/kuivatada_laotatult.png\" alt=\"\" width=\"50\" height=\"50\" \/><\/p>\n<p>&nbsp;<\/p>\n<p>Catona on v\u00e4ga hea l\u00f5ng just m\u00e4nguasjade valmistamiseks. Seda eelk\u00f5ige p\u00f5hjusel, et valikus on kokku lausa 109 erinevat v\u00e4rvitooni ja saadaval on lisaks teistele suurustele pisikesed 10 g tokid. Kui m\u00e4nguasjade valmistamise soov puudub, siis puuvillane l\u00f5ng on suurep\u00e4rane materjal r\u00f5ivaste valmistamiseks. Puuvillased riided on samaaegselt jahutavad ja soojendavad ning sobivad eriti tundliku nahat\u00fc\u00fcbiga inimestele, kuna puuvillane l\u00f5ng ei aja s\u00fcgelema.<\/p>","protected":false},"excerpt":{"rendered":"<p>L\u00f5ng: 100 % puuvill (merseriseeritud)<\/p>\n<p>V\u00e4rv: kollane ja pruun<\/p>\n<p>Varda suurus: 2,5 &#8211; 3,5 mm<\/p>\n<p>Heegeln\u00f5ela suurus: 2,5 &#8211; 3,5 mm<\/p>\n<p>Kaal: 50 g<\/p>\n<p>L\u00f5nga pikkus: 125 m<\/p>","protected":false},"featured_media":939,"template":"","meta":[],"product_brand":[],"product_cat":[263,23,41,264],"product_tag":[24],"class_list":{"0":"post-293","1":"product","2":"type-product","3":"status-publish","4":"has-post-thumbnail","6":"product_cat-brandid","7":"product_cat-longad","8":"product_cat-puuvillane-long","9":"product_cat-scheepjes","10":"product_tag-long","12":"first","13":"instock","14":"taxable","15":"shipping-taxable","16":"purchasable","17":"product-type-variable","18":"has-default-attributes"},"jetpack_sharing_enabled":true,"_links":{"self":[{"href":"https:\/\/becreative.ee\/en\/wp-json\/wp\/v2\/product\/293","targetHints":{"allow":["GET"]}}],"collection":[{"href":"https:\/\/becreative.ee\/en\/wp-json\/wp\/v2\/product"}],"about":[{"href":"https:\/\/becreative.ee\/en\/wp-json\/wp\/v2\/types\/product"}],"version-history":[{"count":5,"href":"https:\/\/becreative.ee\/en\/wp-json\/wp\/v2\/product\/293\/revisions"}],"predecessor-version":[{"id":7031,"href":"https:\/\/becreative.ee\/en\/wp-json\/wp\/v2\/product\/293\/revisions\/7031"}],"wp:featuredmedia":[{"embeddable":true,"href":"https:\/\/becreative.ee\/en\/wp-json\/wp\/v2\/media\/939"}],"wp:attachment":[{"href":"https:\/\/becreative.ee\/en\/wp-json\/wp\/v2\/media?parent=293"}],"wp:term":[{"taxonomy":"product_brand","embeddable":true,"href":"https:\/\/becreative.ee\/en\/wp-json\/wp\/v2\/product_brand?post=293"},{"taxonomy":"product_cat","embeddable":true,"href":"https:\/\/becreative.ee\/en\/wp-json\/wp\/v2\/product_cat?post=293"},{"taxonomy":"product_tag","embeddable":true,"href":"https:\/\/becreative.ee\/en\/wp-json\/wp\/v2\/product_tag?post=293"}],"curies":[{"name":"wp","href":"https:\/\/api.w.org\/{rel}","templated":true}]}}