{"id":2955,"date":"2021-02-23T15:25:57","date_gmt":"2021-02-23T15:25:57","guid":{"rendered":"https:\/\/becreative.ee\/?post_type=product&#038;p=2955"},"modified":"2022-12-20T10:53:35","modified_gmt":"2022-12-20T10:53:35","slug":"long-drops-brushed-alpaca-silk","status":"publish","type":"product","link":"https:\/\/becreative.ee\/en\/product\/long-drops-brushed-alpaca-silk\/","title":{"rendered":"L\u00f5ng Drops Brushed Alpaca Silk"},"content":{"rendered":"<p>L\u00f5ng: 77% alpaka ja 23% siid<\/p>\n<p>V\u00e4rv: erinevad v\u00e4rvid<\/p>\n<p>Varda suurus: 5 mm<\/p>\n<p>Heegeln\u00f5ela suurus: 5 mm<\/p>\n<p>Kaal: 25 g<\/p>\n<p>L\u00f5nga pikkus: 140 m<\/p>\n<p>&nbsp;<\/p>\n<p>Pesujuhised:<\/p>\n<p><img decoding=\"async\" class=\"alignnone size-full wp-image-298\" src=\"https:\/\/becreative.ee\/wp-content\/uploads\/2020\/03\/trummelkuivatus_keelatud.png\" alt=\"\" width=\"50\" height=\"50\" \/> <img decoding=\"async\" class=\"alignnone size-full wp-image-302\" src=\"https:\/\/becreative.ee\/wp-content\/uploads\/2020\/03\/kuivatada_laotatult.png\" alt=\"\" width=\"50\" height=\"50\" \/> <img decoding=\"async\" class=\"alignnone size-full wp-image-300\" src=\"https:\/\/becreative.ee\/wp-content\/uploads\/2020\/03\/pesumajale-antav-teave-pesuvahendi-kohta.png\" alt=\"\" width=\"50\" height=\"50\" \/> <img loading=\"lazy\" decoding=\"async\" class=\"alignnone size-full wp-image-299\" src=\"https:\/\/becreative.ee\/wp-content\/uploads\/2020\/03\/valgendamine-keelatud.png\" alt=\"\" width=\"50\" height=\"50\" \/> <img loading=\"lazy\" decoding=\"async\" class=\"alignnone size-full wp-image-879\" src=\"https:\/\/becreative.ee\/wp-content\/uploads\/2020\/04\/k\u00e4sitsipesu.png\" alt=\"\" width=\"50\" height=\"50\" \/> <img loading=\"lazy\" decoding=\"async\" class=\"alignnone size-full wp-image-1407\" src=\"https:\/\/becreative.ee\/wp-content\/uploads\/2020\/05\/triikimine_keelatud.png\" alt=\"\" width=\"50\" height=\"50\" \/><\/p>\n<p>&nbsp;<\/p>\n<p>See luksuslik l\u00f5ng on kerge ja ootamatult soe. Valmistatud pehmest alpaka villast ja peenest l\u00e4ikivast siidist. L\u00f5ng sobib suurep\u00e4raselt kampsunite, r\u00e4ttide ja ka pisemate esemete kudumiseks. V\u00e4ga huvitavaid tulemusi saab, kui l\u00f5nga kasutada koos teiste l\u00f5ngadega.<\/p>","protected":false},"excerpt":{"rendered":"<p>L\u00f5ng: 77% alpaka ja 23% siid<\/p>\n<p>V\u00e4rv: erinevad v\u00e4rvid<\/p>\n<p>Varda suurus: 5 mm<\/p>\n<p>Heegeln\u00f5ela suurus: 5 mm<\/p>\n<p>Kaal: 25 g<\/p>\n<p>L\u00f5nga pikkus: 140 m<\/p>","protected":false},"featured_media":2958,"template":"","meta":[],"product_brand":[],"product_cat":[108,263,619,23,636],"product_tag":[],"class_list":{"0":"post-2955","1":"product","2":"type-product","3":"status-publish","4":"has-post-thumbnail","6":"product_cat-alpaka-long","7":"product_cat-brandid","8":"product_cat-drops-design","9":"product_cat-longad","10":"product_cat-siid","12":"first","13":"instock","14":"taxable","15":"shipping-taxable","16":"purchasable","17":"product-type-variable"},"jetpack_sharing_enabled":true,"_links":{"self":[{"href":"https:\/\/becreative.ee\/en\/wp-json\/wp\/v2\/product\/2955","targetHints":{"allow":["GET"]}}],"collection":[{"href":"https:\/\/becreative.ee\/en\/wp-json\/wp\/v2\/product"}],"about":[{"href":"https:\/\/becreative.ee\/en\/wp-json\/wp\/v2\/types\/product"}],"version-history":[{"count":1,"href":"https:\/\/becreative.ee\/en\/wp-json\/wp\/v2\/product\/2955\/revisions"}],"predecessor-version":[{"id":2956,"href":"https:\/\/becreative.ee\/en\/wp-json\/wp\/v2\/product\/2955\/revisions\/2956"}],"wp:featuredmedia":[{"embeddable":true,"href":"https:\/\/becreative.ee\/en\/wp-json\/wp\/v2\/media\/2958"}],"wp:attachment":[{"href":"https:\/\/becreative.ee\/en\/wp-json\/wp\/v2\/media?parent=2955"}],"wp:term":[{"taxonomy":"product_brand","embeddable":true,"href":"https:\/\/becreative.ee\/en\/wp-json\/wp\/v2\/product_brand?post=2955"},{"taxonomy":"product_cat","embeddable":true,"href":"https:\/\/becreative.ee\/en\/wp-json\/wp\/v2\/product_cat?post=2955"},{"taxonomy":"product_tag","embeddable":true,"href":"https:\/\/becreative.ee\/en\/wp-json\/wp\/v2\/product_tag?post=2955"}],"curies":[{"name":"wp","href":"https:\/\/api.w.org\/{rel}","templated":true}]}}