{"id":2965,"date":"2021-02-25T19:58:24","date_gmt":"2021-02-25T19:58:24","guid":{"rendered":"https:\/\/becreative.ee\/?post_type=product&#038;p=2965"},"modified":"2025-11-10T14:01:16","modified_gmt":"2025-11-10T14:01:16","slug":"long-drops-flora","status":"publish","type":"product","link":"https:\/\/becreative.ee\/en\/product\/long-drops-flora\/","title":{"rendered":"L\u00f5ng Drops Flora"},"content":{"rendered":"<p>L\u00f5ng: 65% vill ja 35% alpaka<\/p>\n<p>V\u00e4rv: erinevad v\u00e4rvid<\/p>\n<p>Varda suurus: 3 mm<\/p>\n<p>Heegeln\u00f5ela suurus: 3 mm<\/p>\n<p>Kaal: 50 g<\/p>\n<p>L\u00f5nga pikkus: 230 m<\/p>\n<p>&nbsp;<\/p>\n<p>Pesujuhised:<\/p>\n<p><img decoding=\"async\" class=\"alignnone size-full wp-image-302\" src=\"https:\/\/becreative.ee\/wp-content\/uploads\/2020\/03\/kuivatada_laotatult.png\" alt=\"\" width=\"50\" height=\"50\" \/> <img decoding=\"async\" class=\"alignnone size-full wp-image-298\" src=\"https:\/\/becreative.ee\/wp-content\/uploads\/2020\/03\/trummelkuivatus_keelatud.png\" alt=\"\" width=\"50\" height=\"50\" \/> <img decoding=\"async\" class=\"alignnone size-full wp-image-299\" src=\"https:\/\/becreative.ee\/wp-content\/uploads\/2020\/03\/valgendamine-keelatud.png\" alt=\"\" width=\"50\" height=\"50\" \/> <img loading=\"lazy\" decoding=\"async\" class=\"alignnone size-full wp-image-879\" src=\"https:\/\/becreative.ee\/wp-content\/uploads\/2020\/04\/k\u00e4sitsipesu.png\" alt=\"\" width=\"50\" height=\"50\" \/> <img loading=\"lazy\" decoding=\"async\" class=\"alignnone size-full wp-image-1014\" src=\"https:\/\/becreative.ee\/wp-content\/uploads\/2020\/04\/pesumajale_antav_teave_pesuvahendi_tekstiili_kohta.png\" alt=\"\" width=\"50\" height=\"50\" \/> <img loading=\"lazy\" decoding=\"async\" class=\"alignnone size-full wp-image-1015\" src=\"https:\/\/becreative.ee\/wp-content\/uploads\/2020\/04\/triikimine__tapp.png\" alt=\"\" width=\"50\" height=\"50\" \/><\/p>\n<p>&nbsp;<\/p>\n<p>Flora l\u00f5ng on soe ja h\u00e4sti vormihoidev. L\u00f5ng sobib suurep\u00e4raselt mitmev\u00e4rviliste mustrite loomiseks. Olgu siis tegu kampsunite, tekkide, kinnaste v\u00f5i sokkidega. L\u00f5ng koosneb 35% peenekiulisest alpaka villast ja 65% Peruu m\u00e4gismaadel elavate lammaste villast. Valmistatud Peruus.<\/p>","protected":false},"excerpt":{"rendered":"<p>L\u00f5ng: 65% vill ja 35% alpaka<\/p>\n<p>V\u00e4rv: erinevad v\u00e4rvid<\/p>\n<p>Varda suurus: 3 mm<\/p>\n<p>Heegeln\u00f5ela suurus: 3 mm<\/p>\n<p>Kaal: 50 g<\/p>\n<p>L\u00f5nga pikkus: 230 m<\/p>\n<p>&nbsp;<\/p>","protected":false},"featured_media":3050,"template":"","meta":[],"product_brand":[],"product_cat":[108,263,619,23,60],"product_tag":[],"class_list":{"0":"post-2965","1":"product","2":"type-product","3":"status-publish","4":"has-post-thumbnail","6":"product_cat-alpaka-long","7":"product_cat-brandid","8":"product_cat-drops-design","9":"product_cat-longad","10":"product_cat-villane-long","12":"first","13":"instock","14":"taxable","15":"shipping-taxable","16":"purchasable","17":"product-type-variable"},"jetpack_sharing_enabled":true,"_links":{"self":[{"href":"https:\/\/becreative.ee\/en\/wp-json\/wp\/v2\/product\/2965","targetHints":{"allow":["GET"]}}],"collection":[{"href":"https:\/\/becreative.ee\/en\/wp-json\/wp\/v2\/product"}],"about":[{"href":"https:\/\/becreative.ee\/en\/wp-json\/wp\/v2\/types\/product"}],"version-history":[{"count":3,"href":"https:\/\/becreative.ee\/en\/wp-json\/wp\/v2\/product\/2965\/revisions"}],"predecessor-version":[{"id":3071,"href":"https:\/\/becreative.ee\/en\/wp-json\/wp\/v2\/product\/2965\/revisions\/3071"}],"wp:featuredmedia":[{"embeddable":true,"href":"https:\/\/becreative.ee\/en\/wp-json\/wp\/v2\/media\/3050"}],"wp:attachment":[{"href":"https:\/\/becreative.ee\/en\/wp-json\/wp\/v2\/media?parent=2965"}],"wp:term":[{"taxonomy":"product_brand","embeddable":true,"href":"https:\/\/becreative.ee\/en\/wp-json\/wp\/v2\/product_brand?post=2965"},{"taxonomy":"product_cat","embeddable":true,"href":"https:\/\/becreative.ee\/en\/wp-json\/wp\/v2\/product_cat?post=2965"},{"taxonomy":"product_tag","embeddable":true,"href":"https:\/\/becreative.ee\/en\/wp-json\/wp\/v2\/product_tag?post=2965"}],"curies":[{"name":"wp","href":"https:\/\/api.w.org\/{rel}","templated":true}]}}