{"id":2968,"date":"2021-02-25T12:06:40","date_gmt":"2021-02-25T12:06:40","guid":{"rendered":"https:\/\/becreative.ee\/?post_type=product&#038;p=2968"},"modified":"2023-05-04T18:27:05","modified_gmt":"2023-05-04T18:27:05","slug":"long-drops-belle","status":"publish","type":"product","link":"https:\/\/becreative.ee\/en\/product\/long-drops-belle\/","title":{"rendered":"L\u00f5ng Drops Belle"},"content":{"rendered":"<p>L\u00f5ng: 53% puuvill, 33% viskoos ja 14% lina<\/p>\n<p>V\u00e4rv: erinevad v\u00e4rvid<\/p>\n<p>Varda suurus: 4 mm<\/p>\n<p>Heegeln\u00f5ela suurus: 4 mm<\/p>\n<p>Kaal: 50 g<\/p>\n<p>L\u00f5nga pikkus: 120 m<\/p>\n<p>&nbsp;<\/p>\n<p>Pesujuhised:<\/p>\n<p><img decoding=\"async\" class=\"alignnone size-full wp-image-299\" src=\"https:\/\/becreative.ee\/wp-content\/uploads\/2020\/03\/valgendamine-keelatud.png\" alt=\"\" width=\"50\" height=\"50\" \/> <img decoding=\"async\" class=\"alignnone size-full wp-image-298\" src=\"https:\/\/becreative.ee\/wp-content\/uploads\/2020\/03\/trummelkuivatus_keelatud.png\" alt=\"\" width=\"50\" height=\"50\" \/> <img decoding=\"async\" class=\"alignnone size-full wp-image-302\" src=\"https:\/\/becreative.ee\/wp-content\/uploads\/2020\/03\/kuivatada_laotatult.png\" alt=\"\" width=\"50\" height=\"50\" \/> <img loading=\"lazy\" decoding=\"async\" class=\"alignnone size-full wp-image-1014\" src=\"https:\/\/becreative.ee\/wp-content\/uploads\/2020\/04\/pesumajale_antav_teave_pesuvahendi_tekstiili_kohta.png\" alt=\"\" width=\"50\" height=\"50\" \/> <img loading=\"lazy\" decoding=\"async\" class=\"alignnone size-full wp-image-1407\" src=\"https:\/\/becreative.ee\/wp-content\/uploads\/2020\/05\/triikimine_keelatud.png\" alt=\"\" width=\"50\" height=\"50\" \/> <img loading=\"lazy\" decoding=\"async\" class=\"alignnone size-full wp-image-2224\" src=\"https:\/\/becreative.ee\/wp-content\/uploads\/2020\/09\/pesemine_30-kraadi_orn_pesu.png\" alt=\"\" width=\"50\" height=\"50\" \/><\/p>\n<p>&nbsp;<\/p>\n<p>Kui hakkad kuduma v\u00f5i heegeldama riideid suveks on l\u00f5ng Belle just see \u00f5ige. L\u00f5ng laseb h\u00e4sti l\u00e4bi \u00f5hku on \u00f5rna tekstuuriga ja sobib suurep\u00e4raselt vastu nahka. L\u00f5ngal on Oeko-Tex\u00ae sertifikaat ja seega sobib l\u00f5ng beebir\u00f5ivaste valmistamiseks. Valmistatud Euroopas.<\/p>","protected":false},"excerpt":{"rendered":"<p>L\u00f5ng: 53% puuvill, 33% viskoos ja 14% lina<\/p>\n<p>V\u00e4rv: erinevad v\u00e4rvid<\/p>\n<p>Varda suurus: 4 mm<\/p>\n<p>Heegeln\u00f5ela suurus: 4 mm<\/p>\n<p>Kaal: 50 g<\/p>\n<p>L\u00f5nga pikkus: 120 m<\/p>","protected":false},"featured_media":3042,"template":"","meta":[],"product_brand":[],"product_cat":[263,619,61,23,41,468],"product_tag":[],"class_list":{"0":"post-2968","1":"product","2":"type-product","3":"status-publish","4":"has-post-thumbnail","6":"product_cat-brandid","7":"product_cat-drops-design","8":"product_cat-linane-long","9":"product_cat-longad","10":"product_cat-puuvillane-long","11":"product_cat-viskoos","13":"first","14":"instock","15":"taxable","16":"shipping-taxable","17":"purchasable","18":"product-type-variable"},"jetpack_sharing_enabled":true,"_links":{"self":[{"href":"https:\/\/becreative.ee\/en\/wp-json\/wp\/v2\/product\/2968","targetHints":{"allow":["GET"]}}],"collection":[{"href":"https:\/\/becreative.ee\/en\/wp-json\/wp\/v2\/product"}],"about":[{"href":"https:\/\/becreative.ee\/en\/wp-json\/wp\/v2\/types\/product"}],"version-history":[{"count":1,"href":"https:\/\/becreative.ee\/en\/wp-json\/wp\/v2\/product\/2968\/revisions"}],"predecessor-version":[{"id":2969,"href":"https:\/\/becreative.ee\/en\/wp-json\/wp\/v2\/product\/2968\/revisions\/2969"}],"wp:featuredmedia":[{"embeddable":true,"href":"https:\/\/becreative.ee\/en\/wp-json\/wp\/v2\/media\/3042"}],"wp:attachment":[{"href":"https:\/\/becreative.ee\/en\/wp-json\/wp\/v2\/media?parent=2968"}],"wp:term":[{"taxonomy":"product_brand","embeddable":true,"href":"https:\/\/becreative.ee\/en\/wp-json\/wp\/v2\/product_brand?post=2968"},{"taxonomy":"product_cat","embeddable":true,"href":"https:\/\/becreative.ee\/en\/wp-json\/wp\/v2\/product_cat?post=2968"},{"taxonomy":"product_tag","embeddable":true,"href":"https:\/\/becreative.ee\/en\/wp-json\/wp\/v2\/product_tag?post=2968"}],"curies":[{"name":"wp","href":"https:\/\/api.w.org\/{rel}","templated":true}]}}