{"id":3134,"date":"2021-03-05T08:21:59","date_gmt":"2021-03-05T08:21:59","guid":{"rendered":"https:\/\/becreative.ee\/?post_type=product&#038;p=3134"},"modified":"2023-12-10T21:48:31","modified_gmt":"2023-12-10T21:48:31","slug":"meriinovillast-tikkimislong-au-ver-a-soie","status":"publish","type":"product","link":"https:\/\/becreative.ee\/en\/product\/meriinovillast-tikkimislong-au-ver-a-soie\/","title":{"rendered":"Meriinovillast tikkimisl\u00f5ng Au Ver A Soie"},"content":{"rendered":"<p>Au Ver Soie on 100% meriinovillast tikkimisl\u00f5ng, mis sobib erinevateks tikanditeks, olgu siis tegu muhutikandiga v\u00f5i ristpistes tikandiga. Lisaks sobib l\u00f5ngaga tikkida erinevate esemete peale nagu sokid, kindad, kampsunid, m\u00fctsid jne. Samuti on l\u00f5ng ideaalne tikkimiseks meie kaupluses m\u00fc\u00fcdavate vineerist aluste peale. \u00dches tokis on neli peenikest 8m pikkust l\u00f5nga, kokku 32 m.<\/p>","protected":false},"excerpt":{"rendered":"<p>Au Ver Soie on 100% meriinovillast tikkimisl\u00f5ng, mis sobib erinevateks tikanditeks, olgu siis tegu muhutikandiga v\u00f5i ristpistes tikandiga. Lisaks sobib l\u00f5ngaga tikkida erinevate esemete peale nagu sokid, kindad, kampsunid, m\u00fctsid jne. Samuti on l\u00f5ng ideaalne tikkimiseks meie kaupluses m\u00fc\u00fcdavate vineerist aluste peale. \u00dches tokis on neli peenikest 8m pikkust l\u00f5nga, kokku 32m.<\/p>","protected":false},"featured_media":3161,"template":"","meta":[],"product_brand":[],"product_cat":[714,263,23,360,772],"product_tag":[],"class_list":{"0":"post-3134","1":"product","2":"type-product","3":"status-publish","4":"has-post-thumbnail","6":"product_cat-au-ver-a-soie","7":"product_cat-brandid","8":"product_cat-longad","9":"product_cat-meriinovillast-long","10":"product_cat-tikkimine","12":"first","13":"instock","14":"taxable","15":"shipping-taxable","16":"purchasable","17":"product-type-variable"},"jetpack_sharing_enabled":true,"_links":{"self":[{"href":"https:\/\/becreative.ee\/en\/wp-json\/wp\/v2\/product\/3134","targetHints":{"allow":["GET"]}}],"collection":[{"href":"https:\/\/becreative.ee\/en\/wp-json\/wp\/v2\/product"}],"about":[{"href":"https:\/\/becreative.ee\/en\/wp-json\/wp\/v2\/types\/product"}],"version-history":[{"count":5,"href":"https:\/\/becreative.ee\/en\/wp-json\/wp\/v2\/product\/3134\/revisions"}],"predecessor-version":[{"id":3252,"href":"https:\/\/becreative.ee\/en\/wp-json\/wp\/v2\/product\/3134\/revisions\/3252"}],"wp:featuredmedia":[{"embeddable":true,"href":"https:\/\/becreative.ee\/en\/wp-json\/wp\/v2\/media\/3161"}],"wp:attachment":[{"href":"https:\/\/becreative.ee\/en\/wp-json\/wp\/v2\/media?parent=3134"}],"wp:term":[{"taxonomy":"product_brand","embeddable":true,"href":"https:\/\/becreative.ee\/en\/wp-json\/wp\/v2\/product_brand?post=3134"},{"taxonomy":"product_cat","embeddable":true,"href":"https:\/\/becreative.ee\/en\/wp-json\/wp\/v2\/product_cat?post=3134"},{"taxonomy":"product_tag","embeddable":true,"href":"https:\/\/becreative.ee\/en\/wp-json\/wp\/v2\/product_tag?post=3134"}],"curies":[{"name":"wp","href":"https:\/\/api.w.org\/{rel}","templated":true}]}}