{"id":3273,"date":"2021-03-18T10:51:03","date_gmt":"2021-03-18T10:51:03","guid":{"rendered":"https:\/\/becreative.ee\/?post_type=product&#038;p=3273"},"modified":"2024-06-10T11:49:01","modified_gmt":"2024-06-10T11:49:01","slug":"prym-noelte-komplekt-23-26mm","status":"publish","type":"product","link":"https:\/\/becreative.ee\/en\/product\/prym-noelte-komplekt-23-26mm\/","title":{"rendered":"Prym n\u00f5elte komplekt 23-26mm"},"content":{"rendered":"<p>K\u00e4ep\u00e4rases pakendis n\u00f5elte komplektis on kokku 20 erim\u00f5\u00f5dulist n\u00f5ela. Eriti peenest metallist n\u00f5elad on paindlikud, kuid samas v\u00e4ga vastupidavad. N\u00f5elte otsi on n\u00f5ela teravuse saavutamiseks mitu korda poleeritud.<\/p>\n<p>Suurused: 0,53 x 23\/26mm ning 0,60 x 23\/26mm.<\/p>\n<p>&nbsp;<\/p>","protected":false},"excerpt":{"rendered":"<p>K\u00e4ep\u00e4rases pakendis n\u00f5elte komplektis on kokku 20 erim\u00f5\u00f5dulist n\u00f5ela. Eriti peenest metallist n\u00f5elad on paindlikud, kuid samas v\u00e4ga vastupidavad. N\u00f5elte otsi on n\u00f5ela teravuse saavutamiseks mitu korda poleeritud.<\/p>\n<p>Suurused: 0,53 x 23\/26mm ning 0,60 x 23\/26mm.<\/p>","protected":false},"featured_media":3274,"template":"","meta":[],"product_brand":[],"product_cat":[263,279,940,786,932,272],"product_tag":[],"class_list":{"0":"post-3273","1":"product","2":"type-product","3":"status-publish","4":"has-post-thumbnail","6":"product_cat-brandid","7":"product_cat-kasitooks-vajalik","8":"product_cat-noelad","9":"product_cat-noelad-materjalid","10":"product_cat-omblemine","11":"product_cat-prym","13":"first","14":"instock","15":"taxable","16":"shipping-taxable","17":"purchasable","18":"product-type-simple"},"jetpack_sharing_enabled":true,"_links":{"self":[{"href":"https:\/\/becreative.ee\/en\/wp-json\/wp\/v2\/product\/3273","targetHints":{"allow":["GET"]}}],"collection":[{"href":"https:\/\/becreative.ee\/en\/wp-json\/wp\/v2\/product"}],"about":[{"href":"https:\/\/becreative.ee\/en\/wp-json\/wp\/v2\/types\/product"}],"version-history":[{"count":1,"href":"https:\/\/becreative.ee\/en\/wp-json\/wp\/v2\/product\/3273\/revisions"}],"predecessor-version":[{"id":3276,"href":"https:\/\/becreative.ee\/en\/wp-json\/wp\/v2\/product\/3273\/revisions\/3276"}],"wp:featuredmedia":[{"embeddable":true,"href":"https:\/\/becreative.ee\/en\/wp-json\/wp\/v2\/media\/3274"}],"wp:attachment":[{"href":"https:\/\/becreative.ee\/en\/wp-json\/wp\/v2\/media?parent=3273"}],"wp:term":[{"taxonomy":"product_brand","embeddable":true,"href":"https:\/\/becreative.ee\/en\/wp-json\/wp\/v2\/product_brand?post=3273"},{"taxonomy":"product_cat","embeddable":true,"href":"https:\/\/becreative.ee\/en\/wp-json\/wp\/v2\/product_cat?post=3273"},{"taxonomy":"product_tag","embeddable":true,"href":"https:\/\/becreative.ee\/en\/wp-json\/wp\/v2\/product_tag?post=3273"}],"curies":[{"name":"wp","href":"https:\/\/api.w.org\/{rel}","templated":true}]}}