{"id":3277,"date":"2021-03-18T10:46:24","date_gmt":"2021-03-18T10:46:24","guid":{"rendered":"https:\/\/becreative.ee\/?post_type=product&#038;p=3277"},"modified":"2024-02-02T06:31:36","modified_gmt":"2024-02-02T06:31:36","slug":"plastikust-poolid-tikkimisniidi-hoiustamiseks","status":"publish","type":"product","link":"https:\/\/becreative.ee\/en\/product\/plastikust-poolid-tikkimisniidi-hoiustamiseks\/","title":{"rendered":"Plastikust poolid tikkimisniidi hoiustamiseks"},"content":{"rendered":"<p>Plastikust poolid on suurep\u00e4rane abivahend tikimisniitide ja -l\u00f5ngade korrastamiseks. Kerige l\u00f5ng \u00fcmber pooli ja kinnitage ots pooli alumises servas oleva ava vahele. Vajadusel on v\u00f5imalik poolile kirjutada v\u00f5i kleepida l\u00f5nga v\u00e4rvi number v\u00f5i nimi. Kui poolid paigaldada selleks etten\u00e4htud kasti on olemasolevate l\u00f5ngade \u00fclevaade t\u00e4iuslik.<\/p>\n<p>Pakendis on 30 pooli.<\/p>","protected":false},"excerpt":{"rendered":"<p>Plastikust poolid on suurep\u00e4rane abivahend tikimisniitide ja -l\u00f5ngade korrastamiseks. Kerige l\u00f5ng \u00fcmber pooli ja kinnitage ots pooli alumises servas oleva ava vahele. Vajadusel on v\u00f5imalik poolile kirjutada v\u00f5i kleepida l\u00f5nga v\u00e4rvi number v\u00f5i nimi. Kui poolid paigaldada selleks etten\u00e4htud kasti on olemasolevate l\u00f5ngade \u00fclevaade t\u00e4iuslik.<\/p>\n<p>Pakendis on 30 pooli.<\/p>","protected":false},"featured_media":3278,"template":"","meta":[],"product_brand":[],"product_cat":[263,780,272,772],"product_tag":[],"class_list":{"0":"post-3277","1":"product","2":"type-product","3":"status-publish","4":"has-post-thumbnail","6":"product_cat-brandid","7":"product_cat-hoiustamine","8":"product_cat-prym","9":"product_cat-tikkimine","11":"first","12":"instock","13":"taxable","14":"shipping-taxable","15":"purchasable","16":"product-type-simple"},"jetpack_sharing_enabled":true,"_links":{"self":[{"href":"https:\/\/becreative.ee\/en\/wp-json\/wp\/v2\/product\/3277","targetHints":{"allow":["GET"]}}],"collection":[{"href":"https:\/\/becreative.ee\/en\/wp-json\/wp\/v2\/product"}],"about":[{"href":"https:\/\/becreative.ee\/en\/wp-json\/wp\/v2\/types\/product"}],"version-history":[{"count":1,"href":"https:\/\/becreative.ee\/en\/wp-json\/wp\/v2\/product\/3277\/revisions"}],"predecessor-version":[{"id":3280,"href":"https:\/\/becreative.ee\/en\/wp-json\/wp\/v2\/product\/3277\/revisions\/3280"}],"wp:featuredmedia":[{"embeddable":true,"href":"https:\/\/becreative.ee\/en\/wp-json\/wp\/v2\/media\/3278"}],"wp:attachment":[{"href":"https:\/\/becreative.ee\/en\/wp-json\/wp\/v2\/media?parent=3277"}],"wp:term":[{"taxonomy":"product_brand","embeddable":true,"href":"https:\/\/becreative.ee\/en\/wp-json\/wp\/v2\/product_brand?post=3277"},{"taxonomy":"product_cat","embeddable":true,"href":"https:\/\/becreative.ee\/en\/wp-json\/wp\/v2\/product_cat?post=3277"},{"taxonomy":"product_tag","embeddable":true,"href":"https:\/\/becreative.ee\/en\/wp-json\/wp\/v2\/product_tag?post=3277"}],"curies":[{"name":"wp","href":"https:\/\/api.w.org\/{rel}","templated":true}]}}