{"id":3281,"date":"2021-03-18T10:54:56","date_gmt":"2021-03-18T10:54:56","guid":{"rendered":"https:\/\/becreative.ee\/?post_type=product&#038;p=3281"},"modified":"2024-10-12T12:24:20","modified_gmt":"2024-10-12T12:24:20","slug":"plastikust-noelte-komplekt","status":"publish","type":"product","link":"https:\/\/becreative.ee\/en\/product\/plastikust-noelte-komplekt\/","title":{"rendered":"Plastikust n\u00f5elte komplekt"},"content":{"rendered":"<p>Komplekti kuulub kolm plastn\u00f5ela, mis on m\u00f5eldud kootud v\u00f5i heegeldatud esemete osade \u00f5mblemiseks. N\u00f5elad on valmistatud tugevast ent paindlikust plastikust. Komplektis oleval hallil n\u00f5elal on painutatud ots, mis h\u00f5lbustab silmuste t\u00f5stmist kangastelgedega t\u00f6\u00f6tamisel. Teiste n\u00f5elte otsad on \u00fcmarad ja sobivad erinevaks t\u00f6\u00f6ks l\u00f5ngaga.<\/p>","protected":false},"excerpt":{"rendered":"<p>Komplekti kuulub kolm plastn\u00f5ela, mis on m\u00f5eldud kootud v\u00f5i heegeldatud esemete osade \u00f5mblemiseks. N\u00f5elad on valmistatud tugevast ent paindlikust plastikust. Komplektis oleval hallil n\u00f5elal on painutatud ots, mis h\u00f5lbustab silmuste t\u00f5stmist kangastelgedega t\u00f6\u00f6tamisel. Teiste n\u00f5elte otsad on \u00fcmarad ja sobivad erinevaks t\u00f6\u00f6ks l\u00f5ngaga.<\/p>","protected":false},"featured_media":3282,"template":"","meta":[],"product_brand":[],"product_cat":[263,783,785,279,782,784,786,272],"product_tag":[],"class_list":{"0":"post-3281","1":"product","2":"type-product","3":"status-publish","4":"has-post-thumbnail","6":"product_cat-brandid","7":"product_cat-heegeldamine","8":"product_cat-heegeldamise-abivahendid","9":"product_cat-kasitooks-vajalik","10":"product_cat-kudumine","11":"product_cat-kudumise-abivahendid","12":"product_cat-noelad-materjalid","13":"product_cat-prym","15":"first","16":"instock","17":"taxable","18":"shipping-taxable","19":"purchasable","20":"product-type-simple"},"jetpack_sharing_enabled":true,"_links":{"self":[{"href":"https:\/\/becreative.ee\/en\/wp-json\/wp\/v2\/product\/3281","targetHints":{"allow":["GET"]}}],"collection":[{"href":"https:\/\/becreative.ee\/en\/wp-json\/wp\/v2\/product"}],"about":[{"href":"https:\/\/becreative.ee\/en\/wp-json\/wp\/v2\/types\/product"}],"version-history":[{"count":1,"href":"https:\/\/becreative.ee\/en\/wp-json\/wp\/v2\/product\/3281\/revisions"}],"predecessor-version":[{"id":3284,"href":"https:\/\/becreative.ee\/en\/wp-json\/wp\/v2\/product\/3281\/revisions\/3284"}],"wp:featuredmedia":[{"embeddable":true,"href":"https:\/\/becreative.ee\/en\/wp-json\/wp\/v2\/media\/3282"}],"wp:attachment":[{"href":"https:\/\/becreative.ee\/en\/wp-json\/wp\/v2\/media?parent=3281"}],"wp:term":[{"taxonomy":"product_brand","embeddable":true,"href":"https:\/\/becreative.ee\/en\/wp-json\/wp\/v2\/product_brand?post=3281"},{"taxonomy":"product_cat","embeddable":true,"href":"https:\/\/becreative.ee\/en\/wp-json\/wp\/v2\/product_cat?post=3281"},{"taxonomy":"product_tag","embeddable":true,"href":"https:\/\/becreative.ee\/en\/wp-json\/wp\/v2\/product_tag?post=3281"}],"curies":[{"name":"wp","href":"https:\/\/api.w.org\/{rel}","templated":true}]}}