{"id":3291,"date":"2021-03-18T10:18:19","date_gmt":"2021-03-18T10:18:19","guid":{"rendered":"https:\/\/becreative.ee\/?post_type=product&#038;p=3291"},"modified":"2022-12-08T14:38:05","modified_gmt":"2022-12-08T14:38:05","slug":"prym-tikkimisraam-19cm","status":"publish","type":"product","link":"https:\/\/becreative.ee\/en\/product\/prym-tikkimisraam-19cm\/","title":{"rendered":"Prym tikkimisraam 19cm"},"content":{"rendered":"<p>Tikkimisraam on abiks erinevatel tikkimist\u00f6\u00f6del, kuid j\u00e4rjest rohkem kasutatakse seda ka valmis tikkimist\u00f6\u00f6 raamina. Kanga paigaldamine p\u00f6\u00f6gist valmistatud raamile on kerge ning raami pinget saab reguleerida mugava messingust kruvi abil.<\/p>\n<p>Diameeter 19cm.<\/p>","protected":false},"excerpt":{"rendered":"<p>Tikkimisraam on abiks erinevatel tikkimist\u00f6\u00f6del, kuid j\u00e4rjest rohkem kasutatakse seda ka valmis tikkimist\u00f6\u00f6 raamina. Kanga paigaldamine p\u00f6\u00f6gist valmistatud raamile on kerge ning raami pinget saab reguleerida mugava messingust kruvi abil.<\/p>\n<p>Diameeter 19cm.<\/p>","protected":false},"featured_media":3292,"template":"","meta":[],"product_brand":[],"product_cat":[263,272,772,773],"product_tag":[],"class_list":{"0":"post-3291","1":"product","2":"type-product","3":"status-publish","4":"has-post-thumbnail","6":"product_cat-brandid","7":"product_cat-prym","8":"product_cat-tikkimine","9":"product_cat-tikkimisraam","11":"first","12":"instock","13":"taxable","14":"shipping-taxable","15":"purchasable","16":"product-type-simple"},"jetpack_sharing_enabled":true,"_links":{"self":[{"href":"https:\/\/becreative.ee\/en\/wp-json\/wp\/v2\/product\/3291","targetHints":{"allow":["GET"]}}],"collection":[{"href":"https:\/\/becreative.ee\/en\/wp-json\/wp\/v2\/product"}],"about":[{"href":"https:\/\/becreative.ee\/en\/wp-json\/wp\/v2\/types\/product"}],"version-history":[{"count":1,"href":"https:\/\/becreative.ee\/en\/wp-json\/wp\/v2\/product\/3291\/revisions"}],"predecessor-version":[{"id":3293,"href":"https:\/\/becreative.ee\/en\/wp-json\/wp\/v2\/product\/3291\/revisions\/3293"}],"wp:featuredmedia":[{"embeddable":true,"href":"https:\/\/becreative.ee\/en\/wp-json\/wp\/v2\/media\/3292"}],"wp:attachment":[{"href":"https:\/\/becreative.ee\/en\/wp-json\/wp\/v2\/media?parent=3291"}],"wp:term":[{"taxonomy":"product_brand","embeddable":true,"href":"https:\/\/becreative.ee\/en\/wp-json\/wp\/v2\/product_brand?post=3291"},{"taxonomy":"product_cat","embeddable":true,"href":"https:\/\/becreative.ee\/en\/wp-json\/wp\/v2\/product_cat?post=3291"},{"taxonomy":"product_tag","embeddable":true,"href":"https:\/\/becreative.ee\/en\/wp-json\/wp\/v2\/product_tag?post=3291"}],"curies":[{"name":"wp","href":"https:\/\/api.w.org\/{rel}","templated":true}]}}