{"id":3297,"date":"2021-03-18T10:14:27","date_gmt":"2021-03-18T10:14:27","guid":{"rendered":"https:\/\/becreative.ee\/?post_type=product&#038;p=3297"},"modified":"2021-07-27T13:52:32","modified_gmt":"2021-07-27T13:52:32","slug":"prym-tikkimisraam-25cm","status":"publish","type":"product","link":"https:\/\/becreative.ee\/en\/product\/prym-tikkimisraam-25cm\/","title":{"rendered":"Prym tikkimisraam 25cm"},"content":{"rendered":"<p>Tikkimisraam on abiks erinevatel tikkimist\u00f6\u00f6del, kuid j\u00e4rjest rohkem kasutatakse seda ka valmis tikkimist\u00f6\u00f6 raamina. Kanga paigaldamine p\u00f6\u00f6gist valmistatud raamile on kerge ning raami pinget saab reguleerida mugava messingust kruvi abil.<\/p>\n<p>Diameeter 25cm.<\/p>","protected":false},"excerpt":{"rendered":"<p>Tikkimisraam on abiks erinevatel tikkimist\u00f6\u00f6del, kuid j\u00e4rjest rohkem kasutatakse seda ka valmis tikkimist\u00f6\u00f6 raamina. Kanga paigaldamine p\u00f6\u00f6gist valmistatud raamile on kerge ning raami pinget saab reguleerida mugava messingust kruvi abil.<\/p>\n<p>Diameeter 25cm.<\/p>","protected":false},"featured_media":3298,"template":"","meta":[],"product_brand":[],"product_cat":[263,272,772,773],"product_tag":[],"class_list":{"0":"post-3297","1":"product","2":"type-product","3":"status-publish","4":"has-post-thumbnail","6":"product_cat-brandid","7":"product_cat-prym","8":"product_cat-tikkimine","9":"product_cat-tikkimisraam","11":"first","12":"instock","13":"taxable","14":"shipping-taxable","15":"purchasable","16":"product-type-simple"},"jetpack_sharing_enabled":true,"_links":{"self":[{"href":"https:\/\/becreative.ee\/en\/wp-json\/wp\/v2\/product\/3297","targetHints":{"allow":["GET"]}}],"collection":[{"href":"https:\/\/becreative.ee\/en\/wp-json\/wp\/v2\/product"}],"about":[{"href":"https:\/\/becreative.ee\/en\/wp-json\/wp\/v2\/types\/product"}],"version-history":[{"count":1,"href":"https:\/\/becreative.ee\/en\/wp-json\/wp\/v2\/product\/3297\/revisions"}],"predecessor-version":[{"id":3299,"href":"https:\/\/becreative.ee\/en\/wp-json\/wp\/v2\/product\/3297\/revisions\/3299"}],"wp:featuredmedia":[{"embeddable":true,"href":"https:\/\/becreative.ee\/en\/wp-json\/wp\/v2\/media\/3298"}],"wp:attachment":[{"href":"https:\/\/becreative.ee\/en\/wp-json\/wp\/v2\/media?parent=3297"}],"wp:term":[{"taxonomy":"product_brand","embeddable":true,"href":"https:\/\/becreative.ee\/en\/wp-json\/wp\/v2\/product_brand?post=3297"},{"taxonomy":"product_cat","embeddable":true,"href":"https:\/\/becreative.ee\/en\/wp-json\/wp\/v2\/product_cat?post=3297"},{"taxonomy":"product_tag","embeddable":true,"href":"https:\/\/becreative.ee\/en\/wp-json\/wp\/v2\/product_tag?post=3297"}],"curies":[{"name":"wp","href":"https:\/\/api.w.org\/{rel}","templated":true}]}}