{"id":3301,"date":"2021-03-18T10:58:52","date_gmt":"2021-03-18T10:58:52","guid":{"rendered":"https:\/\/becreative.ee\/?post_type=product&#038;p=3301"},"modified":"2026-04-17T07:54:10","modified_gmt":"2026-04-17T07:54:10","slug":"noelad-riidele-tikkimiseks-nr-7","status":"publish","type":"product","link":"https:\/\/becreative.ee\/en\/product\/noelad-riidele-tikkimiseks-nr-7\/","title":{"rendered":"N\u00f5elad riidele tikkimiseks nr. 7"},"content":{"rendered":"<p>Pikkade kuldsete silmadega n\u00f5elad on m\u00f5eldud paksemate ja peenemate l\u00f5ngadega riidele tikkimiseks. N\u00f5elad sobivad h\u00e4sti ka \u00fcldiseks \u00f5mblust\u00f6\u00f6ks. Pakendis on kokku 16 n\u00f5ela. N\u00f5ela pikkus on 38mm ja l\u00e4bim\u00f5\u00f5t 0,70mm.<\/p>","protected":false},"excerpt":{"rendered":"<p>Pikkade kuldsete silmadega n\u00f5elad on m\u00f5eldud paksemate ja peenemate l\u00f5ngadega riidele tikkimiseks. N\u00f5elad sobivad h\u00e4sti ka \u00fcldiseks \u00f5mblust\u00f6\u00f6ks. Pakendis on kokku 16 n\u00f5ela. N\u00f5ela pikkus on 38mm ja l\u00e4bim\u00f5\u00f5t 0,70mm.<\/p>","protected":false},"featured_media":3302,"template":"","meta":[],"product_brand":[],"product_cat":[263,279,774,786,272,772,1211],"product_tag":[],"class_list":{"0":"post-3301","1":"product","2":"type-product","3":"status-publish","4":"has-post-thumbnail","6":"product_cat-brandid","7":"product_cat-kasitooks-vajalik","8":"product_cat-noelad-tikkimine","9":"product_cat-noelad-materjalid","10":"product_cat-prym","11":"product_cat-tikkimine","12":"product_cat-waldorfnuku-materjalid","14":"first","15":"instock","16":"taxable","17":"shipping-taxable","18":"purchasable","19":"product-type-simple"},"jetpack_sharing_enabled":true,"_links":{"self":[{"href":"https:\/\/becreative.ee\/en\/wp-json\/wp\/v2\/product\/3301","targetHints":{"allow":["GET"]}}],"collection":[{"href":"https:\/\/becreative.ee\/en\/wp-json\/wp\/v2\/product"}],"about":[{"href":"https:\/\/becreative.ee\/en\/wp-json\/wp\/v2\/types\/product"}],"version-history":[{"count":1,"href":"https:\/\/becreative.ee\/en\/wp-json\/wp\/v2\/product\/3301\/revisions"}],"predecessor-version":[{"id":3303,"href":"https:\/\/becreative.ee\/en\/wp-json\/wp\/v2\/product\/3301\/revisions\/3303"}],"wp:featuredmedia":[{"embeddable":true,"href":"https:\/\/becreative.ee\/en\/wp-json\/wp\/v2\/media\/3302"}],"wp:attachment":[{"href":"https:\/\/becreative.ee\/en\/wp-json\/wp\/v2\/media?parent=3301"}],"wp:term":[{"taxonomy":"product_brand","embeddable":true,"href":"https:\/\/becreative.ee\/en\/wp-json\/wp\/v2\/product_brand?post=3301"},{"taxonomy":"product_cat","embeddable":true,"href":"https:\/\/becreative.ee\/en\/wp-json\/wp\/v2\/product_cat?post=3301"},{"taxonomy":"product_tag","embeddable":true,"href":"https:\/\/becreative.ee\/en\/wp-json\/wp\/v2\/product_tag?post=3301"}],"curies":[{"name":"wp","href":"https:\/\/api.w.org\/{rel}","templated":true}]}}