{"id":3308,"date":"2021-03-18T10:38:18","date_gmt":"2021-03-18T10:38:18","guid":{"rendered":"https:\/\/becreative.ee\/?post_type=product&#038;p=3308"},"modified":"2024-10-03T09:27:41","modified_gmt":"2024-10-03T09:27:41","slug":"prym-realoendur","status":"publish","type":"product","link":"https:\/\/becreative.ee\/en\/product\/prym-realoendur\/","title":{"rendered":"Prym realoendur"},"content":{"rendered":"<p>See pisikene abivahend v\u00f5ib teie aega tohutul hulgal kokku hoida. Tihti mustrite j\u00e4rgi kudumisel kaob ridade arv peale pausi k\u00e4est ja siis tuleb silmuseid j\u00e4lgides \u00f5ige koht j\u00e4lle \u00fcles otsida. Realoenduriga saate kerge vaevata lisada t\u00e4pse rea numbri, mis hetkel k\u00e4sil ja otsimisele kuluva aja saate veeta kududes.<\/p>","protected":false},"excerpt":{"rendered":"<p>See pisikene abivahend v\u00f5ib teie aega tohutul hulgal kokku hoida. Tihti mustrite j\u00e4rgi kudumisel kaob ridade arv peale pausi k\u00e4est ja siis tuleb silmuseid j\u00e4lgides \u00f5ige koht j\u00e4lle \u00fcles otsida. Realoenduriga saate kerge vaevata lisada t\u00e4pse rea numbri, mis hetkel k\u00e4sil ja otsimisele kuluva aja saate veeta kududes.<\/p>","protected":false},"featured_media":3309,"template":"","meta":[],"product_brand":[],"product_cat":[263,783,785,782,784,272],"product_tag":[],"class_list":{"0":"post-3308","1":"product","2":"type-product","3":"status-publish","4":"has-post-thumbnail","6":"product_cat-brandid","7":"product_cat-heegeldamine","8":"product_cat-heegeldamise-abivahendid","9":"product_cat-kudumine","10":"product_cat-kudumise-abivahendid","11":"product_cat-prym","13":"first","14":"instock","15":"taxable","16":"shipping-taxable","17":"purchasable","18":"product-type-simple"},"jetpack_sharing_enabled":true,"_links":{"self":[{"href":"https:\/\/becreative.ee\/en\/wp-json\/wp\/v2\/product\/3308","targetHints":{"allow":["GET"]}}],"collection":[{"href":"https:\/\/becreative.ee\/en\/wp-json\/wp\/v2\/product"}],"about":[{"href":"https:\/\/becreative.ee\/en\/wp-json\/wp\/v2\/types\/product"}],"version-history":[{"count":1,"href":"https:\/\/becreative.ee\/en\/wp-json\/wp\/v2\/product\/3308\/revisions"}],"predecessor-version":[{"id":3311,"href":"https:\/\/becreative.ee\/en\/wp-json\/wp\/v2\/product\/3308\/revisions\/3311"}],"wp:featuredmedia":[{"embeddable":true,"href":"https:\/\/becreative.ee\/en\/wp-json\/wp\/v2\/media\/3309"}],"wp:attachment":[{"href":"https:\/\/becreative.ee\/en\/wp-json\/wp\/v2\/media?parent=3308"}],"wp:term":[{"taxonomy":"product_brand","embeddable":true,"href":"https:\/\/becreative.ee\/en\/wp-json\/wp\/v2\/product_brand?post=3308"},{"taxonomy":"product_cat","embeddable":true,"href":"https:\/\/becreative.ee\/en\/wp-json\/wp\/v2\/product_cat?post=3308"},{"taxonomy":"product_tag","embeddable":true,"href":"https:\/\/becreative.ee\/en\/wp-json\/wp\/v2\/product_tag?post=3308"}],"curies":[{"name":"wp","href":"https:\/\/api.w.org\/{rel}","templated":true}]}}