{"id":3315,"date":"2021-03-18T10:31:23","date_gmt":"2021-03-18T10:31:23","guid":{"rendered":"https:\/\/becreative.ee\/?post_type=product&#038;p=3315"},"modified":"2024-10-12T12:26:07","modified_gmt":"2024-10-12T12:26:07","slug":"lilla-tekstiilimarker","status":"publish","type":"product","link":"https:\/\/becreative.ee\/en\/product\/lilla-tekstiilimarker\/","title":{"rendered":"Lilla tekstiilimarker"},"content":{"rendered":"<p>Tekstiilimarkeriga on \u00fclimalt lihtne joonistada kangale mustrit v\u00f5i muid vajalikke m\u00e4rgiseid. Kogu v\u00f5lu peitub selles, et \u00fchel hetkel on kogu markeering kadunud ja kangas j\u00e4lle puhas. Alles j\u00e4\u00e4b vaid tehtud t\u00f6\u00f6 ilma \u00fcleliigsete joonteta. Enne kasutamist proovige markerit kangat\u00fckil. Markerit tuleks hoiustada p\u00fcstises asendis otsik \u00fcleval.<\/p>\n<p>Markeri v\u00e4rv: lilla.<\/p>","protected":false},"excerpt":{"rendered":"<p>Tekstiilimarkeriga on \u00fclimalt lihtne joonistada kangale mustrit v\u00f5i muid vajalikke m\u00e4rgiseid. Kogu v\u00f5lu peitub selles, et \u00fchel hetkel on kogu markeering kadunud ja kangas j\u00e4lle puhas. Alles j\u00e4\u00e4b vaid tehtud t\u00f6\u00f6 ilma \u00fcleliigsete joonteta. Enne kasutamist proovige markerit kangat\u00fckil. Markerit tuleks hoiustada p\u00fcstises asendis otsik \u00fcleval.<\/p>\n<p>Markeri v\u00e4rv: lilla.<\/p>","protected":false},"featured_media":3316,"template":"","meta":[],"product_brand":[],"product_cat":[263,279,17,775,1190,932,272,1211],"product_tag":[],"class_list":{"0":"post-3315","1":"product","2":"type-product","3":"status-publish","4":"has-post-thumbnail","6":"product_cat-brandid","7":"product_cat-kasitooks-vajalik","8":"product_cat-manguasjadevalmistamine","9":"product_cat-markerid-materjalid","10":"product_cat-markevahendid","11":"product_cat-omblemine","12":"product_cat-prym","13":"product_cat-waldorfnuku-materjalid","15":"first","16":"instock","17":"taxable","18":"shipping-taxable","19":"purchasable","20":"product-type-simple"},"jetpack_sharing_enabled":true,"_links":{"self":[{"href":"https:\/\/becreative.ee\/en\/wp-json\/wp\/v2\/product\/3315","targetHints":{"allow":["GET"]}}],"collection":[{"href":"https:\/\/becreative.ee\/en\/wp-json\/wp\/v2\/product"}],"about":[{"href":"https:\/\/becreative.ee\/en\/wp-json\/wp\/v2\/types\/product"}],"version-history":[{"count":1,"href":"https:\/\/becreative.ee\/en\/wp-json\/wp\/v2\/product\/3315\/revisions"}],"predecessor-version":[{"id":3317,"href":"https:\/\/becreative.ee\/en\/wp-json\/wp\/v2\/product\/3315\/revisions\/3317"}],"wp:featuredmedia":[{"embeddable":true,"href":"https:\/\/becreative.ee\/en\/wp-json\/wp\/v2\/media\/3316"}],"wp:attachment":[{"href":"https:\/\/becreative.ee\/en\/wp-json\/wp\/v2\/media?parent=3315"}],"wp:term":[{"taxonomy":"product_brand","embeddable":true,"href":"https:\/\/becreative.ee\/en\/wp-json\/wp\/v2\/product_brand?post=3315"},{"taxonomy":"product_cat","embeddable":true,"href":"https:\/\/becreative.ee\/en\/wp-json\/wp\/v2\/product_cat?post=3315"},{"taxonomy":"product_tag","embeddable":true,"href":"https:\/\/becreative.ee\/en\/wp-json\/wp\/v2\/product_tag?post=3315"}],"curies":[{"name":"wp","href":"https:\/\/api.w.org\/{rel}","templated":true}]}}