{"id":3318,"date":"2021-03-18T11:23:59","date_gmt":"2021-03-18T11:23:59","guid":{"rendered":"https:\/\/becreative.ee\/?post_type=product&#038;p=3318"},"modified":"2024-11-11T21:38:51","modified_gmt":"2024-11-11T21:38:51","slug":"magnetplaat-mustrite-hoidmiseks","status":"publish","type":"product","link":"https:\/\/becreative.ee\/en\/product\/magnetplaat-mustrite-hoidmiseks\/","title":{"rendered":"Magnetplaat mustrite hoidmiseks"},"content":{"rendered":"<p>Magnetplaat on hea abivahend mustritega (heegeldamine, kudumine, tikkimine) t\u00f6\u00f6tamisel. Kinnitage muster magnetriba abil alusele ning j\u00e4rjehoidjat kasutades saate h\u00f5lpsasti j\u00e4lgida, millist rida hetkel teete. Komplektis on 8 magnetriba kolmes erinevas pikkuses. Tahvli suurus on 31 x 20cm.<\/p>","protected":false},"excerpt":{"rendered":"<p>Magnetplaat on hea abivahend mustritega (heegeldamine, kudumine, tikkimine) t\u00f6\u00f6tamisel. Kinnitage muster magnetriba abil alusele ning j\u00e4rjehoidjat kasutades saate h\u00f5lpsasti j\u00e4lgida, millist rida hetkel teete. Komplektis on 8 magnetriba kolmes erinevas pikkuses. Tahvli suurus on 31 x 20cm.<\/p>","protected":false},"featured_media":3319,"template":"","meta":[],"product_brand":[],"product_cat":[788,263,783,785,782,784,272,772],"product_tag":[],"class_list":{"0":"post-3318","1":"product","2":"type-product","3":"status-publish","4":"has-post-thumbnail","6":"product_cat-abivahendid","7":"product_cat-brandid","8":"product_cat-heegeldamine","9":"product_cat-heegeldamise-abivahendid","10":"product_cat-kudumine","11":"product_cat-kudumise-abivahendid","12":"product_cat-prym","13":"product_cat-tikkimine","15":"first","16":"instock","17":"taxable","18":"shipping-taxable","19":"purchasable","20":"product-type-simple"},"jetpack_sharing_enabled":true,"_links":{"self":[{"href":"https:\/\/becreative.ee\/en\/wp-json\/wp\/v2\/product\/3318","targetHints":{"allow":["GET"]}}],"collection":[{"href":"https:\/\/becreative.ee\/en\/wp-json\/wp\/v2\/product"}],"about":[{"href":"https:\/\/becreative.ee\/en\/wp-json\/wp\/v2\/types\/product"}],"version-history":[{"count":1,"href":"https:\/\/becreative.ee\/en\/wp-json\/wp\/v2\/product\/3318\/revisions"}],"predecessor-version":[{"id":3321,"href":"https:\/\/becreative.ee\/en\/wp-json\/wp\/v2\/product\/3318\/revisions\/3321"}],"wp:featuredmedia":[{"embeddable":true,"href":"https:\/\/becreative.ee\/en\/wp-json\/wp\/v2\/media\/3319"}],"wp:attachment":[{"href":"https:\/\/becreative.ee\/en\/wp-json\/wp\/v2\/media?parent=3318"}],"wp:term":[{"taxonomy":"product_brand","embeddable":true,"href":"https:\/\/becreative.ee\/en\/wp-json\/wp\/v2\/product_brand?post=3318"},{"taxonomy":"product_cat","embeddable":true,"href":"https:\/\/becreative.ee\/en\/wp-json\/wp\/v2\/product_cat?post=3318"},{"taxonomy":"product_tag","embeddable":true,"href":"https:\/\/becreative.ee\/en\/wp-json\/wp\/v2\/product_tag?post=3318"}],"curies":[{"name":"wp","href":"https:\/\/api.w.org\/{rel}","templated":true}]}}