{"id":3323,"date":"2021-03-18T11:09:34","date_gmt":"2021-03-18T11:09:34","guid":{"rendered":"https:\/\/becreative.ee\/?post_type=product&#038;p=3323"},"modified":"2026-02-26T13:02:40","modified_gmt":"2026-02-26T13:02:40","slug":"nukunoelad","status":"publish","type":"product","link":"https:\/\/becreative.ee\/en\/product\/nukunoelad\/","title":{"rendered":"Nukun\u00f5elad"},"content":{"rendered":"<p>Need n\u00f5elad on m\u00f5eldud nukude ja teiste t\u00e4idetud m\u00e4nguasjade valmistamiseks. Pakendis on kolm terasest valmistatud eripikkusega n\u00f5ela (127mm, 80mm ja 70mm).<\/p>","protected":false},"excerpt":{"rendered":"<p>Need n\u00f5elad on m\u00f5eldud nukude ja teiste t\u00e4idetud m\u00e4nguasjade valmistamiseks. Pakendis on kolm terasest valmistatud eripikkusega n\u00f5ela (127mm, 80mm ja 70mm).<\/p>","protected":false},"featured_media":3324,"template":"","meta":[],"product_brand":[],"product_cat":[263,279,17,786,940,932,272,776,1211],"product_tag":[],"class_list":{"0":"post-3323","1":"product","2":"type-product","3":"status-publish","4":"has-post-thumbnail","6":"product_cat-brandid","7":"product_cat-kasitooks-vajalik","8":"product_cat-manguasjadevalmistamine","9":"product_cat-noelad-materjalid","10":"product_cat-noelad","11":"product_cat-omblemine","12":"product_cat-prym","13":"product_cat-toovahendid","14":"product_cat-waldorfnuku-materjalid","16":"first","17":"instock","18":"taxable","19":"shipping-taxable","20":"purchasable","21":"product-type-simple"},"jetpack_sharing_enabled":true,"_links":{"self":[{"href":"https:\/\/becreative.ee\/en\/wp-json\/wp\/v2\/product\/3323","targetHints":{"allow":["GET"]}}],"collection":[{"href":"https:\/\/becreative.ee\/en\/wp-json\/wp\/v2\/product"}],"about":[{"href":"https:\/\/becreative.ee\/en\/wp-json\/wp\/v2\/types\/product"}],"version-history":[{"count":1,"href":"https:\/\/becreative.ee\/en\/wp-json\/wp\/v2\/product\/3323\/revisions"}],"predecessor-version":[{"id":3326,"href":"https:\/\/becreative.ee\/en\/wp-json\/wp\/v2\/product\/3323\/revisions\/3326"}],"wp:featuredmedia":[{"embeddable":true,"href":"https:\/\/becreative.ee\/en\/wp-json\/wp\/v2\/media\/3324"}],"wp:attachment":[{"href":"https:\/\/becreative.ee\/en\/wp-json\/wp\/v2\/media?parent=3323"}],"wp:term":[{"taxonomy":"product_brand","embeddable":true,"href":"https:\/\/becreative.ee\/en\/wp-json\/wp\/v2\/product_brand?post=3323"},{"taxonomy":"product_cat","embeddable":true,"href":"https:\/\/becreative.ee\/en\/wp-json\/wp\/v2\/product_cat?post=3323"},{"taxonomy":"product_tag","embeddable":true,"href":"https:\/\/becreative.ee\/en\/wp-json\/wp\/v2\/product_tag?post=3323"}],"curies":[{"name":"wp","href":"https:\/\/api.w.org\/{rel}","templated":true}]}}