{"id":3328,"date":"2021-03-18T11:55:35","date_gmt":"2021-03-18T11:55:35","guid":{"rendered":"https:\/\/becreative.ee\/?post_type=product&#038;p=3328"},"modified":"2024-11-06T18:49:35","modified_gmt":"2024-11-06T18:49:35","slug":"opry-torketikandi-tooriist","status":"publish","type":"product","link":"https:\/\/becreative.ee\/en\/product\/opry-torketikandi-tooriist\/","title":{"rendered":"Opry torketikandi t\u00f6\u00f6riist"},"content":{"rendered":"<p>Torketikandi t\u00f6\u00f6riista abil on v\u00f5imalik valmistada erinevaid toredaid pilte, padjakatteid v\u00f5i kaunistada r\u00f5ivaid. N\u00f5elal olev skaala v\u00f5imaldab reguleerida piste s\u00fcgavust. Komplekti kuulub 2 vedruga asendusn\u00f5ela, 2 abivahendit l\u00f5nga paigaldamiseks ning 3 erineva suurusega n\u00f5ela. Kaasas on juhend t\u00f6\u00f6riista kasutamiseks.<\/p>","protected":false},"excerpt":{"rendered":"<p>Torketikandi t\u00f6\u00f6riista abil on v\u00f5imalik valmistada erinevaid toredaid pilte, padjakatteid v\u00f5i kaunistada r\u00f5ivaid. N\u00f5elal olev skaala v\u00f5imaldab reguleerida piste s\u00fcgavust. Komplekti kuulub 2 vedruga asendusn\u00f5ela, 2 abivahendit l\u00f5nga paigaldamiseks ning 3 erineva suurusega n\u00f5ela. Kaasas on juhend t\u00f6\u00f6riista kasutamiseks.<\/p>","protected":false},"featured_media":3329,"template":"","meta":[],"product_brand":[],"product_cat":[263,271,772,777],"product_tag":[],"class_list":{"0":"post-3328","1":"product","2":"type-product","3":"status-publish","4":"has-post-thumbnail","6":"product_cat-brandid","7":"product_cat-opry","8":"product_cat-tikkimine","9":"product_cat-torketikand","11":"first","12":"instock","13":"taxable","14":"shipping-taxable","15":"purchasable","16":"product-type-simple"},"jetpack_sharing_enabled":true,"_links":{"self":[{"href":"https:\/\/becreative.ee\/en\/wp-json\/wp\/v2\/product\/3328","targetHints":{"allow":["GET"]}}],"collection":[{"href":"https:\/\/becreative.ee\/en\/wp-json\/wp\/v2\/product"}],"about":[{"href":"https:\/\/becreative.ee\/en\/wp-json\/wp\/v2\/types\/product"}],"version-history":[{"count":2,"href":"https:\/\/becreative.ee\/en\/wp-json\/wp\/v2\/product\/3328\/revisions"}],"predecessor-version":[{"id":3335,"href":"https:\/\/becreative.ee\/en\/wp-json\/wp\/v2\/product\/3328\/revisions\/3335"}],"wp:featuredmedia":[{"embeddable":true,"href":"https:\/\/becreative.ee\/en\/wp-json\/wp\/v2\/media\/3329"}],"wp:attachment":[{"href":"https:\/\/becreative.ee\/en\/wp-json\/wp\/v2\/media?parent=3328"}],"wp:term":[{"taxonomy":"product_brand","embeddable":true,"href":"https:\/\/becreative.ee\/en\/wp-json\/wp\/v2\/product_brand?post=3328"},{"taxonomy":"product_cat","embeddable":true,"href":"https:\/\/becreative.ee\/en\/wp-json\/wp\/v2\/product_cat?post=3328"},{"taxonomy":"product_tag","embeddable":true,"href":"https:\/\/becreative.ee\/en\/wp-json\/wp\/v2\/product_tag?post=3328"}],"curies":[{"name":"wp","href":"https:\/\/api.w.org\/{rel}","templated":true}]}}