{"id":3359,"date":"2021-03-18T11:34:33","date_gmt":"2021-03-18T11:34:33","guid":{"rendered":"https:\/\/becreative.ee\/?post_type=product&#038;p=3359"},"modified":"2024-02-11T09:09:13","modified_gmt":"2024-02-11T09:09:13","slug":"knit-pro-heegelnoel-1mm","status":"publish","type":"product","link":"https:\/\/becreative.ee\/en\/product\/knit-pro-heegelnoel-1mm\/","title":{"rendered":"Knit-Pro heegeln\u00f5el 1mm"},"content":{"rendered":"<p>Heegeln\u00f5elaga, millel on ergonoomiliselt kujundatud k\u00e4epide v\u00f5ib ennast tundideks heegeldama unustada. Sile ja pehme k\u00e4epide sobib igale heegeldajale.<\/p>","protected":false},"excerpt":{"rendered":"<p>Heegeln\u00f5elaga, millel on ergonoomiliselt kujundatud k\u00e4epide v\u00f5ib ennast tundideks heegeldama unustada. Sile ja pehme k\u00e4epide sobib igale heegeldajale.<\/p>","protected":false},"featured_media":3360,"template":"","meta":[],"product_brand":[],"product_cat":[263,783,789,321],"product_tag":[],"class_list":{"0":"post-3359","1":"product","2":"type-product","3":"status-publish","4":"has-post-thumbnail","6":"product_cat-brandid","7":"product_cat-heegeldamine","8":"product_cat-heegelnoelad-heegeldamine","9":"product_cat-knitpro","11":"first","12":"instock","13":"taxable","14":"shipping-taxable","15":"purchasable","16":"product-type-simple"},"jetpack_sharing_enabled":true,"_links":{"self":[{"href":"https:\/\/becreative.ee\/en\/wp-json\/wp\/v2\/product\/3359","targetHints":{"allow":["GET"]}}],"collection":[{"href":"https:\/\/becreative.ee\/en\/wp-json\/wp\/v2\/product"}],"about":[{"href":"https:\/\/becreative.ee\/en\/wp-json\/wp\/v2\/types\/product"}],"version-history":[{"count":1,"href":"https:\/\/becreative.ee\/en\/wp-json\/wp\/v2\/product\/3359\/revisions"}],"predecessor-version":[{"id":3361,"href":"https:\/\/becreative.ee\/en\/wp-json\/wp\/v2\/product\/3359\/revisions\/3361"}],"wp:featuredmedia":[{"embeddable":true,"href":"https:\/\/becreative.ee\/en\/wp-json\/wp\/v2\/media\/3360"}],"wp:attachment":[{"href":"https:\/\/becreative.ee\/en\/wp-json\/wp\/v2\/media?parent=3359"}],"wp:term":[{"taxonomy":"product_brand","embeddable":true,"href":"https:\/\/becreative.ee\/en\/wp-json\/wp\/v2\/product_brand?post=3359"},{"taxonomy":"product_cat","embeddable":true,"href":"https:\/\/becreative.ee\/en\/wp-json\/wp\/v2\/product_cat?post=3359"},{"taxonomy":"product_tag","embeddable":true,"href":"https:\/\/becreative.ee\/en\/wp-json\/wp\/v2\/product_tag?post=3359"}],"curies":[{"name":"wp","href":"https:\/\/api.w.org\/{rel}","templated":true}]}}