{"id":3371,"date":"2021-03-18T11:49:07","date_gmt":"2021-03-18T11:49:07","guid":{"rendered":"https:\/\/becreative.ee\/?post_type=product&#038;p=3371"},"modified":"2023-12-17T21:22:31","modified_gmt":"2023-12-17T21:22:31","slug":"dmc-tikkimisraam-125x20cm","status":"publish","type":"product","link":"https:\/\/becreative.ee\/en\/product\/dmc-tikkimisraam-125x20cm\/","title":{"rendered":"DMC tikkimisraam 12,5x20cm"},"content":{"rendered":"<p>Tikkimisraam on abiks erinevatel tikkimist\u00f6\u00f6del, kuid j\u00e4rjest rohkem kasutatakse seda ka valmis tikkimist\u00f6\u00f6 raamina. Kanga paigaldamine p\u00f6\u00f6gist valmistatud raamile on kerge ning raami pinget saab reguleerida mugava messingust kruvi abil.<\/p>\n<p>M\u00f5\u00f5dud: 12,5x20cm.<\/p>","protected":false},"excerpt":{"rendered":"<p>Tikkimisraam on abiks erinevatel tikkimist\u00f6\u00f6del, kuid j\u00e4rjest rohkem kasutatakse seda ka valmis tikkimist\u00f6\u00f6 raamina. Kanga paigaldamine p\u00f6\u00f6gist valmistatud raamile on kerge ning raami pinget saab reguleerida mugava messingust kruvi abil.<\/p>\n<p>M\u00f5\u00f5dud: 12,5x20cm.<\/p>","protected":false},"featured_media":3372,"template":"","meta":[],"product_brand":[],"product_cat":[263,451,772,773],"product_tag":[],"class_list":{"0":"post-3371","1":"product","2":"type-product","3":"status-publish","4":"has-post-thumbnail","6":"product_cat-brandid","7":"product_cat-dmc","8":"product_cat-tikkimine","9":"product_cat-tikkimisraam","11":"first","12":"instock","13":"taxable","14":"shipping-taxable","15":"purchasable","16":"product-type-simple"},"jetpack_sharing_enabled":true,"_links":{"self":[{"href":"https:\/\/becreative.ee\/en\/wp-json\/wp\/v2\/product\/3371","targetHints":{"allow":["GET"]}}],"collection":[{"href":"https:\/\/becreative.ee\/en\/wp-json\/wp\/v2\/product"}],"about":[{"href":"https:\/\/becreative.ee\/en\/wp-json\/wp\/v2\/types\/product"}],"version-history":[{"count":1,"href":"https:\/\/becreative.ee\/en\/wp-json\/wp\/v2\/product\/3371\/revisions"}],"predecessor-version":[{"id":3373,"href":"https:\/\/becreative.ee\/en\/wp-json\/wp\/v2\/product\/3371\/revisions\/3373"}],"wp:featuredmedia":[{"embeddable":true,"href":"https:\/\/becreative.ee\/en\/wp-json\/wp\/v2\/media\/3372"}],"wp:attachment":[{"href":"https:\/\/becreative.ee\/en\/wp-json\/wp\/v2\/media?parent=3371"}],"wp:term":[{"taxonomy":"product_brand","embeddable":true,"href":"https:\/\/becreative.ee\/en\/wp-json\/wp\/v2\/product_brand?post=3371"},{"taxonomy":"product_cat","embeddable":true,"href":"https:\/\/becreative.ee\/en\/wp-json\/wp\/v2\/product_cat?post=3371"},{"taxonomy":"product_tag","embeddable":true,"href":"https:\/\/becreative.ee\/en\/wp-json\/wp\/v2\/product_tag?post=3371"}],"curies":[{"name":"wp","href":"https:\/\/api.w.org\/{rel}","templated":true}]}}