{"id":3378,"date":"2021-03-19T12:09:12","date_gmt":"2021-03-19T12:09:12","guid":{"rendered":"https:\/\/becreative.ee\/?post_type=product&#038;p=3378"},"modified":"2023-07-25T06:38:59","modified_gmt":"2023-07-25T06:38:59","slug":"silikoonist-parlid-18mm","status":"publish","type":"product","link":"https:\/\/becreative.ee\/en\/product\/silikoonist-parlid-18mm\/","title":{"rendered":"Silikoonist p\u00e4rlid 18mm"},"content":{"rendered":"<p>Silikoonist p\u00e4rleid saab kasutada lutiketi valmistamisel v\u00f5i m\u00f5nes teises huvitavas projektis nagu k\u00e4ev\u00f5rud, n\u00e4rimiskeed (ema kaela), m\u00e4nguasja osana. Kuigi ohutuse tagamiseks on silikoonist p\u00e4rleid testitud tuleb beebile m\u00e4nguasju valmistades olla eriti hoolas erinevate s\u00f5lmede ja kinnituste tegemisel. Kahjustusega v\u00f5i kulumisj\u00e4lgedega osad tuleb koheselt v\u00e4lja vahetada. P\u00e4rlid on lapsele ohutud ja neid v\u00f5ib kasutada beebi, kellel on juba hambad. P\u00e4rlid on valmistatud BPA vabast silikoonist.<\/p>","protected":false},"excerpt":{"rendered":"<p>Silikoonist p\u00e4rleid saab kasutada lutiketi valmistamisel v\u00f5i m\u00f5nes teises huvitavas projektis nagu k\u00e4ev\u00f5rud, n\u00e4rimiskeed (ema kaela), m\u00e4nguasja osana. Kuigi ohutuse tagamiseks on silikoonist p\u00e4rleid testitud tuleb beebile m\u00e4nguasju valmistades olla eriti hoolas erinevate s\u00f5lmede ja kinnituste tegemisel. Kahjustusega v\u00f5i kulumisj\u00e4lgedega osad tuleb koheselt v\u00e4lja vahetada. P\u00e4rlid on lapsele ohutud ja neid v\u00f5ib kasutada beebi, kellel on juba hambad. P\u00e4rlid on valmistatud BPA vabast silikoonist.<\/p>","protected":false},"featured_media":4609,"template":"","meta":[],"product_brand":[],"product_cat":[263,17,271,58,204],"product_tag":[],"class_list":{"0":"post-3378","1":"product","2":"type-product","3":"status-publish","4":"has-post-thumbnail","6":"product_cat-brandid","7":"product_cat-manguasjadevalmistamine","8":"product_cat-opry","9":"product_cat-parlid","10":"product_cat-silikoonist-parlid","12":"first","13":"instock","14":"taxable","15":"shipping-taxable","16":"purchasable","17":"product-type-variable"},"jetpack_sharing_enabled":true,"_links":{"self":[{"href":"https:\/\/becreative.ee\/en\/wp-json\/wp\/v2\/product\/3378","targetHints":{"allow":["GET"]}}],"collection":[{"href":"https:\/\/becreative.ee\/en\/wp-json\/wp\/v2\/product"}],"about":[{"href":"https:\/\/becreative.ee\/en\/wp-json\/wp\/v2\/types\/product"}],"version-history":[{"count":1,"href":"https:\/\/becreative.ee\/en\/wp-json\/wp\/v2\/product\/3378\/revisions"}],"predecessor-version":[{"id":3379,"href":"https:\/\/becreative.ee\/en\/wp-json\/wp\/v2\/product\/3378\/revisions\/3379"}],"wp:featuredmedia":[{"embeddable":true,"href":"https:\/\/becreative.ee\/en\/wp-json\/wp\/v2\/media\/4609"}],"wp:attachment":[{"href":"https:\/\/becreative.ee\/en\/wp-json\/wp\/v2\/media?parent=3378"}],"wp:term":[{"taxonomy":"product_brand","embeddable":true,"href":"https:\/\/becreative.ee\/en\/wp-json\/wp\/v2\/product_brand?post=3378"},{"taxonomy":"product_cat","embeddable":true,"href":"https:\/\/becreative.ee\/en\/wp-json\/wp\/v2\/product_cat?post=3378"},{"taxonomy":"product_tag","embeddable":true,"href":"https:\/\/becreative.ee\/en\/wp-json\/wp\/v2\/product_tag?post=3378"}],"curies":[{"name":"wp","href":"https:\/\/api.w.org\/{rel}","templated":true}]}}