{"id":3380,"date":"2021-03-18T10:25:44","date_gmt":"2021-03-18T10:25:44","guid":{"rendered":"https:\/\/becreative.ee\/?post_type=product&#038;p=3380"},"modified":"2024-03-15T07:38:42","modified_gmt":"2024-03-15T07:38:42","slug":"tikkimislongade-hoiukast","status":"publish","type":"product","link":"https:\/\/becreative.ee\/en\/product\/tikkimislongade-hoiukast\/","title":{"rendered":"Tikkimisl\u00f5ngade hoiukast"},"content":{"rendered":"<p>Kui armastad korda ja head \u00fclevaadet oma tikkimisniitide ja -l\u00f5ngade \u00fcle siis antud tootega on v\u00f5imalik see lihtsalt saavutada. L\u00e4bipaistvasse karpi mahub ligikaudu 108 l\u00f5ngaga pooli. Komplektis on kaasas 50 kartongist pooli. Karbi m\u00f5\u00f5dud on 26 x 17,5cm.<\/p>","protected":false},"excerpt":{"rendered":"<p>Kui armastad korda ja head \u00fclevaadet oma tikkimisniitide ja -l\u00f5ngade \u00fcle siis antud tootega on v\u00f5imalik see lihtsalt saavutada. L\u00e4bipaistvasse karpi mahub ligikaudu 108 l\u00f5ngaga pooli. Komplektis on kaasas 50 kartongist pooli. Karbi m\u00f5\u00f5dud on 26 x 17,5cm.<\/p>","protected":false},"featured_media":3381,"template":"","meta":[],"product_brand":[],"product_cat":[263,451,780,772],"product_tag":[],"class_list":{"0":"post-3380","1":"product","2":"type-product","3":"status-publish","4":"has-post-thumbnail","6":"product_cat-brandid","7":"product_cat-dmc","8":"product_cat-hoiustamine","9":"product_cat-tikkimine","11":"first","12":"instock","13":"taxable","14":"shipping-taxable","15":"purchasable","16":"product-type-simple"},"jetpack_sharing_enabled":true,"_links":{"self":[{"href":"https:\/\/becreative.ee\/en\/wp-json\/wp\/v2\/product\/3380","targetHints":{"allow":["GET"]}}],"collection":[{"href":"https:\/\/becreative.ee\/en\/wp-json\/wp\/v2\/product"}],"about":[{"href":"https:\/\/becreative.ee\/en\/wp-json\/wp\/v2\/types\/product"}],"version-history":[{"count":2,"href":"https:\/\/becreative.ee\/en\/wp-json\/wp\/v2\/product\/3380\/revisions"}],"predecessor-version":[{"id":3405,"href":"https:\/\/becreative.ee\/en\/wp-json\/wp\/v2\/product\/3380\/revisions\/3405"}],"wp:featuredmedia":[{"embeddable":true,"href":"https:\/\/becreative.ee\/en\/wp-json\/wp\/v2\/media\/3381"}],"wp:attachment":[{"href":"https:\/\/becreative.ee\/en\/wp-json\/wp\/v2\/media?parent=3380"}],"wp:term":[{"taxonomy":"product_brand","embeddable":true,"href":"https:\/\/becreative.ee\/en\/wp-json\/wp\/v2\/product_brand?post=3380"},{"taxonomy":"product_cat","embeddable":true,"href":"https:\/\/becreative.ee\/en\/wp-json\/wp\/v2\/product_cat?post=3380"},{"taxonomy":"product_tag","embeddable":true,"href":"https:\/\/becreative.ee\/en\/wp-json\/wp\/v2\/product_tag?post=3380"}],"curies":[{"name":"wp","href":"https:\/\/api.w.org\/{rel}","templated":true}]}}