{"id":3417,"date":"2021-03-19T12:18:54","date_gmt":"2021-03-19T12:18:54","guid":{"rendered":"https:\/\/becreative.ee\/?post_type=product&#038;p=3417"},"modified":"2023-04-07T15:48:37","modified_gmt":"2023-04-07T15:48:37","slug":"prym-tikkimis-ja-parlinoelad","status":"publish","type":"product","link":"https:\/\/becreative.ee\/en\/product\/prym-tikkimis-ja-parlinoelad\/","title":{"rendered":"Prym tikkimis- ja p\u00e4rlin\u00f5elad"},"content":{"rendered":"<p>K\u00e4ep\u00e4rane karbike sisaldab 25 karastatud terasest n\u00f5ela. N\u00f5elad on sorteeritud ja paigutatud lahtritesse vastavalt kasutamise s\u00fcmbolitele. Komplektis on n\u00f5elad p\u00e4rlite paigaldamiseks, ristpiste tegemiseks, madalpiste tegemiseks ning valgeks tikandiks.<\/p>","protected":false},"excerpt":{"rendered":"<p>K\u00e4ep\u00e4rane karbike sisaldab 25 karastatud terasest n\u00f5ela. N\u00f5elad on sorteeritud ja paigutatud lahtritesse vastavalt kasutamise s\u00fcmbolitele. Komplektis on n\u00f5elad p\u00e4rlite paigaldamiseks, ristpiste tegemiseks, madalpiste tegemiseks ning valgeks tikandiks.<\/p>","protected":false},"featured_media":3419,"template":"","meta":[],"product_brand":[],"product_cat":[263,279,774,786,272,772],"product_tag":[],"class_list":{"0":"post-3417","1":"product","2":"type-product","3":"status-publish","4":"has-post-thumbnail","6":"product_cat-brandid","7":"product_cat-kasitooks-vajalik","8":"product_cat-noelad-tikkimine","9":"product_cat-noelad-materjalid","10":"product_cat-prym","11":"product_cat-tikkimine","13":"first","14":"instock","15":"taxable","16":"shipping-taxable","17":"purchasable","18":"product-type-simple"},"jetpack_sharing_enabled":true,"_links":{"self":[{"href":"https:\/\/becreative.ee\/en\/wp-json\/wp\/v2\/product\/3417","targetHints":{"allow":["GET"]}}],"collection":[{"href":"https:\/\/becreative.ee\/en\/wp-json\/wp\/v2\/product"}],"about":[{"href":"https:\/\/becreative.ee\/en\/wp-json\/wp\/v2\/types\/product"}],"version-history":[{"count":2,"href":"https:\/\/becreative.ee\/en\/wp-json\/wp\/v2\/product\/3417\/revisions"}],"predecessor-version":[{"id":3451,"href":"https:\/\/becreative.ee\/en\/wp-json\/wp\/v2\/product\/3417\/revisions\/3451"}],"wp:featuredmedia":[{"embeddable":true,"href":"https:\/\/becreative.ee\/en\/wp-json\/wp\/v2\/media\/3419"}],"wp:attachment":[{"href":"https:\/\/becreative.ee\/en\/wp-json\/wp\/v2\/media?parent=3417"}],"wp:term":[{"taxonomy":"product_brand","embeddable":true,"href":"https:\/\/becreative.ee\/en\/wp-json\/wp\/v2\/product_brand?post=3417"},{"taxonomy":"product_cat","embeddable":true,"href":"https:\/\/becreative.ee\/en\/wp-json\/wp\/v2\/product_cat?post=3417"},{"taxonomy":"product_tag","embeddable":true,"href":"https:\/\/becreative.ee\/en\/wp-json\/wp\/v2\/product_tag?post=3417"}],"curies":[{"name":"wp","href":"https:\/\/api.w.org\/{rel}","templated":true}]}}