{"id":3470,"date":"2021-03-30T10:15:39","date_gmt":"2021-03-30T10:15:39","guid":{"rendered":"https:\/\/becreative.ee\/?post_type=product&#038;p=3470"},"modified":"2025-12-12T05:12:41","modified_gmt":"2025-12-12T05:12:41","slug":"bambusest-rongas-15cm","status":"publish","type":"product","link":"https:\/\/becreative.ee\/en\/product\/bambusest-rongas-15cm\/","title":{"rendered":"Bambusest r\u00f5ngas 15cm"},"content":{"rendered":"<p>Bambusest valmistatud r\u00f5ngast kasutatakse erinevate kaunistuste osana, p\u00e4rgade ja unen\u00e4op\u00fc\u00fcdjate valmistamisel, tikkimist\u00f6\u00f6de viimistlemisel, makrameet\u00f6\u00f6des ja paljudes teistes projektides. R\u00f5nga diameeter on 15cm, paksus 2mm ning s\u00fcgavus 1cm.<\/p>","protected":false},"excerpt":{"rendered":"<p>Bambusest valmistatud r\u00f5ngast kasutatakse erinevate kaunistuste osana, p\u00e4rgade ja unen\u00e4op\u00fc\u00fcdjate valmistamisel, tikkimist\u00f6\u00f6de viimistlemisel, makrameet\u00f6\u00f6des ja paljudes teistes projektides. R\u00f5nga diameeter on 15cm, paksus 2mm ning s\u00fcgavus 1cm.<\/p>","protected":false},"featured_media":3471,"template":"","meta":[],"product_brand":[],"product_cat":[263,989,279,912,914,340],"product_tag":[],"class_list":{"0":"post-3470","1":"product","2":"type-product","3":"status-publish","4":"has-post-thumbnail","6":"product_cat-brandid","7":"product_cat-graine-creative","8":"product_cat-kasitooks-vajalik","9":"product_cat-makramee","10":"product_cat-rongad-makramee","11":"product_cat-rongad","13":"first","14":"instock","15":"taxable","16":"shipping-taxable","17":"purchasable","18":"product-type-simple"},"jetpack_sharing_enabled":true,"_links":{"self":[{"href":"https:\/\/becreative.ee\/en\/wp-json\/wp\/v2\/product\/3470","targetHints":{"allow":["GET"]}}],"collection":[{"href":"https:\/\/becreative.ee\/en\/wp-json\/wp\/v2\/product"}],"about":[{"href":"https:\/\/becreative.ee\/en\/wp-json\/wp\/v2\/types\/product"}],"version-history":[{"count":4,"href":"https:\/\/becreative.ee\/en\/wp-json\/wp\/v2\/product\/3470\/revisions"}],"predecessor-version":[{"id":4400,"href":"https:\/\/becreative.ee\/en\/wp-json\/wp\/v2\/product\/3470\/revisions\/4400"}],"wp:featuredmedia":[{"embeddable":true,"href":"https:\/\/becreative.ee\/en\/wp-json\/wp\/v2\/media\/3471"}],"wp:attachment":[{"href":"https:\/\/becreative.ee\/en\/wp-json\/wp\/v2\/media?parent=3470"}],"wp:term":[{"taxonomy":"product_brand","embeddable":true,"href":"https:\/\/becreative.ee\/en\/wp-json\/wp\/v2\/product_brand?post=3470"},{"taxonomy":"product_cat","embeddable":true,"href":"https:\/\/becreative.ee\/en\/wp-json\/wp\/v2\/product_cat?post=3470"},{"taxonomy":"product_tag","embeddable":true,"href":"https:\/\/becreative.ee\/en\/wp-json\/wp\/v2\/product_tag?post=3470"}],"curies":[{"name":"wp","href":"https:\/\/api.w.org\/{rel}","templated":true}]}}