{"id":3520,"date":"2021-04-29T05:37:45","date_gmt":"2021-04-29T05:37:45","guid":{"rendered":"https:\/\/becreative.ee\/?post_type=product&#038;p=3520"},"modified":"2021-04-29T10:22:27","modified_gmt":"2021-04-29T10:22:27","slug":"long-venne-bio-merino-scheerwol-nm-28-2","status":"publish","type":"product","link":"https:\/\/becreative.ee\/en\/product\/long-venne-bio-merino-scheerwol-nm-28-2\/","title":{"rendered":"L\u00f5ng Venne BIO Merino Scheerwol Nm 28\/2"},"content":{"rendered":"<p>L\u00f5ng: 100 % orgaaniline meriinovill<\/p>\n<p>V\u00e4rv: erinevad v\u00e4rvid<\/p>\n<p>L\u00f5nga j\u00e4medus: Nm 28\/2<\/p>\n<p>Kaal: 50 g<\/p>\n<p>L\u00f5nga pikkus: 700 m<\/p>\n<p>&nbsp;<\/p>\n<p>Sertifikaat:<\/p>\n<p><img decoding=\"async\" class=\"alignnone wp-image-885\" src=\"https:\/\/becreative.ee\/wp-content\/uploads\/2020\/04\/GOTS-logo-150x150.png\" sizes=\"(max-width: 108px) 100vw, 108px\" srcset=\"https:\/\/becreative.ee\/wp-content\/uploads\/2020\/04\/GOTS-logo-150x150.png 150w, https:\/\/becreative.ee\/wp-content\/uploads\/2020\/04\/GOTS-logo-100x100.png 100w, https:\/\/becreative.ee\/wp-content\/uploads\/2020\/04\/GOTS-logo.png 300w\" alt=\"\" width=\"108\" height=\"108\" \/><\/p>\n<p>&nbsp;<\/p>\n<p>Pesujuhised:<\/p>\n<p><img decoding=\"async\" class=\"alignnone size-full wp-image-299\" src=\"https:\/\/becreative.ee\/wp-content\/uploads\/2020\/03\/valgendamine-keelatud.png\" alt=\"\" width=\"50\" height=\"50\" \/> <img decoding=\"async\" class=\"alignnone size-full wp-image-298\" src=\"https:\/\/becreative.ee\/wp-content\/uploads\/2020\/03\/trummelkuivatus_keelatud.png\" alt=\"\" width=\"50\" height=\"50\" \/> <img loading=\"lazy\" decoding=\"async\" class=\"alignnone size-full wp-image-879\" src=\"https:\/\/becreative.ee\/wp-content\/uploads\/2020\/04\/k\u00e4sitsipesu.png\" alt=\"\" width=\"50\" height=\"50\" \/> <img loading=\"lazy\" decoding=\"async\" class=\"alignnone size-full wp-image-1015\" src=\"https:\/\/becreative.ee\/wp-content\/uploads\/2020\/04\/triikimine__tapp.png\" alt=\"\" width=\"50\" height=\"50\" \/><\/p>\n<p>&nbsp;<\/p>\n<p>Venne suurep\u00e4rane orgaaniline l\u00f5ng on valmistatud 100% meriinovillast ning l\u00f5ngale on antud GOTS sertifikaat. L\u00f5nga n\u00e4itajaks on 28\/2. Selliselt m\u00e4rgistatud l\u00f5ngadel t\u00e4hendab esimene number pikkust (m) ja teine number kaalu (g). Niisiis 28m l\u00f5ng kaalub 2g. Sellise j\u00e4medusega l\u00f5nga kasutatakse klassikalise Haapsalu salli kudumiseks kuid l\u00f5ngaga saab kududa ka teisi pitsilisi ja \u00f5hulisi esemeid.<\/p>\n<p>&nbsp;<\/p>\n<p>GOTS (Global Organic Textile Standard) on maailma juhtiv orgaanilise tekstiili tootjatele antav sertifikaat. GOTS m\u00e4rgis tootel n\u00e4itab, et toote valmistamine on toimunud keskkonda s\u00e4\u00e4stvalt ja k\u00f5rgeid sotsiaalseid kriteeriumeid j\u00e4rgides.<\/p>","protected":false},"excerpt":{"rendered":"<p>L\u00f5ng: 100 % orgaaniline meriinovill<\/p>\n<p>V\u00e4rv: erinevad v\u00e4rvid<\/p>\n<p>L\u00f5nga j\u00e4medus: Nm 28\/2<\/p>\n<p>Kaal: 50 g<\/p>\n<p>L\u00f5nga pikkus: 700 m<\/p>\n<p>&nbsp;<\/p>\n<p>Sertifikaat:<\/p>\n<p><img decoding=\"async\" class=\"alignnone wp-image-885\" src=\"https:\/\/becreative.ee\/wp-content\/uploads\/2020\/04\/GOTS-logo-150x150.png\" sizes=\"(max-width: 108px) 100vw, 108px\" srcset=\"https:\/\/becreative.ee\/wp-content\/uploads\/2020\/04\/GOTS-logo-150x150.png 150w, https:\/\/becreative.ee\/wp-content\/uploads\/2020\/04\/GOTS-logo-100x100.png 100w, https:\/\/becreative.ee\/wp-content\/uploads\/2020\/04\/GOTS-logo.png 300w\" alt=\"\" width=\"108\" height=\"108\" \/><\/p>","protected":false},"featured_media":3528,"template":"","meta":[],"product_brand":[],"product_cat":[263,23,360,805],"product_tag":[],"class_list":{"0":"post-3520","1":"product","2":"type-product","3":"status-publish","4":"has-post-thumbnail","6":"product_cat-brandid","7":"product_cat-longad","8":"product_cat-meriinovillast-long","9":"product_cat-venne","11":"first","12":"instock","13":"taxable","14":"shipping-taxable","15":"purchasable","16":"product-type-variable"},"jetpack_sharing_enabled":true,"_links":{"self":[{"href":"https:\/\/becreative.ee\/en\/wp-json\/wp\/v2\/product\/3520","targetHints":{"allow":["GET"]}}],"collection":[{"href":"https:\/\/becreative.ee\/en\/wp-json\/wp\/v2\/product"}],"about":[{"href":"https:\/\/becreative.ee\/en\/wp-json\/wp\/v2\/types\/product"}],"version-history":[{"count":2,"href":"https:\/\/becreative.ee\/en\/wp-json\/wp\/v2\/product\/3520\/revisions"}],"predecessor-version":[{"id":3527,"href":"https:\/\/becreative.ee\/en\/wp-json\/wp\/v2\/product\/3520\/revisions\/3527"}],"wp:featuredmedia":[{"embeddable":true,"href":"https:\/\/becreative.ee\/en\/wp-json\/wp\/v2\/media\/3528"}],"wp:attachment":[{"href":"https:\/\/becreative.ee\/en\/wp-json\/wp\/v2\/media?parent=3520"}],"wp:term":[{"taxonomy":"product_brand","embeddable":true,"href":"https:\/\/becreative.ee\/en\/wp-json\/wp\/v2\/product_brand?post=3520"},{"taxonomy":"product_cat","embeddable":true,"href":"https:\/\/becreative.ee\/en\/wp-json\/wp\/v2\/product_cat?post=3520"},{"taxonomy":"product_tag","embeddable":true,"href":"https:\/\/becreative.ee\/en\/wp-json\/wp\/v2\/product_tag?post=3520"}],"curies":[{"name":"wp","href":"https:\/\/api.w.org\/{rel}","templated":true}]}}