{"id":3522,"date":"2021-04-29T10:19:44","date_gmt":"2021-04-29T10:19:44","guid":{"rendered":"https:\/\/becreative.ee\/?post_type=product&#038;p=3522"},"modified":"2021-04-30T09:35:00","modified_gmt":"2021-04-30T09:35:00","slug":"long-venne-bio-cotton-nm-28-2","status":"publish","type":"product","link":"https:\/\/becreative.ee\/en\/product\/long-venne-bio-cotton-nm-28-2\/","title":{"rendered":"L\u00f5ng Venne BIO Cotton Nm 28\/2"},"content":{"rendered":"<p>L\u00f5ng: 100 % puuvill<\/p>\n<p>V\u00e4rv: erinevad v\u00e4rvid<\/p>\n<p>L\u00f5nga j\u00e4medus: Nm 28\/2<\/p>\n<p>Kaal: 100 g<\/p>\n<p>L\u00f5nga pikkus: 1 350 m<\/p>\n<p>&nbsp;<\/p>\n<p>Sertifikaat:<\/p>\n<p><img decoding=\"async\" class=\"alignnone wp-image-885\" src=\"https:\/\/becreative.ee\/wp-content\/uploads\/2020\/04\/GOTS-logo-150x150.png\" sizes=\"(max-width: 108px) 100vw, 108px\" srcset=\"https:\/\/becreative.ee\/wp-content\/uploads\/2020\/04\/GOTS-logo-150x150.png 150w, https:\/\/becreative.ee\/wp-content\/uploads\/2020\/04\/GOTS-logo-100x100.png 100w, https:\/\/becreative.ee\/wp-content\/uploads\/2020\/04\/GOTS-logo.png 300w\" alt=\"\" width=\"108\" height=\"108\" \/><\/p>\n<p>&nbsp;<\/p>\n<p>Pesujuhised:<\/p>\n<p><img decoding=\"async\" class=\"alignnone size-full wp-image-299\" src=\"https:\/\/becreative.ee\/wp-content\/uploads\/2020\/03\/valgendamine-keelatud.png\" alt=\"\" width=\"50\" height=\"50\" \/> <img decoding=\"async\" class=\"alignnone size-full wp-image-298\" src=\"https:\/\/becreative.ee\/wp-content\/uploads\/2020\/03\/trummelkuivatus_keelatud.png\" alt=\"\" width=\"50\" height=\"50\" \/> <img loading=\"lazy\" decoding=\"async\" class=\"alignnone size-full wp-image-1281\" src=\"https:\/\/becreative.ee\/wp-content\/uploads\/2020\/04\/triikimine__3_tapp.png\" alt=\"\" width=\"50\" height=\"50\" \/> <img loading=\"lazy\" decoding=\"async\" class=\"alignnone size-full wp-image-2931\" src=\"https:\/\/becreative.ee\/wp-content\/uploads\/2021\/02\/pesemine_60-kraadi.png\" alt=\"\" width=\"50\" height=\"50\" srcset=\"https:\/\/becreative.ee\/wp-content\/uploads\/2021\/02\/pesemine_60-kraadi.png 50w, https:\/\/becreative.ee\/wp-content\/uploads\/2021\/02\/pesemine_60-kraadi-12x12.png 12w\" sizes=\"(max-width: 50px) 100vw, 50px\" \/><\/p>\n<p>&nbsp;<\/p>\n<p>BIO Cotton Nm 28\/2 on 100% puuvillane l\u00f5ng mis on valmistatud vastavalt GOTS sertifikaadile. L\u00f5ngast on v\u00f5imalik valmistada erinevaid pitsilisi linikuid, kardinaid, r\u00f5ivaid, salle jne. Valminud eset on v\u00f5imalik pesta lausa 60. kraadises vees.<\/p>\n<p>&nbsp;<\/p>\n<p>GOTS (Global Organic Textile Standard) on maailma juhtiv orgaanilise tekstiili tootjatele antav sertifikaat. GOTS m\u00e4rgis tootel n\u00e4itab, et toote valmistamine on toimunud keskkonda s\u00e4\u00e4stvalt ja k\u00f5rgeid sotsiaalseid kriteeriumeid j\u00e4rgides.<\/p>","protected":false},"excerpt":{"rendered":"<p>L\u00f5ng: 100 % puuvill<\/p>\n<p>V\u00e4rv: erinevad v\u00e4rvid<\/p>\n<p>L\u00f5nga j\u00e4medus: Nm 28\/2<\/p>\n<p>Kaal: 100 g<\/p>\n<p>L\u00f5nga pikkus: 1 350 m<\/p>","protected":false},"featured_media":3538,"template":"","meta":[],"product_brand":[],"product_cat":[263,23,41,805],"product_tag":[],"class_list":{"0":"post-3522","1":"product","2":"type-product","3":"status-publish","4":"has-post-thumbnail","6":"product_cat-brandid","7":"product_cat-longad","8":"product_cat-puuvillane-long","9":"product_cat-venne","11":"first","12":"instock","13":"taxable","14":"shipping-taxable","15":"purchasable","16":"product-type-variable"},"jetpack_sharing_enabled":true,"_links":{"self":[{"href":"https:\/\/becreative.ee\/en\/wp-json\/wp\/v2\/product\/3522","targetHints":{"allow":["GET"]}}],"collection":[{"href":"https:\/\/becreative.ee\/en\/wp-json\/wp\/v2\/product"}],"about":[{"href":"https:\/\/becreative.ee\/en\/wp-json\/wp\/v2\/types\/product"}],"version-history":[{"count":2,"href":"https:\/\/becreative.ee\/en\/wp-json\/wp\/v2\/product\/3522\/revisions"}],"predecessor-version":[{"id":3550,"href":"https:\/\/becreative.ee\/en\/wp-json\/wp\/v2\/product\/3522\/revisions\/3550"}],"wp:featuredmedia":[{"embeddable":true,"href":"https:\/\/becreative.ee\/en\/wp-json\/wp\/v2\/media\/3538"}],"wp:attachment":[{"href":"https:\/\/becreative.ee\/en\/wp-json\/wp\/v2\/media?parent=3522"}],"wp:term":[{"taxonomy":"product_brand","embeddable":true,"href":"https:\/\/becreative.ee\/en\/wp-json\/wp\/v2\/product_brand?post=3522"},{"taxonomy":"product_cat","embeddable":true,"href":"https:\/\/becreative.ee\/en\/wp-json\/wp\/v2\/product_cat?post=3522"},{"taxonomy":"product_tag","embeddable":true,"href":"https:\/\/becreative.ee\/en\/wp-json\/wp\/v2\/product_tag?post=3522"}],"curies":[{"name":"wp","href":"https:\/\/api.w.org\/{rel}","templated":true}]}}