{"id":3577,"date":"2021-05-03T10:18:18","date_gmt":"2021-05-03T10:18:18","guid":{"rendered":"https:\/\/becreative.ee\/?post_type=product&#038;p=3577"},"modified":"2024-11-11T21:38:51","modified_gmt":"2024-11-11T21:38:51","slug":"prym-bambusest-kudumisvardad-35mm","status":"publish","type":"product","link":"https:\/\/becreative.ee\/en\/product\/prym-bambusest-kudumisvardad-35mm\/","title":{"rendered":"Prym bambusest kudumisvardad 3,5mm"},"content":{"rendered":"<p>Varraste suurus: 3,5mm<\/p>\n<p>Varraste pikkus: 33cm<\/p>\n<p>&nbsp;<\/p>\n<p>Kui armastate naturaalseid materjale siis bambusest valmistatud kudumisvardad on ideaalne valik. V\u00e4ga kerged vardad on k\u00e4es m\u00f5nusad ning t\u00e4nu siledale pinnale l\u00f5ng vardal ei takerdu. Varraste otsa on paigaldatud puidust nupuke, mis ei lase vardalt silmuseid maha.<\/p>","protected":false},"excerpt":{"rendered":"<p>Varraste suurus: 3,5mm<\/p>\n<p>Varraste pikkus: 33cm<\/p>\n<p>&nbsp;<\/p>\n<p>Kui armastate naturaalseid materjale siis bambusest valmistatud kudumisvardad on ideaalne valik. V\u00e4ga kerged vardad on k\u00e4es m\u00f5nusad ning t\u00e4nu siledale pinnale l\u00f5ng vardal ei takerdu. Varraste otsa on paigaldatud puidust nupuke, mis ei lase vardalt silmuseid maha.<\/p>","protected":false},"featured_media":3578,"template":"","meta":[],"product_brand":[],"product_cat":[263,782,272,791],"product_tag":[],"class_list":{"0":"post-3577","1":"product","2":"type-product","3":"status-publish","4":"has-post-thumbnail","6":"product_cat-brandid","7":"product_cat-kudumine","8":"product_cat-prym","9":"product_cat-vardad-kudumine","11":"first","12":"instock","13":"taxable","14":"shipping-taxable","15":"purchasable","16":"product-type-simple"},"jetpack_sharing_enabled":true,"_links":{"self":[{"href":"https:\/\/becreative.ee\/en\/wp-json\/wp\/v2\/product\/3577","targetHints":{"allow":["GET"]}}],"collection":[{"href":"https:\/\/becreative.ee\/en\/wp-json\/wp\/v2\/product"}],"about":[{"href":"https:\/\/becreative.ee\/en\/wp-json\/wp\/v2\/types\/product"}],"version-history":[{"count":2,"href":"https:\/\/becreative.ee\/en\/wp-json\/wp\/v2\/product\/3577\/revisions"}],"predecessor-version":[{"id":3614,"href":"https:\/\/becreative.ee\/en\/wp-json\/wp\/v2\/product\/3577\/revisions\/3614"}],"wp:featuredmedia":[{"embeddable":true,"href":"https:\/\/becreative.ee\/en\/wp-json\/wp\/v2\/media\/3578"}],"wp:attachment":[{"href":"https:\/\/becreative.ee\/en\/wp-json\/wp\/v2\/media?parent=3577"}],"wp:term":[{"taxonomy":"product_brand","embeddable":true,"href":"https:\/\/becreative.ee\/en\/wp-json\/wp\/v2\/product_brand?post=3577"},{"taxonomy":"product_cat","embeddable":true,"href":"https:\/\/becreative.ee\/en\/wp-json\/wp\/v2\/product_cat?post=3577"},{"taxonomy":"product_tag","embeddable":true,"href":"https:\/\/becreative.ee\/en\/wp-json\/wp\/v2\/product_tag?post=3577"}],"curies":[{"name":"wp","href":"https:\/\/api.w.org\/{rel}","templated":true}]}}