{"id":3606,"date":"2021-05-04T09:13:42","date_gmt":"2021-05-04T09:13:42","guid":{"rendered":"https:\/\/becreative.ee\/?post_type=product&#038;p=3606"},"modified":"2021-05-04T09:13:43","modified_gmt":"2021-05-04T09:13:43","slug":"prym-bambusest-ringvardad-pikkusega-40cm-5mm","status":"publish","type":"product","link":"https:\/\/becreative.ee\/en\/product\/prym-bambusest-ringvardad-pikkusega-40cm-5mm\/","title":{"rendered":"Prym bambusest ringvardad pikkusega 40cm 5mm"},"content":{"rendered":"<p>Varraste suurus: 5mm<\/p>\n<p>Varraste pikkus: 40cm<\/p>\n<p>&nbsp;<\/p>\n<p>Bambusest valmistatud ringvardad sobivad ideaalselt m\u00fctside, varrukate, sallide v\u00f5i m\u00f5ne muu ringselt kudumist vajava eseme kudumiseks. Esemete kudumisel tuleks kindlasti j\u00e4lgida varda pikkust, 40cm pikkuste varrastega saab kududa pisemaid esemeid. Vardalt \u00fcleminek n\u00f6\u00f6rile, et v\u00e4ltida l\u00f5nga takerdumist kinnituskohas, on \u00e4\u00e4rmiselt sujuv.<\/p>","protected":false},"excerpt":{"rendered":"<p>Varraste suurus: 5mm<\/p>\n<p>Varraste pikkus: 40cm<\/p>\n<p>&nbsp;<\/p>\n<p>Bambusest valmistatud ringvardad sobivad ideaalselt m\u00fctside, varrukate, sallide v\u00f5i m\u00f5ne muu ringselt kudumist vajava eseme kudumiseks. Esemete kudumisel tuleks kindlasti j\u00e4lgida varda pikkust, 40cm pikkuste varrastega saab kududa pisemaid esemeid. Vardalt \u00fcleminek n\u00f6\u00f6rile, et v\u00e4ltida l\u00f5nga takerdumist kinnituskohas, on \u00e4\u00e4rmiselt sujuv.<\/p>","protected":false},"featured_media":3607,"template":"","meta":[],"product_brand":[],"product_cat":[263,782,272,791],"product_tag":[],"class_list":{"0":"post-3606","1":"product","2":"type-product","3":"status-publish","4":"has-post-thumbnail","6":"product_cat-brandid","7":"product_cat-kudumine","8":"product_cat-prym","9":"product_cat-vardad-kudumine","11":"first","12":"instock","13":"taxable","14":"shipping-taxable","15":"purchasable","16":"product-type-simple"},"jetpack_sharing_enabled":true,"_links":{"self":[{"href":"https:\/\/becreative.ee\/en\/wp-json\/wp\/v2\/product\/3606","targetHints":{"allow":["GET"]}}],"collection":[{"href":"https:\/\/becreative.ee\/en\/wp-json\/wp\/v2\/product"}],"about":[{"href":"https:\/\/becreative.ee\/en\/wp-json\/wp\/v2\/types\/product"}],"version-history":[{"count":1,"href":"https:\/\/becreative.ee\/en\/wp-json\/wp\/v2\/product\/3606\/revisions"}],"predecessor-version":[{"id":3608,"href":"https:\/\/becreative.ee\/en\/wp-json\/wp\/v2\/product\/3606\/revisions\/3608"}],"wp:featuredmedia":[{"embeddable":true,"href":"https:\/\/becreative.ee\/en\/wp-json\/wp\/v2\/media\/3607"}],"wp:attachment":[{"href":"https:\/\/becreative.ee\/en\/wp-json\/wp\/v2\/media?parent=3606"}],"wp:term":[{"taxonomy":"product_brand","embeddable":true,"href":"https:\/\/becreative.ee\/en\/wp-json\/wp\/v2\/product_brand?post=3606"},{"taxonomy":"product_cat","embeddable":true,"href":"https:\/\/becreative.ee\/en\/wp-json\/wp\/v2\/product_cat?post=3606"},{"taxonomy":"product_tag","embeddable":true,"href":"https:\/\/becreative.ee\/en\/wp-json\/wp\/v2\/product_tag?post=3606"}],"curies":[{"name":"wp","href":"https:\/\/api.w.org\/{rel}","templated":true}]}}