{"id":3741,"date":"2021-08-19T19:24:06","date_gmt":"2021-08-19T19:24:06","guid":{"rendered":"https:\/\/becreative.ee\/?post_type=product&#038;p=3741"},"modified":"2023-12-04T17:03:02","modified_gmt":"2023-12-04T17:03:02","slug":"speedballi-puidust-siiditruki-raam","status":"publish","type":"product","link":"https:\/\/becreative.ee\/en\/product\/speedballi-puidust-siiditruki-raam\/","title":{"rendered":"Speedballi puidust siiditr\u00fcki raam 25,4&#215;35,6"},"content":{"rendered":"<p>Speedballi puidust siiditr\u00fckiraam on valmistatud k\u00f5rgkvaliteedilisest puidust. Raami kangast on v\u00f5imalik pingutada v\u00f5i vahetada.\u00a0 Raami suurus on 25,4&#215;35,6cm.<\/p>","protected":false},"excerpt":{"rendered":"<p>Speedballi puidust siiditr\u00fckiraam on valmistatud k\u00f5rgkvaliteedilisest puidust. Raami kangast on v\u00f5imalik pingutada v\u00f5i vahetada.\u00a0 Raami suurus on 25,4&#215;35,6cm.<\/p>","protected":false},"featured_media":3742,"template":"","meta":[],"product_brand":[],"product_cat":[263,853,844,847],"product_tag":[],"class_list":{"0":"post-3741","1":"product","2":"type-product","3":"status-publish","4":"has-post-thumbnail","6":"product_cat-brandid","7":"product_cat-raamid","8":"product_cat-siiditrukk","9":"product_cat-speedball","11":"first","12":"instock","13":"taxable","14":"shipping-taxable","15":"purchasable","16":"product-type-simple"},"jetpack_sharing_enabled":true,"_links":{"self":[{"href":"https:\/\/becreative.ee\/en\/wp-json\/wp\/v2\/product\/3741","targetHints":{"allow":["GET"]}}],"collection":[{"href":"https:\/\/becreative.ee\/en\/wp-json\/wp\/v2\/product"}],"about":[{"href":"https:\/\/becreative.ee\/en\/wp-json\/wp\/v2\/types\/product"}],"version-history":[{"count":4,"href":"https:\/\/becreative.ee\/en\/wp-json\/wp\/v2\/product\/3741\/revisions"}],"predecessor-version":[{"id":5550,"href":"https:\/\/becreative.ee\/en\/wp-json\/wp\/v2\/product\/3741\/revisions\/5550"}],"wp:featuredmedia":[{"embeddable":true,"href":"https:\/\/becreative.ee\/en\/wp-json\/wp\/v2\/media\/3742"}],"wp:attachment":[{"href":"https:\/\/becreative.ee\/en\/wp-json\/wp\/v2\/media?parent=3741"}],"wp:term":[{"taxonomy":"product_brand","embeddable":true,"href":"https:\/\/becreative.ee\/en\/wp-json\/wp\/v2\/product_brand?post=3741"},{"taxonomy":"product_cat","embeddable":true,"href":"https:\/\/becreative.ee\/en\/wp-json\/wp\/v2\/product_cat?post=3741"},{"taxonomy":"product_tag","embeddable":true,"href":"https:\/\/becreative.ee\/en\/wp-json\/wp\/v2\/product_tag?post=3741"}],"curies":[{"name":"wp","href":"https:\/\/api.w.org\/{rel}","templated":true}]}}