{"id":3753,"date":"2021-09-07T18:57:09","date_gmt":"2021-09-07T18:57:09","guid":{"rendered":"https:\/\/becreative.ee\/?post_type=product&#038;p=3753"},"modified":"2026-01-19T15:52:47","modified_gmt":"2026-01-19T15:52:47","slug":"easyweed-kuumpresskile-iron-on","status":"publish","type":"product","link":"https:\/\/becreative.ee\/en\/product\/easyweed-kuumpresskile-iron-on\/","title":{"rendered":"EasyWeed kuumpresskile (iron-on)"},"content":{"rendered":"<p>EasyWeed on \u00f5huke, pehme, matt ja elastne kuumpresskile (iron-on) kangale erinevate kujundite ja tekstide paigaldamiseks. Toodet saab paigaldada puuvillasele kangale, pol\u00fcestrile ning nende segudele. Lisaks on v\u00f5imalik materjali paigaldada nahale ja isegi paberile. Ei sobi kasutada sublimatsiooni tintidega v\u00e4rvitud kangastel. Kuumpresskilet on v\u00f5imalik kasutada kihtidena \u00fcksteise peale asetades. Taustakile on kleepuv ja t\u00e4nu sellele on kujutise paigaldamine lihtsam. Kile paksus on 90 mikronit. Lehe suurus 30x50cm.<\/p>\n<p>&nbsp;<\/p>\n<p>PAIGALDUS:<\/p>\n<p>Temperatuur: <span class=\"font0\">150\u00a0<\/span><span class=\"font5\"><span style=\"position: relative; vertical-align: baseline; font-size: 0.8em; line-height: 0; top: -0.5em;\">0<\/span><\/span><span class=\"font0\">C\u00a0<\/span><\/p>\n<p>Aeg: 15 sekundit<\/p>\n<p>Surve: keskmine<\/p>\n<p>Taustakile eemaldamine: kuumalt<\/p>\n<p>&nbsp;<\/p>\n<p>PESEMINE:<\/p>\n<p>Esimene pesu tee vajadusel peale 24h. V\u00f5imalusel p\u00f6\u00f6ra pahupool.<\/p>\n<p><img decoding=\"async\" class=\"alignnone size-full wp-image-299\" src=\"https:\/\/becreative.ee\/wp-content\/uploads\/2020\/03\/valgendamine-keelatud.png\" alt=\"\" width=\"50\" height=\"50\" \/> <img decoding=\"async\" class=\"alignnone size-full wp-image-3902\" src=\"https:\/\/becreative.ee\/wp-content\/uploads\/2021\/09\/trummelkuivatus-on-lubatud.png\" alt=\"\" width=\"50\" height=\"50\" srcset=\"https:\/\/becreative.ee\/wp-content\/uploads\/2021\/09\/trummelkuivatus-on-lubatud.png 50w, https:\/\/becreative.ee\/wp-content\/uploads\/2021\/09\/trummelkuivatus-on-lubatud-12x12.png 12w\" sizes=\"(max-width: 50px) 100vw, 50px\" \/> <img decoding=\"async\" class=\"alignnone size-full wp-image-3903\" src=\"https:\/\/becreative.ee\/wp-content\/uploads\/2021\/09\/pesemine_80-kraadi.png\" alt=\"\" width=\"50\" height=\"50\" srcset=\"https:\/\/becreative.ee\/wp-content\/uploads\/2021\/09\/pesemine_80-kraadi.png 50w, https:\/\/becreative.ee\/wp-content\/uploads\/2021\/09\/pesemine_80-kraadi-12x12.png 12w\" sizes=\"(max-width: 50px) 100vw, 50px\" \/> <img loading=\"lazy\" decoding=\"async\" class=\"alignnone size-full wp-image-1014\" src=\"https:\/\/becreative.ee\/wp-content\/uploads\/2020\/04\/pesumajale_antav_teave_pesuvahendi_tekstiili_kohta.png\" alt=\"\" width=\"50\" height=\"50\" \/><\/p>\n<p>&nbsp;<\/p>\n<p>Toode vastab REACH n\u00f5uetele, on sertifitseeritud Oeko-Tex Standard 100 klassi I j\u00e4rgi ning omab VeganOK sertifikaati.<\/p>","protected":false},"excerpt":{"rendered":"<p>EasyWeed on \u00f5huke, pehme, matt ja elastne kuumpresskile (iron-on) kangale erinevate kujundite ja tekstide paigaldamiseks. Toodet saab paigaldada puuvillasele kangale, pol\u00fcestrile ning nende segudele. Lisaks on v\u00f5imalik materjali paigaldada nahale ja isegi paberile. Ei sobi kasutada sublimatsiooni tintidega v\u00e4rvitud kangastel. Kuumpresskilet on v\u00f5imalik kasutada kihtidena \u00fcksteise peale asetades. Taustakile on kleepuv ja t\u00e4nu sellele on kujutise paigaldamine lihtsam. Kile paksus on 90 mikronit. Lehe suurus 30x50cm.<\/p>","protected":false},"featured_media":3787,"template":"","meta":[],"product_brand":[],"product_cat":[263,872,855,871],"product_tag":[],"class_list":{"0":"post-3753","1":"product","2":"type-product","3":"status-publish","4":"has-post-thumbnail","6":"product_cat-brandid","7":"product_cat-kuumpresskile-iron-on","8":"product_cat-siser","9":"product_cat-vahendid-loikemasinatele","11":"first","12":"instock","13":"taxable","14":"shipping-taxable","15":"purchasable","16":"product-type-variable"},"jetpack_sharing_enabled":true,"_links":{"self":[{"href":"https:\/\/becreative.ee\/en\/wp-json\/wp\/v2\/product\/3753","targetHints":{"allow":["GET"]}}],"collection":[{"href":"https:\/\/becreative.ee\/en\/wp-json\/wp\/v2\/product"}],"about":[{"href":"https:\/\/becreative.ee\/en\/wp-json\/wp\/v2\/types\/product"}],"version-history":[{"count":5,"href":"https:\/\/becreative.ee\/en\/wp-json\/wp\/v2\/product\/3753\/revisions"}],"predecessor-version":[{"id":3944,"href":"https:\/\/becreative.ee\/en\/wp-json\/wp\/v2\/product\/3753\/revisions\/3944"}],"wp:featuredmedia":[{"embeddable":true,"href":"https:\/\/becreative.ee\/en\/wp-json\/wp\/v2\/media\/3787"}],"wp:attachment":[{"href":"https:\/\/becreative.ee\/en\/wp-json\/wp\/v2\/media?parent=3753"}],"wp:term":[{"taxonomy":"product_brand","embeddable":true,"href":"https:\/\/becreative.ee\/en\/wp-json\/wp\/v2\/product_brand?post=3753"},{"taxonomy":"product_cat","embeddable":true,"href":"https:\/\/becreative.ee\/en\/wp-json\/wp\/v2\/product_cat?post=3753"},{"taxonomy":"product_tag","embeddable":true,"href":"https:\/\/becreative.ee\/en\/wp-json\/wp\/v2\/product_tag?post=3753"}],"curies":[{"name":"wp","href":"https:\/\/api.w.org\/{rel}","templated":true}]}}