{"id":3829,"date":"2021-09-04T11:41:24","date_gmt":"2021-09-04T11:41:24","guid":{"rendered":"https:\/\/becreative.ee\/?post_type=product&#038;p=3829"},"modified":"2023-05-20T10:29:14","modified_gmt":"2023-05-20T10:29:14","slug":"long-drops-paris-recycled-denim","status":"publish","type":"product","link":"https:\/\/becreative.ee\/en\/product\/long-drops-paris-recycled-denim\/","title":{"rendered":"L\u00f5ng Drops Paris Recycled Denim"},"content":{"rendered":"<p>L\u00f5ng: 100% puuvill<\/p>\n<p>V\u00e4rv: erinevad v\u00e4rvid<\/p>\n<p>Varda suurus: 5 mm<\/p>\n<p>Heegeln\u00f5ela suurus: 5 mm<\/p>\n<p>Kaal: 50 g<\/p>\n<p>L\u00f5nga pikkus: 75 m<\/p>\n<p>&nbsp;<\/p>\n<p>Pesujuhised:<\/p>\n<p><img decoding=\"async\" class=\"alignnone size-full wp-image-299\" src=\"https:\/\/becreative.ee\/wp-content\/uploads\/2020\/03\/valgendamine-keelatud.png\" alt=\"\" width=\"50\" height=\"50\" \/> <img decoding=\"async\" class=\"alignnone size-full wp-image-302\" src=\"https:\/\/becreative.ee\/wp-content\/uploads\/2020\/03\/kuivatada_laotatult.png\" alt=\"\" width=\"50\" height=\"50\" \/> <img decoding=\"async\" class=\"alignnone size-full wp-image-297\" src=\"https:\/\/becreative.ee\/wp-content\/uploads\/2020\/03\/triikimine_2_tappi.png\" alt=\"\" width=\"50\" height=\"50\" \/> <img loading=\"lazy\" decoding=\"async\" class=\"alignnone size-full wp-image-1014\" src=\"https:\/\/becreative.ee\/wp-content\/uploads\/2020\/04\/pesumajale_antav_teave_pesuvahendi_tekstiili_kohta.png\" alt=\"\" width=\"50\" height=\"50\" \/> <img loading=\"lazy\" decoding=\"async\" class=\"alignnone size-full wp-image-2931\" src=\"https:\/\/becreative.ee\/wp-content\/uploads\/2021\/02\/pesemine_60-kraadi.png\" alt=\"\" width=\"50\" height=\"50\" srcset=\"https:\/\/becreative.ee\/wp-content\/uploads\/2021\/02\/pesemine_60-kraadi.png 50w, https:\/\/becreative.ee\/wp-content\/uploads\/2021\/02\/pesemine_60-kraadi-12x12.png 12w\" sizes=\"(max-width: 50px) 100vw, 50px\" \/><\/p>\n<p>&nbsp;<\/p>\n<p>Puuvillast valmistatud r\u00f5ivad on samaaegselt jahutavad ja soojendavad. Eriti h\u00e4sti sobivad sellisest l\u00f5ngast valmistatud esemed tundliku nahaga inimestele, sest puuvill ei tekita s\u00fcgelust. V\u00e4ga vastupidav l\u00f5ng on ideaalne laster\u00f5ivaste valmistamiseks. L\u00f5nga v\u00f5ib julgelt kasutada beebir\u00f5ivaste ja tekkide valmistamisel kuna l\u00f5ngal on Oeko-Tex\u00ae sertifikaat (number 25.3.0110), Standard 100, Klass I. Valmistatud Euroopas.<\/p>","protected":false},"excerpt":{"rendered":"<p>L\u00f5ng: 100% puuvill<\/p>\n<p>V\u00e4rv: erinevad v\u00e4rvid<\/p>\n<p>Varda suurus: 5 mm<\/p>\n<p>Heegeln\u00f5ela suurus: 5 mm<\/p>\n<p>Kaal: 50 g<\/p>\n<p>L\u00f5nga pikkus: 75 m<\/p>","protected":false},"featured_media":3830,"template":"","meta":[],"product_brand":[],"product_cat":[263,619,23,41],"product_tag":[],"class_list":{"0":"post-3829","1":"product","2":"type-product","3":"status-publish","4":"has-post-thumbnail","6":"product_cat-brandid","7":"product_cat-drops-design","8":"product_cat-longad","9":"product_cat-puuvillane-long","11":"first","12":"instock","13":"taxable","14":"shipping-taxable","15":"purchasable","16":"product-type-variable"},"jetpack_sharing_enabled":true,"_links":{"self":[{"href":"https:\/\/becreative.ee\/en\/wp-json\/wp\/v2\/product\/3829","targetHints":{"allow":["GET"]}}],"collection":[{"href":"https:\/\/becreative.ee\/en\/wp-json\/wp\/v2\/product"}],"about":[{"href":"https:\/\/becreative.ee\/en\/wp-json\/wp\/v2\/types\/product"}],"version-history":[{"count":1,"href":"https:\/\/becreative.ee\/en\/wp-json\/wp\/v2\/product\/3829\/revisions"}],"predecessor-version":[{"id":3831,"href":"https:\/\/becreative.ee\/en\/wp-json\/wp\/v2\/product\/3829\/revisions\/3831"}],"wp:featuredmedia":[{"embeddable":true,"href":"https:\/\/becreative.ee\/en\/wp-json\/wp\/v2\/media\/3830"}],"wp:attachment":[{"href":"https:\/\/becreative.ee\/en\/wp-json\/wp\/v2\/media?parent=3829"}],"wp:term":[{"taxonomy":"product_brand","embeddable":true,"href":"https:\/\/becreative.ee\/en\/wp-json\/wp\/v2\/product_brand?post=3829"},{"taxonomy":"product_cat","embeddable":true,"href":"https:\/\/becreative.ee\/en\/wp-json\/wp\/v2\/product_cat?post=3829"},{"taxonomy":"product_tag","embeddable":true,"href":"https:\/\/becreative.ee\/en\/wp-json\/wp\/v2\/product_tag?post=3829"}],"curies":[{"name":"wp","href":"https:\/\/api.w.org\/{rel}","templated":true}]}}