{"id":3849,"date":"2021-09-06T11:20:58","date_gmt":"2021-09-06T11:20:58","guid":{"rendered":"https:\/\/becreative.ee\/?post_type=product&#038;p=3849"},"modified":"2022-12-01T00:00:22","modified_gmt":"2022-12-01T00:00:22","slug":"long-drops-polaris","status":"publish","type":"product","link":"https:\/\/becreative.ee\/en\/product\/long-drops-polaris\/","title":{"rendered":"L\u00f5ng Drops Polaris"},"content":{"rendered":"<p>L\u00f5ng: 100% vill<\/p>\n<p>V\u00e4rv: erinevad v\u00e4rvid<\/p>\n<p>Varda suurus: 12 mm<\/p>\n<p>Heegeln\u00f5ela suurus: 12 mm<\/p>\n<p>Kaal: 100 g<\/p>\n<p>L\u00f5nga pikkus: 36 m<\/p>\n<p>&nbsp;<\/p>\n<p>Pesujuhised:<\/p>\n<p><img decoding=\"async\" class=\"alignnone size-full wp-image-299\" src=\"https:\/\/becreative.ee\/wp-content\/uploads\/2020\/03\/valgendamine-keelatud.png\" alt=\"\" width=\"50\" height=\"50\" \/> <img decoding=\"async\" class=\"alignnone size-full wp-image-302\" src=\"https:\/\/becreative.ee\/wp-content\/uploads\/2020\/03\/kuivatada_laotatult.png\" alt=\"\" width=\"50\" height=\"50\" \/> \u00a0<img decoding=\"async\" class=\"alignnone size-full wp-image-1014\" src=\"https:\/\/becreative.ee\/wp-content\/uploads\/2020\/04\/pesumajale_antav_teave_pesuvahendi_tekstiili_kohta.png\" alt=\"\" width=\"50\" height=\"50\" \/> <img loading=\"lazy\" decoding=\"async\" class=\"alignnone size-full wp-image-298\" src=\"https:\/\/becreative.ee\/wp-content\/uploads\/2020\/03\/trummelkuivatus_keelatud.png\" alt=\"\" width=\"50\" height=\"50\" \/> <img loading=\"lazy\" decoding=\"async\" class=\"alignnone size-full wp-image-1015\" src=\"https:\/\/becreative.ee\/wp-content\/uploads\/2020\/04\/triikimine__tapp.png\" alt=\"\" width=\"50\" height=\"50\" \/> <img loading=\"lazy\" decoding=\"async\" class=\"alignnone size-full wp-image-879\" src=\"https:\/\/becreative.ee\/wp-content\/uploads\/2020\/04\/k\u00e4sitsipesu.png\" alt=\"\" width=\"50\" height=\"50\" \/><\/p>\n<p>&nbsp;<\/p>\n<p>Polaris l\u00f5ng on eelk\u00f5ige m\u00f5eldud kinnaste, m\u00fctside, sallide ja kottide valmistamiseks, kuid sobib suurep\u00e4raselt ka k\u00f5igiks teisteks projektideks. L\u00f5ngas kasutatud kiudu ei ole enne v\u00e4rvimist kemikaalidega t\u00f6\u00f6deldud.\u00a0 See aga toob v\u00e4lja l\u00f5nga parimad looduslikud omadused. Lisaks sobib l\u00f5ng vanutamiseks m\u00f5eldud kudumite valmistamiseks. L\u00f5nga v\u00f5ib julgelt kasutada beebir\u00f5ivaste ja tekkide valmistamisel kuna l\u00f5ngal on Oeko-Tex\u00ae sertifikaat (number 25.3.0099), Standard 100, Klass I. Valmistatud Euroopas.<\/p>","protected":false},"excerpt":{"rendered":"<p>L\u00f5ng: 100% vill<\/p>\n<p>V\u00e4rv: erinevad v\u00e4rvid<\/p>\n<p>Varda suurus: 12 mm<\/p>\n<p>Heegeln\u00f5ela suurus: 12 mm<\/p>\n<p>Kaal: 100 g<\/p>\n<p>L\u00f5nga pikkus: 36 m<\/p>","protected":false},"featured_media":3843,"template":"","meta":[],"product_brand":[],"product_cat":[263,619,23,60],"product_tag":[],"class_list":{"0":"post-3849","1":"product","2":"type-product","3":"status-publish","4":"has-post-thumbnail","6":"product_cat-brandid","7":"product_cat-drops-design","8":"product_cat-longad","9":"product_cat-villane-long","11":"first","12":"instock","13":"taxable","14":"shipping-taxable","15":"purchasable","16":"product-type-variable"},"jetpack_sharing_enabled":true,"_links":{"self":[{"href":"https:\/\/becreative.ee\/en\/wp-json\/wp\/v2\/product\/3849","targetHints":{"allow":["GET"]}}],"collection":[{"href":"https:\/\/becreative.ee\/en\/wp-json\/wp\/v2\/product"}],"about":[{"href":"https:\/\/becreative.ee\/en\/wp-json\/wp\/v2\/types\/product"}],"version-history":[{"count":1,"href":"https:\/\/becreative.ee\/en\/wp-json\/wp\/v2\/product\/3849\/revisions"}],"predecessor-version":[{"id":3856,"href":"https:\/\/becreative.ee\/en\/wp-json\/wp\/v2\/product\/3849\/revisions\/3856"}],"wp:featuredmedia":[{"embeddable":true,"href":"https:\/\/becreative.ee\/en\/wp-json\/wp\/v2\/media\/3843"}],"wp:attachment":[{"href":"https:\/\/becreative.ee\/en\/wp-json\/wp\/v2\/media?parent=3849"}],"wp:term":[{"taxonomy":"product_brand","embeddable":true,"href":"https:\/\/becreative.ee\/en\/wp-json\/wp\/v2\/product_brand?post=3849"},{"taxonomy":"product_cat","embeddable":true,"href":"https:\/\/becreative.ee\/en\/wp-json\/wp\/v2\/product_cat?post=3849"},{"taxonomy":"product_tag","embeddable":true,"href":"https:\/\/becreative.ee\/en\/wp-json\/wp\/v2\/product_tag?post=3849"}],"curies":[{"name":"wp","href":"https:\/\/api.w.org\/{rel}","templated":true}]}}