{"id":3882,"date":"2021-09-09T10:55:22","date_gmt":"2021-09-09T10:55:22","guid":{"rendered":"https:\/\/becreative.ee\/?post_type=product&#038;p=3882"},"modified":"2026-03-23T17:45:53","modified_gmt":"2026-03-23T17:45:53","slug":"glitter-kuumpresskile-iron-on","status":"publish","type":"product","link":"https:\/\/becreative.ee\/en\/product\/glitter-kuumpresskile-iron-on\/","title":{"rendered":"Glitter kuumpresskile (iron-on)"},"content":{"rendered":"<p>Kui soovid, et sinu paigaldatud tekst v\u00f5i kujund sillerdaks, siis on \u00f5ige valida Glitter kuumpresskile (iron-on). Toodet saab paigaldada puuvillasele kangale, pol\u00fcestrile ning nende segudele. Lisaks on v\u00f5imalik materjali paigaldada nahale ja isegi paberile. Ei sobi kasutada sublimatsiooni tintidega v\u00e4rvitud kangastel. Taustakile on kleepuv ja t\u00e4nu sellele on kujutise paigaldamine lihtsam. Kile paksus on 380 mikronit. Lehe suurus 30x50cm.<\/p>\n<p>&nbsp;<\/p>\n<p>PAIGALDUS:<\/p>\n<p>Temperatuur: <span class=\"font0\">160 <\/span><span class=\"font5\"><span style=\"position: relative; vertical-align: baseline; font-size: 0.8em; line-height: 0; top: -0.5em;\">0<\/span><\/span><span class=\"font0\">C\u00a0<\/span><\/p>\n<p>Aeg: 15 sekundit<\/p>\n<p>Surve: keskmine<\/p>\n<p>Taustakile eemaldamine: kuumalt\/k\u00fclmalt<\/p>\n<p>&nbsp;<\/p>\n<p>PESEMINE:<\/p>\n<p>Esimene pesu tee vajadusel peale 24h. V\u00f5imalusel p\u00f6\u00f6ra pahupool.<\/p>\n<p><img decoding=\"async\" class=\"alignnone size-full wp-image-298\" src=\"https:\/\/becreative.ee\/wp-content\/uploads\/2020\/03\/trummelkuivatus_keelatud.png\" alt=\"\" width=\"50\" height=\"50\" \/>\u00a0<img decoding=\"async\" class=\"alignnone size-full wp-image-299\" src=\"https:\/\/becreative.ee\/wp-content\/uploads\/2020\/03\/valgendamine-keelatud.png\" alt=\"\" width=\"50\" height=\"50\" \/>\u00a0<img decoding=\"async\" class=\"alignnone size-full wp-image-1286\" src=\"https:\/\/becreative.ee\/wp-content\/uploads\/2020\/04\/pesemine_40-kraadi.png\" alt=\"\" width=\"50\" height=\"50\" \/><\/p>\n<p>&nbsp;<\/p>\n<p>Toode vastab REACH n\u00f5uetele, on sertifitseeritud Oeko-Tex Standard 100 klassi I j\u00e4rgi ning omab VeganOK sertifikaati.<\/p>","protected":false},"excerpt":{"rendered":"<p>Kui soovid, et sinu paigaldatud tekst v\u00f5i kujund sillerdaks, siis on \u00f5ige valida Glitter kuumpresskile (iron-on). Toodet saab paigaldada puuvillasele kangale, pol\u00fcestrile ning nende segudele. Lisaks on v\u00f5imalik materjali paigaldada nahale ja isegi paberile. Ei sobi kasutada sublimatsiooni tintidega v\u00e4rvitud kangastel. Taustakile on kleepuv ja t\u00e4nu sellele on kujutise paigaldamine lihtsam. Kile paksus on 380 mikronit. Lehe suurus 30x50cm.<\/p>","protected":false},"featured_media":3892,"template":"","meta":[],"product_brand":[],"product_cat":[263,872,855,871],"product_tag":[],"class_list":{"0":"post-3882","1":"product","2":"type-product","3":"status-publish","4":"has-post-thumbnail","6":"product_cat-brandid","7":"product_cat-kuumpresskile-iron-on","8":"product_cat-siser","9":"product_cat-vahendid-loikemasinatele","11":"first","12":"instock","13":"taxable","14":"shipping-taxable","15":"purchasable","16":"product-type-variable"},"jetpack_sharing_enabled":true,"_links":{"self":[{"href":"https:\/\/becreative.ee\/en\/wp-json\/wp\/v2\/product\/3882","targetHints":{"allow":["GET"]}}],"collection":[{"href":"https:\/\/becreative.ee\/en\/wp-json\/wp\/v2\/product"}],"about":[{"href":"https:\/\/becreative.ee\/en\/wp-json\/wp\/v2\/types\/product"}],"version-history":[{"count":5,"href":"https:\/\/becreative.ee\/en\/wp-json\/wp\/v2\/product\/3882\/revisions"}],"predecessor-version":[{"id":3943,"href":"https:\/\/becreative.ee\/en\/wp-json\/wp\/v2\/product\/3882\/revisions\/3943"}],"wp:featuredmedia":[{"embeddable":true,"href":"https:\/\/becreative.ee\/en\/wp-json\/wp\/v2\/media\/3892"}],"wp:attachment":[{"href":"https:\/\/becreative.ee\/en\/wp-json\/wp\/v2\/media?parent=3882"}],"wp:term":[{"taxonomy":"product_brand","embeddable":true,"href":"https:\/\/becreative.ee\/en\/wp-json\/wp\/v2\/product_brand?post=3882"},{"taxonomy":"product_cat","embeddable":true,"href":"https:\/\/becreative.ee\/en\/wp-json\/wp\/v2\/product_cat?post=3882"},{"taxonomy":"product_tag","embeddable":true,"href":"https:\/\/becreative.ee\/en\/wp-json\/wp\/v2\/product_tag?post=3882"}],"curies":[{"name":"wp","href":"https:\/\/api.w.org\/{rel}","templated":true}]}}