{"id":3888,"date":"2021-09-08T04:36:47","date_gmt":"2021-09-08T04:36:47","guid":{"rendered":"https:\/\/becreative.ee\/?post_type=product&#038;p=3888"},"modified":"2023-11-02T07:30:26","modified_gmt":"2023-11-02T07:30:26","slug":"drops-glitter","status":"publish","type":"product","link":"https:\/\/becreative.ee\/en\/product\/drops-glitter\/","title":{"rendered":"Drops Glitter"},"content":{"rendered":"<p>L\u00f5ng: 60% cupro, 40% metall<\/p>\n<p>V\u00e4rv: erinevad v\u00e4rvid<\/p>\n<p>Varda suurus: lisatakse l\u00f5ngale<\/p>\n<p>Heegeln\u00f5ela suurus: lisatakse l\u00f5ngale<\/p>\n<p>Kaal: 10 g<\/p>\n<p>L\u00f5nga pikkus: 700 m<\/p>\n<p>&nbsp;<\/p>\n<p>Pesujuhised:<\/p>\n<p><img decoding=\"async\" class=\"alignnone size-full wp-image-879\" src=\"https:\/\/becreative.ee\/wp-content\/uploads\/2020\/04\/k\u00e4sitsipesu.png\" alt=\"\" width=\"50\" height=\"50\" \/> <img decoding=\"async\" class=\"alignnone size-full wp-image-299\" src=\"https:\/\/becreative.ee\/wp-content\/uploads\/2020\/03\/valgendamine-keelatud.png\" alt=\"\" width=\"50\" height=\"50\" \/><\/p>\n<p>&nbsp;<\/p>\n<p>Dropsi Glitter aitab igast kootud v\u00f5i heegeldatud esemest teha midagi s\u00e4ravat ja silmapaistvat. S\u00e4ra v\u00f5ib lisada vastavalt soovile, kas tervele esemele v\u00f5i toonitada kindlaid osasid, n\u00e4iteks teha triipe. Niit on valmistatud cuprost (kuprost), mida valmistatakse puuvilla j\u00e4\u00e4kidest ning metallist. Valmistatud Euroopas<\/p>","protected":false},"excerpt":{"rendered":"<p>L\u00f5ng: 60% cupro, 40% metall<\/p>\n<p>V\u00e4rv: erinevad v\u00e4rvid<\/p>\n<p>Varda suurus: lisatakse l\u00f5ngale<\/p>\n<p>Heegeln\u00f5ela suurus: lisatakse l\u00f5ngale<\/p>\n<p>Kaal: 10 g<\/p>\n<p>L\u00f5nga pikkus: 700 m<\/p>","protected":false},"featured_media":3864,"template":"","meta":[],"product_brand":[],"product_cat":[263,896,619,23,897],"product_tag":[],"class_list":{"0":"post-3888","1":"product","2":"type-product","3":"status-publish","4":"has-post-thumbnail","6":"product_cat-brandid","7":"product_cat-cupro","8":"product_cat-drops-design","9":"product_cat-longad","10":"product_cat-metall","12":"first","13":"instock","14":"taxable","15":"shipping-taxable","16":"purchasable","17":"product-type-variable"},"jetpack_sharing_enabled":true,"_links":{"self":[{"href":"https:\/\/becreative.ee\/en\/wp-json\/wp\/v2\/product\/3888","targetHints":{"allow":["GET"]}}],"collection":[{"href":"https:\/\/becreative.ee\/en\/wp-json\/wp\/v2\/product"}],"about":[{"href":"https:\/\/becreative.ee\/en\/wp-json\/wp\/v2\/types\/product"}],"version-history":[{"count":1,"href":"https:\/\/becreative.ee\/en\/wp-json\/wp\/v2\/product\/3888\/revisions"}],"predecessor-version":[{"id":3891,"href":"https:\/\/becreative.ee\/en\/wp-json\/wp\/v2\/product\/3888\/revisions\/3891"}],"wp:featuredmedia":[{"embeddable":true,"href":"https:\/\/becreative.ee\/en\/wp-json\/wp\/v2\/media\/3864"}],"wp:attachment":[{"href":"https:\/\/becreative.ee\/en\/wp-json\/wp\/v2\/media?parent=3888"}],"wp:term":[{"taxonomy":"product_brand","embeddable":true,"href":"https:\/\/becreative.ee\/en\/wp-json\/wp\/v2\/product_brand?post=3888"},{"taxonomy":"product_cat","embeddable":true,"href":"https:\/\/becreative.ee\/en\/wp-json\/wp\/v2\/product_cat?post=3888"},{"taxonomy":"product_tag","embeddable":true,"href":"https:\/\/becreative.ee\/en\/wp-json\/wp\/v2\/product_tag?post=3888"}],"curies":[{"name":"wp","href":"https:\/\/api.w.org\/{rel}","templated":true}]}}