{"id":3953,"date":"2021-09-30T13:00:10","date_gmt":"2021-09-30T13:00:10","guid":{"rendered":"https:\/\/becreative.ee\/?post_type=product&#038;p=3953"},"modified":"2025-01-23T10:21:28","modified_gmt":"2025-01-23T10:21:28","slug":"poroloonist-kuubik-manguasjade-taiteks","status":"publish","type":"product","link":"https:\/\/becreative.ee\/en\/product\/poroloonist-kuubik-manguasjade-taiteks\/","title":{"rendered":"Poroloonist kuubik m\u00e4nguasjade t\u00e4iteks"},"content":{"rendered":"<p>Kui on soov teha beebile tore tegevuskuubik siis poroloonist valmistatud kuubik sobib selle t\u00e4itmiseks ideaalselt. Samas sobib kuubikuga t\u00e4ita erinevaid projekte. Olgu siis valmistatavaks esemeks t\u00e4ring, klotsid v\u00f5i m\u00f5ni muu kuubiku kujuline ese. Kuubiku suuruseks on 10x10cm. Kuubikul on sertifikaat EN71-3.<\/p>","protected":false},"excerpt":{"rendered":"<p>Kui on soov teha beebile tore tegevuskuubik siis poroloonist valmistatud kuubik sobib selle t\u00e4itmiseks ideaalselt. Smas sobib kuubikuga t\u00e4ita erinevaid projekte. Olgu siis valmistatavaks esemeks t\u00e4ring, klotsid v\u00f5i m\u00f5ni muu kuubiku kujuline ese. Kuubiku suuruseks on 10x10cm. Kuubikul on sertifikaat EN71-3.<\/p>","protected":false},"featured_media":3954,"template":"","meta":[],"product_brand":[],"product_cat":[263,265,17,140],"product_tag":[],"class_list":{"0":"post-3953","1":"product","2":"type-product","3":"status-publish","4":"has-post-thumbnail","6":"product_cat-brandid","7":"product_cat-go-handmade","8":"product_cat-manguasjadevalmistamine","9":"product_cat-taide","11":"first","12":"instock","13":"taxable","14":"shipping-taxable","15":"purchasable","16":"product-type-simple"},"jetpack_sharing_enabled":true,"_links":{"self":[{"href":"https:\/\/becreative.ee\/en\/wp-json\/wp\/v2\/product\/3953","targetHints":{"allow":["GET"]}}],"collection":[{"href":"https:\/\/becreative.ee\/en\/wp-json\/wp\/v2\/product"}],"about":[{"href":"https:\/\/becreative.ee\/en\/wp-json\/wp\/v2\/types\/product"}],"version-history":[{"count":2,"href":"https:\/\/becreative.ee\/en\/wp-json\/wp\/v2\/product\/3953\/revisions"}],"predecessor-version":[{"id":3980,"href":"https:\/\/becreative.ee\/en\/wp-json\/wp\/v2\/product\/3953\/revisions\/3980"}],"wp:featuredmedia":[{"embeddable":true,"href":"https:\/\/becreative.ee\/en\/wp-json\/wp\/v2\/media\/3954"}],"wp:attachment":[{"href":"https:\/\/becreative.ee\/en\/wp-json\/wp\/v2\/media?parent=3953"}],"wp:term":[{"taxonomy":"product_brand","embeddable":true,"href":"https:\/\/becreative.ee\/en\/wp-json\/wp\/v2\/product_brand?post=3953"},{"taxonomy":"product_cat","embeddable":true,"href":"https:\/\/becreative.ee\/en\/wp-json\/wp\/v2\/product_cat?post=3953"},{"taxonomy":"product_tag","embeddable":true,"href":"https:\/\/becreative.ee\/en\/wp-json\/wp\/v2\/product_tag?post=3953"}],"curies":[{"name":"wp","href":"https:\/\/api.w.org\/{rel}","templated":true}]}}