{"id":3962,"date":"2021-09-30T11:43:57","date_gmt":"2021-09-30T11:43:57","guid":{"rendered":"https:\/\/becreative.ee\/?post_type=product&#038;p=3962"},"modified":"2025-07-04T04:22:27","modified_gmt":"2025-07-04T04:22:27","slug":"poluester-noor-15mm","status":"publish","type":"product","link":"https:\/\/becreative.ee\/en\/product\/poluester-noor-15mm\/","title":{"rendered":"Pol\u00fcester n\u00f6\u00f6r 1,5mm"},"content":{"rendered":"<p>Pol\u00fcester n\u00f6\u00f6ri kasutamisv\u00f5imalusi on palju aga eriti tihti kasutatakse seda lutikettide ja teiste beebidele v\u00f5i lastele m\u00f5eldud m\u00e4nguasjade valmistamiseks. N\u00f6\u00f6ri paksus on 1,5mm, pikkus 10 meetrit. N\u00f6\u00f6ril on EN71-3 sertifikaat.<\/p>","protected":false},"excerpt":{"rendered":"<p>Pol\u00fcester n\u00f6\u00f6ri kasutamisv\u00f5imalusi on palju aga eriti tihti kasutatakse seda lutikettide ja teiste beebidele v\u00f5i lastele m\u00f5eldud m\u00e4nguasjade valmistamiseks. N\u00f6\u00f6ri paksus on 1,5mm, pikkus 10 meetrit. N\u00f6\u00f6ril on EN71-3 sertifikaat.<\/p>","protected":false},"featured_media":3964,"template":"","meta":[],"product_brand":[],"product_cat":[263,265,279,598],"product_tag":[],"class_list":{"0":"post-3962","1":"product","2":"type-product","3":"status-publish","4":"has-post-thumbnail","6":"product_cat-brandid","7":"product_cat-go-handmade","8":"product_cat-kasitooks-vajalik","9":"product_cat-noor","11":"first","12":"instock","13":"taxable","14":"shipping-taxable","15":"purchasable","16":"product-type-variable"},"jetpack_sharing_enabled":true,"_links":{"self":[{"href":"https:\/\/becreative.ee\/en\/wp-json\/wp\/v2\/product\/3962","targetHints":{"allow":["GET"]}}],"collection":[{"href":"https:\/\/becreative.ee\/en\/wp-json\/wp\/v2\/product"}],"about":[{"href":"https:\/\/becreative.ee\/en\/wp-json\/wp\/v2\/types\/product"}],"version-history":[{"count":2,"href":"https:\/\/becreative.ee\/en\/wp-json\/wp\/v2\/product\/3962\/revisions"}],"predecessor-version":[{"id":3968,"href":"https:\/\/becreative.ee\/en\/wp-json\/wp\/v2\/product\/3962\/revisions\/3968"}],"wp:featuredmedia":[{"embeddable":true,"href":"https:\/\/becreative.ee\/en\/wp-json\/wp\/v2\/media\/3964"}],"wp:attachment":[{"href":"https:\/\/becreative.ee\/en\/wp-json\/wp\/v2\/media?parent=3962"}],"wp:term":[{"taxonomy":"product_brand","embeddable":true,"href":"https:\/\/becreative.ee\/en\/wp-json\/wp\/v2\/product_brand?post=3962"},{"taxonomy":"product_cat","embeddable":true,"href":"https:\/\/becreative.ee\/en\/wp-json\/wp\/v2\/product_cat?post=3962"},{"taxonomy":"product_tag","embeddable":true,"href":"https:\/\/becreative.ee\/en\/wp-json\/wp\/v2\/product_tag?post=3962"}],"curies":[{"name":"wp","href":"https:\/\/api.w.org\/{rel}","templated":true}]}}