{"id":3993,"date":"2021-10-12T11:05:44","date_gmt":"2021-10-12T11:05:44","guid":{"rendered":"https:\/\/becreative.ee\/?post_type=product&#038;p=3993"},"modified":"2025-04-03T15:54:30","modified_gmt":"2025-04-03T15:54:30","slug":"manguasjade-prillid","status":"publish","type":"product","link":"https:\/\/becreative.ee\/en\/product\/manguasjade-prillid\/","title":{"rendered":"M\u00e4nguasjade prillid"},"content":{"rendered":"<p>Need \u00fcliarmsad metallist raamidega prillid lisavad sinu valmistatud m\u00e4nguasjadele kindlasti iseloomu ja arkust. Raami laius on 5cm.<\/p>","protected":false},"excerpt":{"rendered":"<p>Need \u00fcliarmsad metallist raamidega prillid lisavad sinu valmistatud m\u00e4nguasjadele kindlasti iseloomu ja arkust. Raami laius on 5cm.<\/p>","protected":false},"featured_media":3992,"template":"","meta":[],"product_brand":[],"product_cat":[920,17],"product_tag":[],"class_list":{"0":"post-3993","1":"product","2":"type-product","3":"status-publish","4":"has-post-thumbnail","6":"product_cat-aksessuaarid","7":"product_cat-manguasjadevalmistamine","9":"first","10":"instock","11":"taxable","12":"shipping-taxable","13":"purchasable","14":"product-type-variable"},"jetpack_sharing_enabled":true,"_links":{"self":[{"href":"https:\/\/becreative.ee\/en\/wp-json\/wp\/v2\/product\/3993","targetHints":{"allow":["GET"]}}],"collection":[{"href":"https:\/\/becreative.ee\/en\/wp-json\/wp\/v2\/product"}],"about":[{"href":"https:\/\/becreative.ee\/en\/wp-json\/wp\/v2\/types\/product"}],"version-history":[{"count":2,"href":"https:\/\/becreative.ee\/en\/wp-json\/wp\/v2\/product\/3993\/revisions"}],"predecessor-version":[{"id":4055,"href":"https:\/\/becreative.ee\/en\/wp-json\/wp\/v2\/product\/3993\/revisions\/4055"}],"wp:featuredmedia":[{"embeddable":true,"href":"https:\/\/becreative.ee\/en\/wp-json\/wp\/v2\/media\/3992"}],"wp:attachment":[{"href":"https:\/\/becreative.ee\/en\/wp-json\/wp\/v2\/media?parent=3993"}],"wp:term":[{"taxonomy":"product_brand","embeddable":true,"href":"https:\/\/becreative.ee\/en\/wp-json\/wp\/v2\/product_brand?post=3993"},{"taxonomy":"product_cat","embeddable":true,"href":"https:\/\/becreative.ee\/en\/wp-json\/wp\/v2\/product_cat?post=3993"},{"taxonomy":"product_tag","embeddable":true,"href":"https:\/\/becreative.ee\/en\/wp-json\/wp\/v2\/product_tag?post=3993"}],"curies":[{"name":"wp","href":"https:\/\/api.w.org\/{rel}","templated":true}]}}