{"id":4000,"date":"2021-10-12T10:36:04","date_gmt":"2021-10-12T10:36:04","guid":{"rendered":"https:\/\/becreative.ee\/?post_type=product&#038;p=4000"},"modified":"2022-11-16T19:26:43","modified_gmt":"2022-11-16T19:26:43","slug":"rongastega-klambrid-26mm","status":"publish","type":"product","link":"https:\/\/becreative.ee\/en\/product\/rongastega-klambrid-26mm\/","title":{"rendered":"R\u00f5ngastega klambrid 26mm"},"content":{"rendered":"<p>Toorikud on m\u00f5eldud erinevate kaunistuste ja v\u00f5tmehoidjate valmistamiseks. Klambri vahele saab paigaldada paela v\u00f5i kanga. R\u00f5ngaste k\u00fclge on v\u00f5imalik paigaldada v\u00f5tmeid v\u00f5i muid kaunistusi. Klambri laius 26mm.<\/p>","protected":false},"excerpt":{"rendered":"<p>Toorikud on m\u00f5eldud erinevate kaunistuste ja v\u00f5tmehoidjate valmistamiseks. Klambri vahele saab paigaldada paela v\u00f5i kanga. R\u00f5ngaste k\u00fclge on v\u00f5imalik paigaldada v\u00f5tmeid v\u00f5i muid kaunistusi. Klambri laius 26mm.<\/p>","protected":false},"featured_media":4049,"template":"","meta":[],"product_brand":[],"product_cat":[263,279,579,271],"product_tag":[],"class_list":{"0":"post-4000","1":"product","2":"type-product","3":"status-publish","4":"has-post-thumbnail","6":"product_cat-brandid","7":"product_cat-kasitooks-vajalik","8":"product_cat-kinnituskonksud","9":"product_cat-opry","11":"first","12":"instock","13":"taxable","14":"shipping-taxable","15":"purchasable","16":"product-type-simple"},"jetpack_sharing_enabled":true,"_links":{"self":[{"href":"https:\/\/becreative.ee\/en\/wp-json\/wp\/v2\/product\/4000","targetHints":{"allow":["GET"]}}],"collection":[{"href":"https:\/\/becreative.ee\/en\/wp-json\/wp\/v2\/product"}],"about":[{"href":"https:\/\/becreative.ee\/en\/wp-json\/wp\/v2\/types\/product"}],"version-history":[{"count":2,"href":"https:\/\/becreative.ee\/en\/wp-json\/wp\/v2\/product\/4000\/revisions"}],"predecessor-version":[{"id":4050,"href":"https:\/\/becreative.ee\/en\/wp-json\/wp\/v2\/product\/4000\/revisions\/4050"}],"wp:featuredmedia":[{"embeddable":true,"href":"https:\/\/becreative.ee\/en\/wp-json\/wp\/v2\/media\/4049"}],"wp:attachment":[{"href":"https:\/\/becreative.ee\/en\/wp-json\/wp\/v2\/media?parent=4000"}],"wp:term":[{"taxonomy":"product_brand","embeddable":true,"href":"https:\/\/becreative.ee\/en\/wp-json\/wp\/v2\/product_brand?post=4000"},{"taxonomy":"product_cat","embeddable":true,"href":"https:\/\/becreative.ee\/en\/wp-json\/wp\/v2\/product_cat?post=4000"},{"taxonomy":"product_tag","embeddable":true,"href":"https:\/\/becreative.ee\/en\/wp-json\/wp\/v2\/product_tag?post=4000"}],"curies":[{"name":"wp","href":"https:\/\/api.w.org\/{rel}","templated":true}]}}