{"id":4006,"date":"2021-10-12T10:41:09","date_gmt":"2021-10-12T10:41:09","guid":{"rendered":"https:\/\/becreative.ee\/?post_type=product&#038;p=4006"},"modified":"2023-12-07T10:41:28","modified_gmt":"2023-12-07T10:41:28","slug":"metallist-rongas-10mm","status":"publish","type":"product","link":"https:\/\/becreative.ee\/en\/product\/metallist-rongas-10mm\/","title":{"rendered":"Metallist r\u00f5ngas 10mm"},"content":{"rendered":"<p>Metallist r\u00f5ngaste kasutusala on k\u00e4sit\u00f6\u00f6s v\u00e4ga suur. Neid v\u00f5ib kasutada riiete ja kodutekstiili valmistamisel, meisterdamisel v\u00f5i m\u00e4nguasjade valmistamisel. R\u00f5nga diameeter 10mm.<\/p>","protected":false},"excerpt":{"rendered":"<p>Metallist r\u00f5ngaste kasutusala on k\u00e4sit\u00f6\u00f6s v\u00e4ga suur. Neid v\u00f5ib kasutada riiete ja kodutekstiili valmistamisel, meisterdamisel v\u00f5i m\u00e4nguasjade valmistamisel. R\u00f5nga diameeter 10mm.<\/p>","protected":false},"featured_media":4007,"template":"","meta":[],"product_brand":[],"product_cat":[263,279,271,340],"product_tag":[],"class_list":{"0":"post-4006","1":"product","2":"type-product","3":"status-publish","4":"has-post-thumbnail","6":"product_cat-brandid","7":"product_cat-kasitooks-vajalik","8":"product_cat-opry","9":"product_cat-rongad","11":"first","12":"instock","13":"taxable","14":"shipping-taxable","15":"purchasable","16":"product-type-simple"},"jetpack_sharing_enabled":true,"_links":{"self":[{"href":"https:\/\/becreative.ee\/en\/wp-json\/wp\/v2\/product\/4006","targetHints":{"allow":["GET"]}}],"collection":[{"href":"https:\/\/becreative.ee\/en\/wp-json\/wp\/v2\/product"}],"about":[{"href":"https:\/\/becreative.ee\/en\/wp-json\/wp\/v2\/types\/product"}],"version-history":[{"count":2,"href":"https:\/\/becreative.ee\/en\/wp-json\/wp\/v2\/product\/4006\/revisions"}],"predecessor-version":[{"id":4052,"href":"https:\/\/becreative.ee\/en\/wp-json\/wp\/v2\/product\/4006\/revisions\/4052"}],"wp:featuredmedia":[{"embeddable":true,"href":"https:\/\/becreative.ee\/en\/wp-json\/wp\/v2\/media\/4007"}],"wp:attachment":[{"href":"https:\/\/becreative.ee\/en\/wp-json\/wp\/v2\/media?parent=4006"}],"wp:term":[{"taxonomy":"product_brand","embeddable":true,"href":"https:\/\/becreative.ee\/en\/wp-json\/wp\/v2\/product_brand?post=4006"},{"taxonomy":"product_cat","embeddable":true,"href":"https:\/\/becreative.ee\/en\/wp-json\/wp\/v2\/product_cat?post=4006"},{"taxonomy":"product_tag","embeddable":true,"href":"https:\/\/becreative.ee\/en\/wp-json\/wp\/v2\/product_tag?post=4006"}],"curies":[{"name":"wp","href":"https:\/\/api.w.org\/{rel}","templated":true}]}}