{"id":4016,"date":"2021-10-12T10:55:10","date_gmt":"2021-10-12T10:55:10","guid":{"rendered":"https:\/\/becreative.ee\/?post_type=product&#038;p=4016"},"modified":"2025-09-08T04:12:26","modified_gmt":"2025-09-08T04:12:26","slug":"tulip-avatud-silmuste-markerid","status":"publish","type":"product","link":"https:\/\/becreative.ee\/en\/product\/tulip-avatud-silmuste-markerid\/","title":{"rendered":"Tulip avatud silmuste markerid"},"content":{"rendered":"<p>Avatud silmuste markerid abistavad teid erinevates kudumise ja heegeldamise projektides. Markereid on lihtne lisada ja \u00e4ra v\u00f5tta. Neid on v\u00f5imalik panna varrastele v\u00f5i otse silmustele. Et kasutamise k\u00e4igus l\u00f5nga ei kahjustataks on markerite ots tehtud \u00f5rnalt kumeraks. Pakis on 7 markerit. Valmistatud Jaapanis.<\/p>","protected":false},"excerpt":{"rendered":"<p>Avatud silmuste markerid abistavad teid erinevates kudumise ja heegeldamise projektides. Markereid on lihtne lisada ja \u00e4ra v\u00f5tta. Neid on v\u00f5imalik panna varrastele v\u00f5i otse silmustele. Et kasutamise k\u00e4igus l\u00f5nga ei kahjustataks on markerite ots tehtud \u00f5rnalt kumeraks. Pakis on 7 markerit.<\/p>","protected":false},"featured_media":4017,"template":"","meta":[],"product_brand":[],"product_cat":[263,783,782,793,792,921],"product_tag":[],"class_list":{"0":"post-4016","1":"product","2":"type-product","3":"status-publish","4":"has-post-thumbnail","6":"product_cat-brandid","7":"product_cat-heegeldamine","8":"product_cat-kudumine","9":"product_cat-markerid-kudumine","10":"product_cat-markerid-heegeldamine","11":"product_cat-tulip","13":"first","14":"instock","15":"taxable","16":"shipping-taxable","17":"purchasable","18":"product-type-variable"},"jetpack_sharing_enabled":true,"_links":{"self":[{"href":"https:\/\/becreative.ee\/en\/wp-json\/wp\/v2\/product\/4016","targetHints":{"allow":["GET"]}}],"collection":[{"href":"https:\/\/becreative.ee\/en\/wp-json\/wp\/v2\/product"}],"about":[{"href":"https:\/\/becreative.ee\/en\/wp-json\/wp\/v2\/types\/product"}],"version-history":[{"count":1,"href":"https:\/\/becreative.ee\/en\/wp-json\/wp\/v2\/product\/4016\/revisions"}],"predecessor-version":[{"id":4018,"href":"https:\/\/becreative.ee\/en\/wp-json\/wp\/v2\/product\/4016\/revisions\/4018"}],"wp:featuredmedia":[{"embeddable":true,"href":"https:\/\/becreative.ee\/en\/wp-json\/wp\/v2\/media\/4017"}],"wp:attachment":[{"href":"https:\/\/becreative.ee\/en\/wp-json\/wp\/v2\/media?parent=4016"}],"wp:term":[{"taxonomy":"product_brand","embeddable":true,"href":"https:\/\/becreative.ee\/en\/wp-json\/wp\/v2\/product_brand?post=4016"},{"taxonomy":"product_cat","embeddable":true,"href":"https:\/\/becreative.ee\/en\/wp-json\/wp\/v2\/product_cat?post=4016"},{"taxonomy":"product_tag","embeddable":true,"href":"https:\/\/becreative.ee\/en\/wp-json\/wp\/v2\/product_tag?post=4016"}],"curies":[{"name":"wp","href":"https:\/\/api.w.org\/{rel}","templated":true}]}}