{"id":4022,"date":"2021-10-12T10:50:58","date_gmt":"2021-10-12T10:50:58","guid":{"rendered":"https:\/\/becreative.ee\/?post_type=product&#038;p=4022"},"modified":"2025-12-08T18:56:21","modified_gmt":"2025-12-08T18:56:21","slug":"sukavarraste-otsakaitse","status":"publish","type":"product","link":"https:\/\/becreative.ee\/en\/product\/sukavarraste-otsakaitse\/","title":{"rendered":"Sukavarraste otsakaitse"},"content":{"rendered":"<p>Sukavarraste otsakaitsmed on v\u00e4ga kasulikud sellel hetkel, kui paned vardad k\u00e4est ja tahad t\u00f6\u00f6d kuhugi kaasa v\u00f5tta. Selleks, et silmused maha ei libiseks paigaldad m\u00f5lemasse otsa otsakaitsmed. Kui aga soovid kududa sukavarrastega pisikest eset, tulevad j\u00e4llegi otsakaitsmed appi ja sukavardad muutuvad pisikesteks kudumisvarrasteks. Lisaks k\u00f5igele n\u00e4evad tulbi kujulised otsakaitsed imelised v\u00e4lja ja sinu vardad muutuvad justkui lilleks. Kaitsmed sobivad varraste suurusele 2-4,5mm. Valmistatud Jaapanis.<\/p>","protected":false},"excerpt":{"rendered":"<p>Sukavarraste otsakaitsmed on v\u00e4ga kasulikud sellel hetkel, kui paned vardad k\u00e4est ja tahad t\u00f6\u00f6d kuhugi kaasa v\u00f5tta. Selleks, et silmused maha ei libiseks paigaldad m\u00f5lemasse otsa otsakaitsmed. Kui aga soovid kududa sukavarrastega pisikest eset, tulevad j\u00e4llegi otsakaitsmed appi ja sukavardad muutuvad pisikesteks kudumisvarrasteks. Lisaks k\u00f5igele n\u00e4evad tulbi kujulised otsakaitsed imelised v\u00e4lja ja sinu vardad muutuvad justkui lilleks. Kaitsmed sobivad varraste suurusele 2-4,5mm.<\/p>","protected":false},"featured_media":4025,"template":"","meta":[],"product_brand":[],"product_cat":[263,782,784,921],"product_tag":[],"class_list":{"0":"post-4022","1":"product","2":"type-product","3":"status-publish","4":"has-post-thumbnail","6":"product_cat-brandid","7":"product_cat-kudumine","8":"product_cat-kudumise-abivahendid","9":"product_cat-tulip","11":"first","12":"instock","13":"taxable","14":"shipping-taxable","15":"purchasable","16":"product-type-variable"},"jetpack_sharing_enabled":true,"_links":{"self":[{"href":"https:\/\/becreative.ee\/en\/wp-json\/wp\/v2\/product\/4022","targetHints":{"allow":["GET"]}}],"collection":[{"href":"https:\/\/becreative.ee\/en\/wp-json\/wp\/v2\/product"}],"about":[{"href":"https:\/\/becreative.ee\/en\/wp-json\/wp\/v2\/types\/product"}],"version-history":[{"count":1,"href":"https:\/\/becreative.ee\/en\/wp-json\/wp\/v2\/product\/4022\/revisions"}],"predecessor-version":[{"id":4024,"href":"https:\/\/becreative.ee\/en\/wp-json\/wp\/v2\/product\/4022\/revisions\/4024"}],"wp:featuredmedia":[{"embeddable":true,"href":"https:\/\/becreative.ee\/en\/wp-json\/wp\/v2\/media\/4025"}],"wp:attachment":[{"href":"https:\/\/becreative.ee\/en\/wp-json\/wp\/v2\/media?parent=4022"}],"wp:term":[{"taxonomy":"product_brand","embeddable":true,"href":"https:\/\/becreative.ee\/en\/wp-json\/wp\/v2\/product_brand?post=4022"},{"taxonomy":"product_cat","embeddable":true,"href":"https:\/\/becreative.ee\/en\/wp-json\/wp\/v2\/product_cat?post=4022"},{"taxonomy":"product_tag","embeddable":true,"href":"https:\/\/becreative.ee\/en\/wp-json\/wp\/v2\/product_tag?post=4022"}],"curies":[{"name":"wp","href":"https:\/\/api.w.org\/{rel}","templated":true}]}}