{"id":4030,"date":"2021-10-08T08:16:51","date_gmt":"2021-10-08T08:16:51","guid":{"rendered":"https:\/\/becreative.ee\/?post_type=product&#038;p=4030"},"modified":"2021-10-12T07:41:12","modified_gmt":"2021-10-12T07:41:12","slug":"tekstiga-jarjehoidja","status":"publish","type":"product","link":"https:\/\/becreative.ee\/en\/product\/tekstiga-jarjehoidja\/","title":{"rendered":"Tekstiga j\u00e4rjehoidja"},"content":{"rendered":"<p>K\u00e4sit\u00f6\u00f6na valminud j\u00e4rjehoidja on heaks kingituseks inimesele, kes armastab lugeda. J\u00e4rjehoidjat ehib tsitaat &#8220;Inimene, kelle k\u00e4tes on hea raamat, ei saa kunagi olla \u00fcksildane&#8221;. J\u00e4rjehoidja m\u00f5\u00f5dud on 20,5&#215;5,5cm.<\/p>","protected":false},"excerpt":{"rendered":"<p>K\u00e4sit\u00f6\u00f6na valminud j\u00e4rjehoidja on heaks kingituseks inimesele, kes armastab lugeda. J\u00e4rjehoidjat ehib tsitaat &#8220;Inimene, kelle k\u00e4tes on hea raamat, ei saa kunagi olla \u00fcksildane&#8221;. J\u00e4rjehoidja m\u00f5\u00f5dud on 20,5&#215;5,5cm.<\/p>","protected":false},"featured_media":4043,"template":"","meta":[],"product_brand":[],"product_cat":[926],"product_tag":[],"class_list":{"0":"post-4030","1":"product","2":"type-product","3":"status-publish","4":"has-post-thumbnail","6":"product_cat-kasitoo","8":"first","9":"instock","10":"taxable","11":"shipping-taxable","12":"purchasable","13":"product-type-variable"},"jetpack_sharing_enabled":true,"_links":{"self":[{"href":"https:\/\/becreative.ee\/en\/wp-json\/wp\/v2\/product\/4030","targetHints":{"allow":["GET"]}}],"collection":[{"href":"https:\/\/becreative.ee\/en\/wp-json\/wp\/v2\/product"}],"about":[{"href":"https:\/\/becreative.ee\/en\/wp-json\/wp\/v2\/types\/product"}],"version-history":[{"count":1,"href":"https:\/\/becreative.ee\/en\/wp-json\/wp\/v2\/product\/4030\/revisions"}],"predecessor-version":[{"id":4031,"href":"https:\/\/becreative.ee\/en\/wp-json\/wp\/v2\/product\/4030\/revisions\/4031"}],"wp:featuredmedia":[{"embeddable":true,"href":"https:\/\/becreative.ee\/en\/wp-json\/wp\/v2\/media\/4043"}],"wp:attachment":[{"href":"https:\/\/becreative.ee\/en\/wp-json\/wp\/v2\/media?parent=4030"}],"wp:term":[{"taxonomy":"product_brand","embeddable":true,"href":"https:\/\/becreative.ee\/en\/wp-json\/wp\/v2\/product_brand?post=4030"},{"taxonomy":"product_cat","embeddable":true,"href":"https:\/\/becreative.ee\/en\/wp-json\/wp\/v2\/product_cat?post=4030"},{"taxonomy":"product_tag","embeddable":true,"href":"https:\/\/becreative.ee\/en\/wp-json\/wp\/v2\/product_tag?post=4030"}],"curies":[{"name":"wp","href":"https:\/\/api.w.org\/{rel}","templated":true}]}}