{"id":4056,"date":"2021-10-12T11:23:56","date_gmt":"2021-10-12T11:23:56","guid":{"rendered":"https:\/\/becreative.ee\/?post_type=product&#038;p=4056"},"modified":"2021-10-12T11:23:56","modified_gmt":"2021-10-12T11:23:56","slug":"clover-kangaklambrid","status":"publish","type":"product","link":"https:\/\/becreative.ee\/en\/product\/clover-kangaklambrid\/","title":{"rendered":"Clover kangaklambrid"},"content":{"rendered":"<p>Cloveri k\u00e4ep\u00e4rased kangaklambrid on suurep\u00e4rane alternatiiv n\u00f6\u00f6pn\u00f5eltele ja eriti kasulikud on need materjalide puhul, mis ei talu aukude tegemist (nahk, vin\u00fc\u00fcl). T\u00e4nu l\u00e4bipaistvale \u00fclemisele osale on kinnitatud kangast kenasti n\u00e4ha. K\u00e4ep\u00e4rases plastikust karbis on 50 klambrit. Et klambri kinnitamine oleks veelgi lihtsam on klambri alumisel osal\u00a0 5, 7 ja 10mm m\u00e4rgised. Valmistatud Jaapanis.<\/p>","protected":false},"excerpt":{"rendered":"<p>Cloveri k\u00e4ep\u00e4rased kangaklambrid on suurep\u00e4rane alternatiiv n\u00f6\u00f6pn\u00f5eltele ja eriti kasulikud on need materjalide puhul, mis ei talu aukude tegemist (nahk, vin\u00fc\u00fcl). T\u00e4nu l\u00e4bipaistvale \u00fclemisele osale on kinnitatud kangast kenasti n\u00e4ha. K\u00e4ep\u00e4rases plastikust karbis on 50 klambrit. Et klambri kinnitamine oleks veelgi lihtsam on klambri alumisel osal\u00a0 5, 7 ja 10mm m\u00e4rgised.<\/p>","protected":false},"featured_media":4057,"template":"","meta":[],"product_brand":[],"product_cat":[263,503,933,932],"product_tag":[],"class_list":{"0":"post-4056","1":"product","2":"type-product","3":"status-publish","4":"has-post-thumbnail","6":"product_cat-brandid","7":"product_cat-clover","8":"product_cat-kinnitusvahendid-omblemine","9":"product_cat-omblemine","11":"first","12":"instock","13":"taxable","14":"shipping-taxable","15":"purchasable","16":"product-type-simple"},"jetpack_sharing_enabled":true,"_links":{"self":[{"href":"https:\/\/becreative.ee\/en\/wp-json\/wp\/v2\/product\/4056","targetHints":{"allow":["GET"]}}],"collection":[{"href":"https:\/\/becreative.ee\/en\/wp-json\/wp\/v2\/product"}],"about":[{"href":"https:\/\/becreative.ee\/en\/wp-json\/wp\/v2\/types\/product"}],"version-history":[{"count":1,"href":"https:\/\/becreative.ee\/en\/wp-json\/wp\/v2\/product\/4056\/revisions"}],"predecessor-version":[{"id":4059,"href":"https:\/\/becreative.ee\/en\/wp-json\/wp\/v2\/product\/4056\/revisions\/4059"}],"wp:featuredmedia":[{"embeddable":true,"href":"https:\/\/becreative.ee\/en\/wp-json\/wp\/v2\/media\/4057"}],"wp:attachment":[{"href":"https:\/\/becreative.ee\/en\/wp-json\/wp\/v2\/media?parent=4056"}],"wp:term":[{"taxonomy":"product_brand","embeddable":true,"href":"https:\/\/becreative.ee\/en\/wp-json\/wp\/v2\/product_brand?post=4056"},{"taxonomy":"product_cat","embeddable":true,"href":"https:\/\/becreative.ee\/en\/wp-json\/wp\/v2\/product_cat?post=4056"},{"taxonomy":"product_tag","embeddable":true,"href":"https:\/\/becreative.ee\/en\/wp-json\/wp\/v2\/product_tag?post=4056"}],"curies":[{"name":"wp","href":"https:\/\/api.w.org\/{rel}","templated":true}]}}