{"id":4060,"date":"2021-10-12T12:12:02","date_gmt":"2021-10-12T12:12:02","guid":{"rendered":"https:\/\/becreative.ee\/?post_type=product&#038;p=4060"},"modified":"2023-07-20T11:55:18","modified_gmt":"2023-07-20T11:55:18","slug":"riidest-naomaski-traat","status":"publish","type":"product","link":"https:\/\/becreative.ee\/en\/product\/riidest-naomaski-traat\/","title":{"rendered":"Riidest n\u00e4omaski traat"},"content":{"rendered":"<p>Maskide kandmine on muutunud igap\u00e4evaseks ja kui on soov mask ise valmis \u00f5mmelda, siis see toode on m\u00f5eldud spetsiaalselt selleks otstarbeks. Lamedad roostevabast terasest ribad painduvad kergesti \u00fcmber nina ja valmistatud maski on selliselt mugavam ja turvalisem kanda. Laius 3mm, pikkus 101mm. Pestav kuni 95 kraadise veega. Pakis on 8 traati.<\/p>","protected":false},"excerpt":{"rendered":"<p>Maskide kandmine on muutunud igap\u00e4evaseks ja kui on soov mask ise valmis \u00f5mmelda, siis see toode on m\u00f5eldud spetsiaalselt selleks otstarbeks. Lamedad roostevabast terasest ribad painduvad kergesti \u00fcmber nina ja valmistatud maski on selliselt mugavam ja turvalisem kanda. Laius 3mm, pikkus 101mm. Pestav kuni 95 kraadise veega. Pakis on 8 traati.<\/p>","protected":false},"featured_media":4061,"template":"","meta":[],"product_brand":[],"product_cat":[263,279,932,272,934,1059],"product_tag":[],"class_list":{"0":"post-4060","1":"product","2":"type-product","3":"status-publish","4":"has-post-thumbnail","6":"product_cat-brandid","7":"product_cat-kasitooks-vajalik","8":"product_cat-omblemine","9":"product_cat-prym","10":"product_cat-tarvikud","11":"product_cat-traat","13":"first","14":"instock","15":"taxable","16":"shipping-taxable","17":"purchasable","18":"product-type-simple"},"jetpack_sharing_enabled":true,"_links":{"self":[{"href":"https:\/\/becreative.ee\/en\/wp-json\/wp\/v2\/product\/4060","targetHints":{"allow":["GET"]}}],"collection":[{"href":"https:\/\/becreative.ee\/en\/wp-json\/wp\/v2\/product"}],"about":[{"href":"https:\/\/becreative.ee\/en\/wp-json\/wp\/v2\/types\/product"}],"version-history":[{"count":1,"href":"https:\/\/becreative.ee\/en\/wp-json\/wp\/v2\/product\/4060\/revisions"}],"predecessor-version":[{"id":4063,"href":"https:\/\/becreative.ee\/en\/wp-json\/wp\/v2\/product\/4060\/revisions\/4063"}],"wp:featuredmedia":[{"embeddable":true,"href":"https:\/\/becreative.ee\/en\/wp-json\/wp\/v2\/media\/4061"}],"wp:attachment":[{"href":"https:\/\/becreative.ee\/en\/wp-json\/wp\/v2\/media?parent=4060"}],"wp:term":[{"taxonomy":"product_brand","embeddable":true,"href":"https:\/\/becreative.ee\/en\/wp-json\/wp\/v2\/product_brand?post=4060"},{"taxonomy":"product_cat","embeddable":true,"href":"https:\/\/becreative.ee\/en\/wp-json\/wp\/v2\/product_cat?post=4060"},{"taxonomy":"product_tag","embeddable":true,"href":"https:\/\/becreative.ee\/en\/wp-json\/wp\/v2\/product_tag?post=4060"}],"curies":[{"name":"wp","href":"https:\/\/api.w.org\/{rel}","templated":true}]}}