{"id":4076,"date":"2021-10-18T07:25:37","date_gmt":"2021-10-18T07:25:37","guid":{"rendered":"https:\/\/becreative.ee\/?post_type=product&#038;p=4076"},"modified":"2022-07-28T14:19:34","modified_gmt":"2022-07-28T14:19:34","slug":"heegeldatud-mutsi-muster","status":"publish","type":"product","link":"https:\/\/becreative.ee\/en\/product\/heegeldatud-mutsi-muster\/","title":{"rendered":"Heegeldatud m\u00fctsi muster"},"content":{"rendered":"<p>Heegeldatud m\u00fctsi mustri, mida saab kanda erinevatel k\u00fclmadel aastaaegadel, disaineriks on Susan Walsh. M\u00fcts on m\u00f5eldud suurusele S (pea \u00fcmberm\u00f5\u00f5t 53-58cm). 8 lehek\u00fcljelisel, A5 suurusel voldikul, on samm-sammult kirjeldatud m\u00fctsi heegeldamist. \u00d5petus on ingliskeelne. Heegeldamisel kasutatakse 4,5mm heegeln\u00f5ela ja sellele vastavat l\u00f5nga.<\/p>","protected":false},"excerpt":{"rendered":"<p>Heegeldatud m\u00fctsi mustri, mida saab kanda erinevatel k\u00fclmadel aastaaegadel, disaineriks on Susan Walsh. M\u00fcts on m\u00f5eldud suurusele S (pea \u00fcmberm\u00f5\u00f5t 53-58cm). 8 lehek\u00fcljelisel, A5 suurusel voldikul, on samm-sammult kirjeldatud m\u00fctsi heegeldamist. \u00d5petus on ingliskeelne. Heegeldamisel kasutatakse 4,5mm heegeln\u00f5ela ja sellele vastavat l\u00f5nga.<\/p>","protected":false},"featured_media":4077,"template":"","meta":[],"product_brand":[],"product_cat":[263,584,264],"product_tag":[],"class_list":{"0":"post-4076","1":"product","2":"type-product","3":"status-publish","4":"has-post-thumbnail","6":"product_cat-brandid","7":"product_cat-mustrid","8":"product_cat-scheepjes","10":"first","11":"instock","12":"taxable","13":"shipping-taxable","14":"purchasable","15":"product-type-simple"},"jetpack_sharing_enabled":true,"_links":{"self":[{"href":"https:\/\/becreative.ee\/en\/wp-json\/wp\/v2\/product\/4076","targetHints":{"allow":["GET"]}}],"collection":[{"href":"https:\/\/becreative.ee\/en\/wp-json\/wp\/v2\/product"}],"about":[{"href":"https:\/\/becreative.ee\/en\/wp-json\/wp\/v2\/types\/product"}],"version-history":[{"count":1,"href":"https:\/\/becreative.ee\/en\/wp-json\/wp\/v2\/product\/4076\/revisions"}],"predecessor-version":[{"id":4081,"href":"https:\/\/becreative.ee\/en\/wp-json\/wp\/v2\/product\/4076\/revisions\/4081"}],"wp:featuredmedia":[{"embeddable":true,"href":"https:\/\/becreative.ee\/en\/wp-json\/wp\/v2\/media\/4077"}],"wp:attachment":[{"href":"https:\/\/becreative.ee\/en\/wp-json\/wp\/v2\/media?parent=4076"}],"wp:term":[{"taxonomy":"product_brand","embeddable":true,"href":"https:\/\/becreative.ee\/en\/wp-json\/wp\/v2\/product_brand?post=4076"},{"taxonomy":"product_cat","embeddable":true,"href":"https:\/\/becreative.ee\/en\/wp-json\/wp\/v2\/product_cat?post=4076"},{"taxonomy":"product_tag","embeddable":true,"href":"https:\/\/becreative.ee\/en\/wp-json\/wp\/v2\/product_tag?post=4076"}],"curies":[{"name":"wp","href":"https:\/\/api.w.org\/{rel}","templated":true}]}}