{"id":4095,"date":"2021-11-11T08:55:29","date_gmt":"2021-11-11T08:55:29","guid":{"rendered":"https:\/\/becreative.ee\/?post_type=product&#038;p=4095"},"modified":"2025-09-27T16:50:31","modified_gmt":"2025-09-27T16:50:31","slug":"termosiirdepaber-heledale-kangale","status":"publish","type":"product","link":"https:\/\/becreative.ee\/en\/product\/termosiirdepaber-heledale-kangale\/","title":{"rendered":"Termosiirdepaber heledale kangale"},"content":{"rendered":"<p>Selleks, et valmistada midagi oman\u00e4olist, on tarvis just sellist paberit. Loo ise v\u00f5i vali endale meeldiv pilt, prindi see spetsiaalsele paberile ja kanna triikrauaga v\u00f5i kuumpressiga kangale. Antud paber sobib kasutamiseks laserprinteriga ning prinditud pilti saab kanda valgele ja heledale kangale.<\/p>\n<p>&nbsp;<\/p>\n<p>PAIGALDUS:<\/p>\n<p>Temperatuur: 200<span class=\"font0\">\u00a0<\/span><sup>0<\/sup><span class=\"font0\">C<\/span><\/p>\n<p>Aeg: 15 sekundit kilega + 10 sekundit kileta<\/p>\n<p>Surve: tugev<\/p>\n<p>Taustakile eemaldamine: kuumalt<\/p>\n<p>&nbsp;<\/p>\n<p>PESEMINE:<\/p>\n<p>Esimene pesu tee vajadusel peale 24h. V\u00f5imalusel p\u00f6\u00f6ra pahupool.<\/p>\n<p><img decoding=\"async\" class=\"alignnone size-full wp-image-299\" src=\"https:\/\/becreative.ee\/wp-content\/uploads\/2020\/03\/valgendamine-keelatud.png\" alt=\"\" width=\"50\" height=\"50\" \/> <img decoding=\"async\" class=\"alignnone size-full wp-image-1286\" src=\"https:\/\/becreative.ee\/wp-content\/uploads\/2020\/04\/pesemine_40-kraadi.png\" alt=\"\" width=\"50\" height=\"50\" \/> <img decoding=\"async\" class=\"alignnone size-full wp-image-298\" src=\"https:\/\/becreative.ee\/wp-content\/uploads\/2020\/03\/trummelkuivatus_keelatud.png\" alt=\"\" width=\"50\" height=\"50\" \/> <img loading=\"lazy\" decoding=\"async\" class=\"alignnone size-full wp-image-1408\" src=\"https:\/\/becreative.ee\/wp-content\/uploads\/2020\/05\/keemiline_puhastus_keelatud.png\" alt=\"\" width=\"50\" height=\"50\" \/><\/p>","protected":false},"excerpt":{"rendered":"<p>Selleks, et valmistada midagi oman\u00e4olist, on tarvis just sellist paberit. Loo ise v\u00f5i vali endale meeldiv pilt, prindi see spetsiaalsele paberile ja kanna triikrauaga v\u00f5i kuumpressiga kangale. Antud paber sobib kasutamiseks laserprinteriga ning prinditud pilti saab kanda valgele ja heledale kangale.<\/p>","protected":false},"featured_media":4195,"template":"","meta":[],"product_brand":[],"product_cat":[263,872,855,871],"product_tag":[],"class_list":{"0":"post-4095","1":"product","2":"type-product","3":"status-publish","4":"has-post-thumbnail","6":"product_cat-brandid","7":"product_cat-kuumpresskile-iron-on","8":"product_cat-siser","9":"product_cat-vahendid-loikemasinatele","11":"first","12":"instock","13":"taxable","14":"shipping-taxable","15":"purchasable","16":"product-type-simple"},"jetpack_sharing_enabled":true,"_links":{"self":[{"href":"https:\/\/becreative.ee\/en\/wp-json\/wp\/v2\/product\/4095","targetHints":{"allow":["GET"]}}],"collection":[{"href":"https:\/\/becreative.ee\/en\/wp-json\/wp\/v2\/product"}],"about":[{"href":"https:\/\/becreative.ee\/en\/wp-json\/wp\/v2\/types\/product"}],"version-history":[{"count":3,"href":"https:\/\/becreative.ee\/en\/wp-json\/wp\/v2\/product\/4095\/revisions"}],"predecessor-version":[{"id":4200,"href":"https:\/\/becreative.ee\/en\/wp-json\/wp\/v2\/product\/4095\/revisions\/4200"}],"wp:featuredmedia":[{"embeddable":true,"href":"https:\/\/becreative.ee\/en\/wp-json\/wp\/v2\/media\/4195"}],"wp:attachment":[{"href":"https:\/\/becreative.ee\/en\/wp-json\/wp\/v2\/media?parent=4095"}],"wp:term":[{"taxonomy":"product_brand","embeddable":true,"href":"https:\/\/becreative.ee\/en\/wp-json\/wp\/v2\/product_brand?post=4095"},{"taxonomy":"product_cat","embeddable":true,"href":"https:\/\/becreative.ee\/en\/wp-json\/wp\/v2\/product_cat?post=4095"},{"taxonomy":"product_tag","embeddable":true,"href":"https:\/\/becreative.ee\/en\/wp-json\/wp\/v2\/product_tag?post=4095"}],"curies":[{"name":"wp","href":"https:\/\/api.w.org\/{rel}","templated":true}]}}