{"id":4136,"date":"2021-11-09T08:45:48","date_gmt":"2021-11-09T08:45:48","guid":{"rendered":"https:\/\/becreative.ee\/?post_type=product&#038;p=4136"},"modified":"2023-07-24T18:10:21","modified_gmt":"2023-07-24T18:10:21","slug":"sametine-kuumpresskile-iron-on","status":"publish","type":"product","link":"https:\/\/becreative.ee\/en\/product\/sametine-kuumpresskile-iron-on\/","title":{"rendered":"Sametine kuumpresskile (iron-on)"},"content":{"rendered":"<p>Kui on soov saavutada sametine tulemus, on StripFlock Pro kuumpresskile just \u00f5ige valik. Toodet saab paigaldada puuvillasele kangale, pol\u00fcestrile ning nende segudele. Ei sobi kasutada sublimatsiooni tintidega v\u00e4rvitud kangastel. Kuumpresskilet on v\u00f5imalik kasutada k\u00f5ige pealmise kihina. Taustakile on kleepuv ja t\u00e4nu sellele on kujutise paigaldamine lihtsam. Kile paksus on ligikaudu 650 mikronit. Lehe suurus 30x50cm.<\/p>\n<p>&nbsp;<\/p>\n<p>PAIGALDUS:<\/p>\n<p>Temperatuur:\u00a0<span class=\"font0\">155 <\/span><sup>0<\/sup><span class=\"font0\">C\u00a0<\/span><\/p>\n<p>Aeg: 15 sekundit<\/p>\n<p>Surve: keskmine<\/p>\n<p>Taustakile eemaldamine: kuumalt<\/p>\n<p>&nbsp;<\/p>\n<p>PESEMINE:<\/p>\n<p>Esimene pesu tee vajadusel peale 24h. V\u00f5imalusel p\u00f6\u00f6ra pahupool.<\/p>\n<p><img decoding=\"async\" class=\"alignnone size-full wp-image-299\" src=\"https:\/\/becreative.ee\/wp-content\/uploads\/2020\/03\/valgendamine-keelatud.png\" alt=\"\" width=\"50\" height=\"50\" \/> <img decoding=\"async\" class=\"alignnone size-full wp-image-2931\" src=\"https:\/\/becreative.ee\/wp-content\/uploads\/2021\/02\/pesemine_60-kraadi.png\" alt=\"\" width=\"50\" height=\"50\" srcset=\"https:\/\/becreative.ee\/wp-content\/uploads\/2021\/02\/pesemine_60-kraadi.png 50w, https:\/\/becreative.ee\/wp-content\/uploads\/2021\/02\/pesemine_60-kraadi-12x12.png 12w\" sizes=\"(max-width: 50px) 100vw, 50px\" \/> <img decoding=\"async\" class=\"alignnone size-full wp-image-3902\" src=\"https:\/\/becreative.ee\/wp-content\/uploads\/2021\/09\/trummelkuivatus-on-lubatud.png\" alt=\"\" width=\"50\" height=\"50\" srcset=\"https:\/\/becreative.ee\/wp-content\/uploads\/2021\/09\/trummelkuivatus-on-lubatud.png 50w, https:\/\/becreative.ee\/wp-content\/uploads\/2021\/09\/trummelkuivatus-on-lubatud-12x12.png 12w\" sizes=\"(max-width: 50px) 100vw, 50px\" \/><\/p>\n<p>&nbsp;<\/p>\n<p>Toode vastab REACH n\u00f5uetele, on sertifitseeritud Oeko-Tex Standard 100 klassi I j\u00e4rgi ning omab VeganOK sertifikaati.<\/p>","protected":false},"excerpt":{"rendered":"<p>Kui on soov saavutada sametine tulemus, on StripFlock Pro kuumpresskile just \u00f5ige valik. Toodet saab paigaldada puuvillasele kangale, pol\u00fcestrile ning nende segudele. Ei sobi kasutada sublimatsiooni tintidega v\u00e4rvitud kangastel. Kuumpresskilet on v\u00f5imalik kasutada k\u00f5ige pealmise kihina. Taustakile on kleepuv ja t\u00e4nu sellele on kujutise paigaldamine lihtsam. Kile paksus on ligikaudu 650 mikronit. Lehe suurus 30x50cm.<\/p>","protected":false},"featured_media":4146,"template":"","meta":[],"product_brand":[],"product_cat":[872,871],"product_tag":[],"class_list":{"0":"post-4136","1":"product","2":"type-product","3":"status-publish","4":"has-post-thumbnail","6":"product_cat-kuumpresskile-iron-on","7":"product_cat-vahendid-loikemasinatele","9":"first","10":"instock","11":"taxable","12":"shipping-taxable","13":"purchasable","14":"product-type-variable"},"jetpack_sharing_enabled":true,"_links":{"self":[{"href":"https:\/\/becreative.ee\/en\/wp-json\/wp\/v2\/product\/4136","targetHints":{"allow":["GET"]}}],"collection":[{"href":"https:\/\/becreative.ee\/en\/wp-json\/wp\/v2\/product"}],"about":[{"href":"https:\/\/becreative.ee\/en\/wp-json\/wp\/v2\/types\/product"}],"version-history":[{"count":2,"href":"https:\/\/becreative.ee\/en\/wp-json\/wp\/v2\/product\/4136\/revisions"}],"predecessor-version":[{"id":4147,"href":"https:\/\/becreative.ee\/en\/wp-json\/wp\/v2\/product\/4136\/revisions\/4147"}],"wp:featuredmedia":[{"embeddable":true,"href":"https:\/\/becreative.ee\/en\/wp-json\/wp\/v2\/media\/4146"}],"wp:attachment":[{"href":"https:\/\/becreative.ee\/en\/wp-json\/wp\/v2\/media?parent=4136"}],"wp:term":[{"taxonomy":"product_brand","embeddable":true,"href":"https:\/\/becreative.ee\/en\/wp-json\/wp\/v2\/product_brand?post=4136"},{"taxonomy":"product_cat","embeddable":true,"href":"https:\/\/becreative.ee\/en\/wp-json\/wp\/v2\/product_cat?post=4136"},{"taxonomy":"product_tag","embeddable":true,"href":"https:\/\/becreative.ee\/en\/wp-json\/wp\/v2\/product_tag?post=4136"}],"curies":[{"name":"wp","href":"https:\/\/api.w.org\/{rel}","templated":true}]}}